{"id":160,"date":"2024-10-27T20:09:29","date_gmt":"2024-10-27T17:09:29","guid":{"rendered":"https:\/\/kakadoo-stu.de\/?page_id=160"},"modified":"2026-04-28T15:49:10","modified_gmt":"2026-04-28T12:49:10","slug":"impressum","status":"publish","type":"page","link":"https:\/\/kakadoo-stu.de\/uk\/impressum\/","title":{"rendered":"Impressum"},"content":{"rendered":"<h2 class=\"wp-block-heading\"><strong>Angaben gem\u00e4\u00df \u00a7 5 TMG<\/strong><\/h2>\n\n\n\n<p><strong>Kakadoo Studio (Einzelunternehmen)<\/strong><br>Inhaberin: \u0410\u043b\u0456\u043d\u0430 \u0421\u0435\u0440\u0433\u0454\u0454\u0432\u0430<br>\u0413\u0430\u0443\u043f\u0442\u0448\u0442\u0440\u0430\u0441\u0441\u0435 24<br>14806 Dahnsdorf<br>Deutschland<\/p>\n\n\n\n<h2 class=\"wp-block-heading\"><strong>Kontakt<\/strong><\/h2>\n\n\n\n<p>Telefon: +49 176 642 122 36<br>E-Mail: <a>info@kakadoo-stu.de<\/a><\/p>\n\n\n\n<h2 class=\"wp-block-heading\"><strong>Steuerliche Angaben<\/strong><\/h2>\n\n\n\n<p>Steuernummer: 13 679 534829<\/p>\n\n\n\n<h3 class=\"wp-block-heading\"><strong>Verbraucherstreitbeilegung \/ Universalschlichtungsstelle<\/strong><\/h3>\n\n\n\n<p>Wir sind nicht bereit oder verpflichtet, an Streitbeilegungsverfahren vor einer Verbraucherschlichtungsstelle teilzunehmen.<\/p>\n\n\n\n<p>Hinweis gem\u00e4\u00df \u00a7 19 UStG:<br>Als Kleinunternehmer im Sinne des \u00a7 19 UStG wird keine Umsatzsteuer berechnet.<\/p>\n\n\n\n<p>Online-Streitbeilegung (OS-Plattform)<br>Die Europ\u00e4ische Kommission stellt eine Plattform zur Online-Streitbeilegung (OS) bereit:<br>https:\/\/ec.europa.eu\/consumers\/odr\/<\/p>\n\n\n\n<h3 class=\"wp-block-heading\"><strong>Haftung f\u00fcr Inhalte<\/strong><\/h3>\n\n\n\n<p>Als Diensteanbieter sind wir gem\u00e4\u00df \u00a7 7 Abs. 1 TMG f\u00fcr eigene Inhalte auf diesen Seiten nach den allgemeinen Gesetzen verantwortlich.<br>Nach \u00a7\u00a7 8 bis 10 TMG sind wir jedoch nicht verpflichtet, \u00fcbermittelte oder gespeicherte fremde Informationen zu \u00fcberwachen oder nach Umst\u00e4nden zu forschen, die auf eine rechtswidrige T\u00e4tigkeit hinweisen.<\/p>\n\n\n\n<p>Verpflichtungen zur Entfernung oder Sperrung der Nutzung von Informationen nach den allgemeinen Gesetzen bleiben hiervon unber\u00fchrt.<br>Eine diesbez\u00fcgliche Haftung ist jedoch erst ab dem Zeitpunkt der Kenntnis einer konkreten Rechtsverletzung m\u00f6glich.<br>Bei Bekanntwerden von entsprechenden Rechtsverletzungen werden wir diese Inhalte umgehend entfernen.<\/p>\n\n\n\n<h3 class=\"wp-block-heading\"><strong>Haftung f\u00fcr Links<\/strong><\/h3>\n\n\n\n<p>Unser Angebot enth\u00e4lt Links zu externen Websites Dritter, auf deren Inhalte wir keinen Einfluss haben.<br>Deshalb k\u00f6nnen wir f\u00fcr diese fremden Inhalte auch keine Gew\u00e4hr \u00fcbernehmen.<\/p>\n\n\n\n<p>F\u00fcr die Inhalte der verlinkten Seiten ist stets der jeweilige Anbieter oder Betreiber der Seiten verantwortlich.<br>Rechtswidrige Inhalte waren zum Zeitpunkt der Verlinkung nicht erkennbar.<\/p>\n\n\n\n<p>Eine permanente inhaltliche Kontrolle der verlinkten Seiten ist jedoch ohne konkrete Anhaltspunkte einer Rechtsverletzung nicht zumutbar.<br>Bei Bekanntwerden von Rechtsverletzungen werden wir derartige Links umgehend entfernen.<\/p>\n\n\n\n<h3 class=\"wp-block-heading\"><strong>\u0423\u0440\u0433\u0435\u0431\u0435\u0440\u0440\u0435\u0445\u0442<\/strong><\/h3>\n\n\n\n<p>Die durch die Seitenbetreiber erstellten Inhalte und Werke auf diesen Seiten unterliegen dem deutschen Urheberrecht.<br>Beitr\u00e4ge Dritter sind als solche gekennzeichnet.<\/p>\n\n\n\n<p>Die Vervielf\u00e4ltigung, Bearbeitung, Verbreitung und jede Art der Verwertung au\u00dferhalb der Grenzen des Urheberrechts bed\u00fcrfen der schriftlichen Zustimmung des jeweiligen Autors bzw. Erstellers.<\/p>\n\n\n\n<p>Downloads und Kopien dieser Seite sind nur f\u00fcr den privaten, nicht kommerziellen Gebrauch gestattet.<\/p>","protected":false},"excerpt":{"rendered":"<p>Angaben gem\u00e4\u00df \u00a7 5 TMG Kakadoo Studio (Einzelunternehmen)Inhaberin: Alina SerhieievaHauptstra\u00dfe 2414806 DahnsdorfDeutschland Kontakt Telefon: +49 176 642 122 36E-Mail: info@kakadoo-stu.de Steuerliche Angaben Steuernummer: 13 679 534829 Verbraucherstreitbeilegung \/ Universalschlichtungsstelle Wir sind nicht bereit oder verpflichtet, an Streitbeilegungsverfahren vor einer Verbraucherschlichtungsstelle teilzunehmen. Hinweis gem\u00e4\u00df \u00a7 19 UStG:Als Kleinunternehmer im Sinne des \u00a7 19 UStG wird keine [&hellip;]<\/p>\n","protected":false},"author":1,"featured_media":215,"parent":0,"menu_order":0,"comment_status":"closed","ping_status":"closed","template":"templates\/template-full-width.php","meta":{"footnotes":""},"class_list":["post-160","page","type-page","status-publish","has-post-thumbnail","hentry"],"yoast_head":"<!-- This site is optimized with the Yoast SEO plugin v27.5 - https:\/\/yoast.com\/product\/yoast-seo-wordpress\/ -->\n<title>Impressum - Web \u0441\u0442\u0443\u0434\u0438\u044f Kakadoo<\/title>\n<meta name=\"robots\" content=\"index, follow, max-snippet:-1, max-image-preview:large, max-video-preview:-1\" \/>\n<link rel=\"canonical\" href=\"https:\/\/kakadoo-stu.de\/uk\/impressum\/\" \/>\n<meta name=\"twitter:card\" content=\"summary_large_image\" \/>\n<meta name=\"twitter:title\" content=\"Impressum - Web \u0441\u0442\u0443\u0434\u0438\u044f Kakadoo\" \/>\n<meta name=\"twitter:description\" content=\"Angaben gem\u00e4\u00df \u00a7 5 TMG Kakadoo Studio (Einzelunternehmen)Inhaberin: Alina SerhieievaHauptstra\u00dfe 2414806 DahnsdorfDeutschland Kontakt Telefon: +49 176 642 122 36E-Mail: info@kakadoo-stu.de Steuerliche Angaben Steuernummer: 13 679 534829 Verbraucherstreitbeilegung \/ Universalschlichtungsstelle Wir sind nicht bereit oder verpflichtet, an Streitbeilegungsverfahren vor einer Verbraucherschlichtungsstelle teilzunehmen. Hinweis gem\u00e4\u00df \u00a7 19 UStG:Als Kleinunternehmer im Sinne des \u00a7 19 UStG wird keine [&hellip;]\" \/>\n<meta name=\"twitter:image\" content=\"https:\/\/kakadoo-stu.de\/wp-content\/uploads\/2024\/10\/transparent-logo.png\" \/>\n<script type=\"application\/ld+json\" class=\"yoast-schema-graph\">{\"@context\":\"https:\\\/\\\/schema.org\",\"@graph\":[{\"@type\":\"WebPage\",\"@id\":\"https:\\\/\\\/kakadoo-stu.de\\\/impressum\\\/\",\"url\":\"https:\\\/\\\/kakadoo-stu.de\\\/impressum\\\/\",\"name\":\"Impressum - Web \u0441\u0442\u0443\u0434\u0438\u044f Kakadoo\",\"isPartOf\":{\"@id\":\"https:\\\/\\\/kakadoo-stu.de\\\/#website\"},\"primaryImageOfPage\":{\"@id\":\"https:\\\/\\\/kakadoo-stu.de\\\/impressum\\\/#primaryimage\"},\"image\":{\"@id\":\"https:\\\/\\\/kakadoo-stu.de\\\/impressum\\\/#primaryimage\"},\"thumbnailUrl\":\"https:\\\/\\\/kakadoo-stu.de\\\/wp-content\\\/uploads\\\/2024\\\/10\\\/transparent-logo.png\",\"datePublished\":\"2024-10-27T17:09:29+00:00\",\"dateModified\":\"2026-04-28T12:49:10+00:00\",\"breadcrumb\":{\"@id\":\"https:\\\/\\\/kakadoo-stu.de\\\/impressum\\\/#breadcrumb\"},\"inLanguage\":\"uk\",\"potentialAction\":[{\"@type\":\"ReadAction\",\"target\":[\"https:\\\/\\\/kakadoo-stu.de\\\/impressum\\\/\"]}]},{\"@type\":\"ImageObject\",\"inLanguage\":\"uk\",\"@id\":\"https:\\\/\\\/kakadoo-stu.de\\\/impressum\\\/#primaryimage\",\"url\":\"https:\\\/\\\/kakadoo-stu.de\\\/wp-content\\\/uploads\\\/2024\\\/10\\\/transparent-logo.png\",\"contentUrl\":\"https:\\\/\\\/kakadoo-stu.de\\\/wp-content\\\/uploads\\\/2024\\\/10\\\/transparent-logo.png\",\"width\":445,\"height\":115,\"caption\":\"\u041b\u043e\u0433\u043e\u0442\u0438\u043f \u0441\u0442\u0443\u0434\u0438\u0438 \u043f\u043e \u0441\u043e\u0437\u0434\u0430\u043d\u0438\u044e \u0441\u0430\u0439\u0442\u043e\u0432, \u0434\u0438\u0437\u0430\u0439\u043d\u0443 \u0438 \u0421\u0415\u041e\"},{\"@type\":\"BreadcrumbList\",\"@id\":\"https:\\\/\\\/kakadoo-stu.de\\\/impressum\\\/#breadcrumb\",\"itemListElement\":[{\"@type\":\"ListItem\",\"position\":1,\"name\":\"\u0413\u043b\u0430\u0432\u043d\u0430\u044f \u0441\u0442\u0440\u0430\u043d\u0438\u0446\u0430\",\"item\":\"https:\\\/\\\/kakadoo-stu.de\\\/\"},{\"@type\":\"ListItem\",\"position\":2,\"name\":\"Impressum\"}]},{\"@type\":\"WebSite\",\"@id\":\"https:\\\/\\\/kakadoo-stu.de\\\/#website\",\"url\":\"https:\\\/\\\/kakadoo-stu.de\\\/\",\"name\":\"kakadoo\",\"description\":\"\",\"publisher\":{\"@id\":\"https:\\\/\\\/kakadoo-stu.de\\\/#organization\"},\"potentialAction\":[{\"@type\":\"SearchAction\",\"target\":{\"@type\":\"EntryPoint\",\"urlTemplate\":\"https:\\\/\\\/kakadoo-stu.de\\\/?s={search_term_string}\"},\"query-input\":{\"@type\":\"PropertyValueSpecification\",\"valueRequired\":true,\"valueName\":\"search_term_string\"}}],\"inLanguage\":\"uk\"},{\"@type\":\"Organization\",\"@id\":\"https:\\\/\\\/kakadoo-stu.de\\\/#organization\",\"name\":\"kakadoo\",\"url\":\"https:\\\/\\\/kakadoo-stu.de\\\/\",\"logo\":{\"@type\":\"ImageObject\",\"inLanguage\":\"uk\",\"@id\":\"https:\\\/\\\/kakadoo-stu.de\\\/#\\\/schema\\\/logo\\\/image\\\/\",\"url\":\"https:\\\/\\\/kakadoo-stu.de\\\/wp-content\\\/uploads\\\/2024\\\/10\\\/kakadoo-logo.png\",\"contentUrl\":\"https:\\\/\\\/kakadoo-stu.de\\\/wp-content\\\/uploads\\\/2024\\\/10\\\/kakadoo-logo.png\",\"width\":445,\"height\":115,\"caption\":\"kakadoo\"},\"image\":{\"@id\":\"https:\\\/\\\/kakadoo-stu.de\\\/#\\\/schema\\\/logo\\\/image\\\/\"},\"sameAs\":[\"https:\\\/\\\/www.facebook.com\\\/kakadoostudio\"]}]}<\/script>\n<!-- \/ Yoast SEO plugin. -->","yoast_head_json":{"title":"Impressum - Web \u0441\u0442\u0443\u0434\u0456\u044f Kakadoo","robots":{"index":"index","follow":"follow","max-snippet":"max-snippet:-1","max-image-preview":"max-image-preview:large","max-video-preview":"max-video-preview:-1"},"canonical":"https:\/\/kakadoo-stu.de\/uk\/impressum\/","twitter_card":"summary_large_image","twitter_title":"Impressum - Web \u0441\u0442\u0443\u0434\u0438\u044f Kakadoo","twitter_description":"Angaben gem\u00e4\u00df \u00a7 5 TMG Kakadoo Studio (Einzelunternehmen)Inhaberin: Alina SerhieievaHauptstra\u00dfe 2414806 DahnsdorfDeutschland Kontakt Telefon: +49 176 642 122 36E-Mail: info@kakadoo-stu.de Steuerliche Angaben Steuernummer: 13 679 534829 Verbraucherstreitbeilegung \/ Universalschlichtungsstelle Wir sind nicht bereit oder verpflichtet, an Streitbeilegungsverfahren vor einer Verbraucherschlichtungsstelle teilzunehmen. Hinweis gem\u00e4\u00df \u00a7 19 UStG:Als Kleinunternehmer im Sinne des \u00a7 19 UStG wird keine [&hellip;]","twitter_image":"https:\/\/kakadoo-stu.de\/wp-content\/uploads\/2024\/10\/transparent-logo.png","schema":{"@context":"https:\/\/schema.org","@graph":[{"@type":"WebPage","@id":"https:\/\/kakadoo-stu.de\/impressum\/","url":"https:\/\/kakadoo-stu.de\/impressum\/","name":"Impressum - Web \u0441\u0442\u0443\u0434\u0456\u044f Kakadoo","isPartOf":{"@id":"https:\/\/kakadoo-stu.de\/#website"},"primaryImageOfPage":{"@id":"https:\/\/kakadoo-stu.de\/impressum\/#primaryimage"},"image":{"@id":"https:\/\/kakadoo-stu.de\/impressum\/#primaryimage"},"thumbnailUrl":"https:\/\/kakadoo-stu.de\/wp-content\/uploads\/2024\/10\/transparent-logo.png","datePublished":"2024-10-27T17:09:29+00:00","dateModified":"2026-04-28T12:49:10+00:00","breadcrumb":{"@id":"https:\/\/kakadoo-stu.de\/impressum\/#breadcrumb"},"inLanguage":"uk","potentialAction":[{"@type":"ReadAction","target":["https:\/\/kakadoo-stu.de\/impressum\/"]}]},{"@type":"ImageObject","inLanguage":"uk","@id":"https:\/\/kakadoo-stu.de\/impressum\/#primaryimage","url":"https:\/\/kakadoo-stu.de\/wp-content\/uploads\/2024\/10\/transparent-logo.png","contentUrl":"https:\/\/kakadoo-stu.de\/wp-content\/uploads\/2024\/10\/transparent-logo.png","width":445,"height":115,"caption":"\u041b\u043e\u0433\u043e\u0442\u0438\u043f \u0441\u0442\u0443\u0434\u0438\u0438 \u043f\u043e \u0441\u043e\u0437\u0434\u0430\u043d\u0438\u044e \u0441\u0430\u0439\u0442\u043e\u0432, \u0434\u0438\u0437\u0430\u0439\u043d\u0443 \u0438 \u0421\u0415\u041e"},{"@type":"BreadcrumbList","@id":"https:\/\/kakadoo-stu.de\/impressum\/#breadcrumb","itemListElement":[{"@type":"ListItem","position":1,"name":"\u0413\u043b\u0430\u0432\u043d\u0430\u044f \u0441\u0442\u0440\u0430\u043d\u0438\u0446\u0430","item":"https:\/\/kakadoo-stu.de\/"},{"@type":"ListItem","position":2,"name":"Impressum"}]},{"@type":"WebSite","@id":"https:\/\/kakadoo-stu.de\/#website","url":"https:\/\/kakadoo-stu.de\/","name":"kakadoo","description":"","publisher":{"@id":"https:\/\/kakadoo-stu.de\/#organization"},"potentialAction":[{"@type":"SearchAction","target":{"@type":"EntryPoint","urlTemplate":"https:\/\/kakadoo-stu.de\/?s={search_term_string}"},"query-input":{"@type":"PropertyValueSpecification","valueRequired":true,"valueName":"search_term_string"}}],"inLanguage":"uk"},{"@type":"Organization","@id":"https:\/\/kakadoo-stu.de\/#organization","name":"kakadoo","url":"https:\/\/kakadoo-stu.de\/","logo":{"@type":"ImageObject","inLanguage":"uk","@id":"https:\/\/kakadoo-stu.de\/#\/schema\/logo\/image\/","url":"https:\/\/kakadoo-stu.de\/wp-content\/uploads\/2024\/10\/kakadoo-logo.png","contentUrl":"https:\/\/kakadoo-stu.de\/wp-content\/uploads\/2024\/10\/kakadoo-logo.png","width":445,"height":115,"caption":"kakadoo"},"image":{"@id":"https:\/\/kakadoo-stu.de\/#\/schema\/logo\/image\/"},"sameAs":["https:\/\/www.facebook.com\/kakadoostudio"]}]}},"jetpack-related-posts":[],"jetpack_sharing_enabled":true,"jetpack_likes_enabled":false,"_links":{"self":[{"href":"https:\/\/kakadoo-stu.de\/uk\/wp-json\/wp\/v2\/pages\/160","targetHints":{"allow":["GET"]}}],"collection":[{"href":"https:\/\/kakadoo-stu.de\/uk\/wp-json\/wp\/v2\/pages"}],"about":[{"href":"https:\/\/kakadoo-stu.de\/uk\/wp-json\/wp\/v2\/types\/page"}],"author":[{"embeddable":true,"href":"https:\/\/kakadoo-stu.de\/uk\/wp-json\/wp\/v2\/users\/1"}],"replies":[{"embeddable":true,"href":"https:\/\/kakadoo-stu.de\/uk\/wp-json\/wp\/v2\/comments?post=160"}],"version-history":[{"count":11,"href":"https:\/\/kakadoo-stu.de\/uk\/wp-json\/wp\/v2\/pages\/160\/revisions"}],"predecessor-version":[{"id":3206,"href":"https:\/\/kakadoo-stu.de\/uk\/wp-json\/wp\/v2\/pages\/160\/revisions\/3206"}],"wp:featuredmedia":[{"embeddable":true,"href":"https:\/\/kakadoo-stu.de\/uk\/wp-json\/wp\/v2\/media\/215"}],"wp:attachment":[{"href":"https:\/\/kakadoo-stu.de\/uk\/wp-json\/wp\/v2\/media?parent=160"}],"curies":[{"name":"wp","href":"https:\/\/api.w.org\/{rel}","templated":true}]}}