{"id":3018,"date":"2026-02-16T16:57:25","date_gmt":"2026-02-16T13:57:25","guid":{"rendered":"https:\/\/kakadoo-stu.de\/?post_type=product&#038;p=3018"},"modified":"2026-04-14T17:03:36","modified_gmt":"2026-04-14T14:03:36","slug":"gotovyj-sajt-dlya-byuti-salona","status":"publish","type":"product","link":"https:\/\/kakadoo-stu.de\/de\/product\/gotovyj-sajt-dlya-byuti-salona\/","title":{"rendered":"Fertige, schl\u00fcsselfertige Website f\u00fcr Sch\u00f6nheitssalon \/ Nagelmeister"},"content":{"rendered":"<p data-start=\"81\" data-end=\"353\">Eine professionelle, vorgefertigte Website f\u00fcr einen Sch\u00f6nheitssalon, ein Manik\u00fcrestudio, einen Nagelk\u00fcnstler oder einen Nagelverl\u00e4ngerungsmeister. Dies ist eine vollst\u00e4ndig angepasste Website-Vorlage f\u00fcr die Sch\u00f6nheitsbranche, die in k\u00fcrzester Zeit ohne lange Entwicklung und komplizierte technische Prozesse gestartet werden kann.<\/p>\n<p data-start=\"355\" data-end=\"685\">Das moderne Sch\u00f6nheitsgesch\u00e4ft erfordert eine hochwertige Online-Pr\u00e4senz. Kunden w\u00e4hlen einen Meister nach der Optik, der Bequemlichkeit der Erfassung und dem Grad des Vertrauens. Diese fertige Website f\u00fcr einen Sch\u00f6nheitssalon ist mit UX-Logik und einer Struktur gestaltet, die dem Besucher hilft, sich schnell mit Dienstleistungen, Preisen, Portfolio von Arbeiten vertraut zu machen und ein Verfahren zu buchen.<\/p>\n<p data-start=\"687\" data-end=\"853\">Auf dem ersten Bildschirm befindet sich ein spektakul\u00e4res Banner mit einem Anmeldeformular, das die Konversionsrate erh\u00f6ht und es Ihnen erm\u00f6glicht, bereits in den ersten Sekunden des Besuchs Anfragen zu erhalten. Danach folgen die Bl\u00f6cke:<\/p>\n<ul data-start=\"854\" data-end=\"999\">\n<li data-start=\"854\" data-end=\"876\">\n<p data-start=\"856\" data-end=\"876\">\u00dcber den Meister \/ das Studio<\/p>\n<\/li>\n<li data-start=\"877\" data-end=\"894\">\n<p data-start=\"879\" data-end=\"894\">Dienstleistungen und Preise<\/p>\n<\/li>\n<li data-start=\"895\" data-end=\"919\">\n<p data-start=\"897\" data-end=\"919\">Beliebte Verfahren<\/p>\n<\/li>\n<li data-start=\"920\" data-end=\"937\">\n<p data-start=\"922\" data-end=\"937\">Galerie der Werke<\/p>\n<\/li>\n<li data-start=\"938\" data-end=\"957\">\n<p data-start=\"940\" data-end=\"957\">Erfahrungsberichte von Kunden<\/p>\n<\/li>\n<li data-start=\"958\" data-end=\"973\">\n<p data-start=\"960\" data-end=\"973\">Betriebszeiten<\/p>\n<\/li>\n<li data-start=\"974\" data-end=\"999\">\n<p data-start=\"976\" data-end=\"999\">Kontaktinformationen<\/p>\n<\/li>\n<\/ul>\n<p data-start=\"1001\" data-end=\"1192\">Die Website ist vollst\u00e4ndig anpassungsf\u00e4hig (Handy, Tablet, Desktop), schnell zu laden und f\u00fcr jede Marke leicht zu bearbeiten: Sie k\u00f6nnen Farben, Logo, Fotos, Texte und Kontaktangaben \u00e4ndern.<\/p>\n<p data-start=\"1194\" data-end=\"1370\">\u26a0 Wichtig: Diese Website ist eine Demo-Vorlage und wird als fertiges Produkt verkauft. Alle Bilder und Texte werden als Beispiel verwendet und k\u00f6nnen vom K\u00e4ufer ersetzt werden.<\/p>\n<hr data-start=\"1372\" data-end=\"1375\" \/>\n<h3 data-start=\"1377\" data-end=\"1407\">\ud83d\udd39 Die wichtigsten Vorteile<\/h3>\n<ul data-start=\"1408\" data-end=\"1692\">\n<li data-start=\"1408\" data-end=\"1441\">\n<p data-start=\"1410\" data-end=\"1441\">Vorgefertigte Website f\u00fcr einen Sch\u00f6nheitssalon<\/p>\n<\/li>\n<li data-start=\"1442\" data-end=\"1475\">\n<p data-start=\"1444\" data-end=\"1475\">Website-Vorlage f\u00fcr Nagelschmied<\/p>\n<\/li>\n<li data-start=\"1476\" data-end=\"1513\">\n<p data-start=\"1478\" data-end=\"1513\">Website f\u00fcr schl\u00fcsselfertiges Manik\u00fcrestudio<\/p>\n<\/li>\n<li data-start=\"1514\" data-end=\"1547\">\n<p data-start=\"1516\" data-end=\"1547\">Schnelle Inbetriebnahme ohne Entwicklung<\/p>\n<\/li>\n<li data-start=\"1548\" data-end=\"1582\">\n<p data-start=\"1550\" data-end=\"1582\">Integriertes Online-Anmeldeformular<\/p>\n<\/li>\n<li data-start=\"1583\" data-end=\"1615\">\n<p data-start=\"1585\" data-end=\"1615\">Galerie der Werke und Feedback-Block<\/p>\n<\/li>\n<li data-start=\"1616\" data-end=\"1637\">\n<p data-start=\"1618\" data-end=\"1637\">Adaptive Gestaltung<\/p>\n<\/li>\n<li data-start=\"1638\" data-end=\"1692\">\n<p data-start=\"1640\" data-end=\"1692\">Geeignet f\u00fcr Deutschland und EU (Impressum \/ Datenschutz)<\/p>\n<\/li>\n<\/ul>\n<hr data-start=\"1694\" data-end=\"1697\" \/>\n<h3 data-start=\"1699\" data-end=\"1721\">\ud83c\udfaf Wem es passt<\/h3>\n<ul data-start=\"1722\" data-end=\"1874\">\n<li data-start=\"1722\" data-end=\"1754\">\n<p data-start=\"1724\" data-end=\"1754\">Manik\u00fcre und Pedik\u00fcre<\/p>\n<\/li>\n<li data-start=\"1755\" data-end=\"1779\">\n<p data-start=\"1757\" data-end=\"1779\">Nageldesign-Studios<\/p>\n<\/li>\n<li data-start=\"1780\" data-end=\"1797\">\n<p data-start=\"1782\" data-end=\"1797\">Sch\u00f6nheitssalons<\/p>\n<\/li>\n<li data-start=\"1798\" data-end=\"1823\">\n<p data-start=\"1800\" data-end=\"1823\">Wimpern- und Augenbrauen-Meister<\/p>\n<\/li>\n<li data-start=\"1824\" data-end=\"1874\">\n<p data-start=\"1826\" data-end=\"1874\">Neue Studios, die einen schnellen Einstieg suchen.<\/p>\n<\/li>\n<\/ul>\n<hr data-start=\"1876\" data-end=\"1879\" \/>\n<h3 data-start=\"1881\" data-end=\"1900\">\ud83d\udd27 Was enthalten ist<\/h3>\n<p data-start=\"1901\" data-end=\"2068\">\u2714 Vollst\u00e4ndig fertige Website<br data-start=\"1925\" data-end=\"1928\" \/>\u2714 Installation auf Ihrer Domain und Ihrem Hosting<\/p>\n<hr data-start=\"2282\" data-end=\"2285\" \/>\n<h2 data-start=\"2287\" data-end=\"2307\">\ud83d\udce6 Verkaufsformat<\/h2>\n<ul data-start=\"2309\" data-end=\"2435\">\n<li data-start=\"2309\" data-end=\"2339\">\n<p data-start=\"2311\" data-end=\"2339\">Fertige Website \/ Demo-Projekt<\/p>\n<\/li>\n<li data-start=\"2340\" data-end=\"2381\">\n<p data-start=\"2342\" data-end=\"2381\">Geeignet f\u00fcr Anpassungen<\/p>\n<\/li>\n<li data-start=\"2382\" data-end=\"2435\">\n<p data-start=\"2384\" data-end=\"2435\">Als Grundlage f\u00fcr eine kommerzielle Einf\u00fchrung<\/p>\n<\/li>\n<\/ul>","protected":false},"excerpt":{"rendered":"<p>Die Umsatzsteuer wird gem\u00e4\u00df \u00a719 UStG nicht erhoben.<\/p>\n<p><strong>Verbinden Sie Ihre Website mit Hosting und Domain f\u00fcr nur 1\u20ac<\/strong><em><\/p>\n<p>Vorgefertigte Website f\u00fcr einen Sch\u00f6nheitssalon in Deutschland - moderne adaptive Vorlage mit Online-Terminvereinbarung, Dienstleistungen, Preisliste und Galerie der Arbeiten. Schnelle Einf\u00fchrung und Anpassung an Ihre Marke ohne lange Entwicklungszeit.<\/p>\n<p><a class=\"kakadoo-btn-demo\" href=\"https:\/\/salmon-gnu-132121.hostingersite.com\/\" target=\"_blank\" rel=\"noopener\"><br \/>\nSehen Sie sich eine Demo der Website an<br \/>\n<\/a><\/p>","protected":false},"featured_media":3019,"comment_status":"open","ping_status":"closed","template":"","meta":[],"product_brand":[],"product_cat":[36],"product_tag":[],"class_list":{"0":"post-3018","1":"product","2":"type-product","3":"status-publish","4":"has-post-thumbnail","6":"product_cat-gotovie-seiti","8":"first","9":"instock","10":"sale","11":"virtual","12":"purchasable","13":"product-type-simple"},"yoast_head":"<!-- This site is optimized with the Yoast SEO plugin v27.5 - https:\/\/yoast.com\/product\/yoast-seo-wordpress\/ -->\n<title>\u0413\u043e\u0442\u043e\u0432\u044b\u0439 \u0441\u0430\u0439\u0442 \u0434\u043b\u044f \u0431\u044c\u044e\u0442\u0438-\u0441\u0430\u043b\u043e\u043d\u0430 | \u041a\u0443\u043f\u0438\u0442\u044c \u0448\u0430\u0431\u043b\u043e\u043d \u0441\u0430\u0439\u0442\u0430 \u0434\u043b\u044f nail-\u043c\u0430\u0441\u0442\u0435\u0440\u0430<\/title>\n<meta name=\"description\" content=\"\u041a\u0443\u043f\u0438\u0442\u044c \u0433\u043e\u0442\u043e\u0432\u044b\u0439 \u0441\u0430\u0439\u0442 \u0434\u043b\u044f \u0431\u044c\u044e\u0442\u0438-\u0441\u0430\u043b\u043e\u043d\u0430 \u0438\u043b\u0438 nail-\u043c\u0430\u0441\u0442\u0435\u0440\u0430. \u0421\u043e\u0432\u0440\u0435\u043c\u0435\u043d\u043d\u044b\u0439 \u0430\u0434\u0430\u043f\u0442\u0438\u0432\u043d\u044b\u0439 \u0448\u0430\u0431\u043b\u043e\u043d \u0441 \u043e\u043d\u043b\u0430\u0439\u043d-\u0437\u0430\u043f\u0438\u0441\u044c\u044e, \u0443\u0441\u043b\u0443\u0433\u0430\u043c\u0438, \u0446\u0435\u043d\u0430\u043c\u0438 \u0438 \u0433\u0430\u043b\u0435\u0440\u0435\u0435\u0439 \u0440\u0430\u0431\u043e\u0442. \u0411\u044b\u0441\u0442\u0440\u044b\u0439 \u0437\u0430\u043f\u0443\u0441\u043a, \u043d\u0430\u0441\u0442\u0440\u043e\u0439\u043a\u0430 \u043f\u043e\u0434 \u0432\u0430\u0448 \u0431\u0440\u0435\u043d\u0434, \u0431\u0435\u0437 \u0434\u043e\u043b\u0433\u043e\u0439 \u0440\u0430\u0437\u0440\u0430\u0431\u043e\u0442\u043a\u0438.\" \/>\n<meta name=\"robots\" content=\"index, follow, max-snippet:-1, max-image-preview:large, max-video-preview:-1\" \/>\n<link rel=\"canonical\" href=\"https:\/\/kakadoo-stu.de\/de\/produkt\/gotovyj-sajt-dlya-byuti-salona\/\" \/>\n<meta name=\"twitter:card\" content=\"summary_large_image\" \/>\n<meta name=\"twitter:title\" content=\"\u0413\u043e\u0442\u043e\u0432\u044b\u0439 \u0441\u0430\u0439\u0442 \u0434\u043b\u044f \u0431\u044c\u044e\u0442\u0438-\u0441\u0430\u043b\u043e\u043d\u0430 | \u041a\u0443\u043f\u0438\u0442\u044c \u0448\u0430\u0431\u043b\u043e\u043d \u0441\u0430\u0439\u0442\u0430 \u0434\u043b\u044f nail-\u043c\u0430\u0441\u0442\u0435\u0440\u0430\" \/>\n<meta name=\"twitter:description\" content=\"\u041a\u0443\u043f\u0438\u0442\u044c \u0433\u043e\u0442\u043e\u0432\u044b\u0439 \u0441\u0430\u0439\u0442 \u0434\u043b\u044f \u0431\u044c\u044e\u0442\u0438-\u0441\u0430\u043b\u043e\u043d\u0430 \u0438\u043b\u0438 nail-\u043c\u0430\u0441\u0442\u0435\u0440\u0430. \u0421\u043e\u0432\u0440\u0435\u043c\u0435\u043d\u043d\u044b\u0439 \u0430\u0434\u0430\u043f\u0442\u0438\u0432\u043d\u044b\u0439 \u0448\u0430\u0431\u043b\u043e\u043d \u0441 \u043e\u043d\u043b\u0430\u0439\u043d-\u0437\u0430\u043f\u0438\u0441\u044c\u044e, \u0443\u0441\u043b\u0443\u0433\u0430\u043c\u0438, \u0446\u0435\u043d\u0430\u043c\u0438 \u0438 \u0433\u0430\u043b\u0435\u0440\u0435\u0435\u0439 \u0440\u0430\u0431\u043e\u0442. \u0411\u044b\u0441\u0442\u0440\u044b\u0439 \u0437\u0430\u043f\u0443\u0441\u043a, \u043d\u0430\u0441\u0442\u0440\u043e\u0439\u043a\u0430 \u043f\u043e\u0434 \u0432\u0430\u0448 \u0431\u0440\u0435\u043d\u0434, \u0431\u0435\u0437 \u0434\u043e\u043b\u0433\u043e\u0439 \u0440\u0430\u0437\u0440\u0430\u0431\u043e\u0442\u043a\u0438.\" \/>\n<meta name=\"twitter:image\" content=\"https:\/\/kakadoo-stu.de\/wp-content\/uploads\/2026\/02\/Procedure-6.webp\" \/>\n<script type=\"application\/ld+json\" class=\"yoast-schema-graph\">{\"@context\":\"https:\\\/\\\/schema.org\",\"@graph\":[{\"@type\":\"WebPage\",\"@id\":\"https:\\\/\\\/kakadoo-stu.de\\\/product\\\/gotovyj-sajt-dlya-byuti-salona\\\/\",\"url\":\"https:\\\/\\\/kakadoo-stu.de\\\/product\\\/gotovyj-sajt-dlya-byuti-salona\\\/\",\"name\":\"\u0413\u043e\u0442\u043e\u0432\u044b\u0439 \u0441\u0430\u0439\u0442 \u0434\u043b\u044f \u0431\u044c\u044e\u0442\u0438-\u0441\u0430\u043b\u043e\u043d\u0430 | \u041a\u0443\u043f\u0438\u0442\u044c \u0448\u0430\u0431\u043b\u043e\u043d \u0441\u0430\u0439\u0442\u0430 \u0434\u043b\u044f nail-\u043c\u0430\u0441\u0442\u0435\u0440\u0430\",\"isPartOf\":{\"@id\":\"https:\\\/\\\/kakadoo-stu.de\\\/#website\"},\"primaryImageOfPage\":{\"@id\":\"https:\\\/\\\/kakadoo-stu.de\\\/product\\\/gotovyj-sajt-dlya-byuti-salona\\\/#primaryimage\"},\"image\":{\"@id\":\"https:\\\/\\\/kakadoo-stu.de\\\/product\\\/gotovyj-sajt-dlya-byuti-salona\\\/#primaryimage\"},\"thumbnailUrl\":\"https:\\\/\\\/kakadoo-stu.de\\\/wp-content\\\/uploads\\\/2026\\\/02\\\/Procedure-6.webp\",\"datePublished\":\"2026-02-16T13:57:25+00:00\",\"dateModified\":\"2026-04-14T14:03:36+00:00\",\"description\":\"\u041a\u0443\u043f\u0438\u0442\u044c \u0433\u043e\u0442\u043e\u0432\u044b\u0439 \u0441\u0430\u0439\u0442 \u0434\u043b\u044f \u0431\u044c\u044e\u0442\u0438-\u0441\u0430\u043b\u043e\u043d\u0430 \u0438\u043b\u0438 nail-\u043c\u0430\u0441\u0442\u0435\u0440\u0430. \u0421\u043e\u0432\u0440\u0435\u043c\u0435\u043d\u043d\u044b\u0439 \u0430\u0434\u0430\u043f\u0442\u0438\u0432\u043d\u044b\u0439 \u0448\u0430\u0431\u043b\u043e\u043d \u0441 \u043e\u043d\u043b\u0430\u0439\u043d-\u0437\u0430\u043f\u0438\u0441\u044c\u044e, \u0443\u0441\u043b\u0443\u0433\u0430\u043c\u0438, \u0446\u0435\u043d\u0430\u043c\u0438 \u0438 \u0433\u0430\u043b\u0435\u0440\u0435\u0435\u0439 \u0440\u0430\u0431\u043e\u0442. \u0411\u044b\u0441\u0442\u0440\u044b\u0439 \u0437\u0430\u043f\u0443\u0441\u043a, \u043d\u0430\u0441\u0442\u0440\u043e\u0439\u043a\u0430 \u043f\u043e\u0434 \u0432\u0430\u0448 \u0431\u0440\u0435\u043d\u0434, \u0431\u0435\u0437 \u0434\u043e\u043b\u0433\u043e\u0439 \u0440\u0430\u0437\u0440\u0430\u0431\u043e\u0442\u043a\u0438.\",\"breadcrumb\":{\"@id\":\"https:\\\/\\\/kakadoo-stu.de\\\/product\\\/gotovyj-sajt-dlya-byuti-salona\\\/#breadcrumb\"},\"inLanguage\":\"de\",\"potentialAction\":[{\"@type\":\"ReadAction\",\"target\":[\"https:\\\/\\\/kakadoo-stu.de\\\/product\\\/gotovyj-sajt-dlya-byuti-salona\\\/\"]}]},{\"@type\":\"ImageObject\",\"inLanguage\":\"de\",\"@id\":\"https:\\\/\\\/kakadoo-stu.de\\\/product\\\/gotovyj-sajt-dlya-byuti-salona\\\/#primaryimage\",\"url\":\"https:\\\/\\\/kakadoo-stu.de\\\/wp-content\\\/uploads\\\/2026\\\/02\\\/Procedure-6.webp\",\"contentUrl\":\"https:\\\/\\\/kakadoo-stu.de\\\/wp-content\\\/uploads\\\/2026\\\/02\\\/Procedure-6.webp\",\"width\":700,\"height\":500},{\"@type\":\"BreadcrumbList\",\"@id\":\"https:\\\/\\\/kakadoo-stu.de\\\/product\\\/gotovyj-sajt-dlya-byuti-salona\\\/#breadcrumb\",\"itemListElement\":[{\"@type\":\"ListItem\",\"position\":1,\"name\":\"\u0413\u043b\u0430\u0432\u043d\u0430\u044f \u0441\u0442\u0440\u0430\u043d\u0438\u0446\u0430\",\"item\":\"https:\\\/\\\/kakadoo-stu.de\\\/\"},{\"@type\":\"ListItem\",\"position\":2,\"name\":\"\u041c\u0430\u0433\u0430\u0437\u0438\u043d\",\"item\":\"https:\\\/\\\/kakadoo-stu.de\\\/shop\\\/\"},{\"@type\":\"ListItem\",\"position\":3,\"name\":\"\u0413\u043e\u0442\u043e\u0432\u044b\u0439 \u0441\u0430\u0439\u0442 \u0434\u043b\u044f \u0431\u044c\u044e\u0442\u0438-\u0441\u0430\u043b\u043e\u043d\u0430 \\\/ nail-\u043c\u0430\u0441\u0442\u0435\u0440\u0430 \u043f\u043e\u0434 \u043a\u043b\u044e\u0447\"}]},{\"@type\":\"WebSite\",\"@id\":\"https:\\\/\\\/kakadoo-stu.de\\\/#website\",\"url\":\"https:\\\/\\\/kakadoo-stu.de\\\/\",\"name\":\"kakadoo\",\"description\":\"\",\"publisher\":{\"@id\":\"https:\\\/\\\/kakadoo-stu.de\\\/#organization\"},\"potentialAction\":[{\"@type\":\"SearchAction\",\"target\":{\"@type\":\"EntryPoint\",\"urlTemplate\":\"https:\\\/\\\/kakadoo-stu.de\\\/?s={search_term_string}\"},\"query-input\":{\"@type\":\"PropertyValueSpecification\",\"valueRequired\":true,\"valueName\":\"search_term_string\"}}],\"inLanguage\":\"de\"},{\"@type\":\"Organization\",\"@id\":\"https:\\\/\\\/kakadoo-stu.de\\\/#organization\",\"name\":\"kakadoo\",\"url\":\"https:\\\/\\\/kakadoo-stu.de\\\/\",\"logo\":{\"@type\":\"ImageObject\",\"inLanguage\":\"de\",\"@id\":\"https:\\\/\\\/kakadoo-stu.de\\\/#\\\/schema\\\/logo\\\/image\\\/\",\"url\":\"https:\\\/\\\/kakadoo-stu.de\\\/wp-content\\\/uploads\\\/2024\\\/10\\\/kakadoo-logo.png\",\"contentUrl\":\"https:\\\/\\\/kakadoo-stu.de\\\/wp-content\\\/uploads\\\/2024\\\/10\\\/kakadoo-logo.png\",\"width\":445,\"height\":115,\"caption\":\"kakadoo\"},\"image\":{\"@id\":\"https:\\\/\\\/kakadoo-stu.de\\\/#\\\/schema\\\/logo\\\/image\\\/\"},\"sameAs\":[\"https:\\\/\\\/www.facebook.com\\\/kakadoostudio\"]}]}<\/script>\n<!-- \/ Yoast SEO plugin. -->","yoast_head_json":{"title":"Vorgefertigte Website f\u00fcr Sch\u00f6nheitssalon | Kaufen Sie eine Website-Vorlage f\u00fcr Nagelmeisterin","description":"Kaufen Sie eine fertige Website f\u00fcr einen Sch\u00f6nheitssalon oder eine Nagelmeisterin. Moderne adaptive Vorlage mit Online-Terminvereinbarung, Dienstleistungen, Preisen und Galerie der Arbeiten. Schneller Start, Anpassung an Ihre Marke, keine lange Entwicklungszeit.","robots":{"index":"index","follow":"follow","max-snippet":"max-snippet:-1","max-image-preview":"max-image-preview:large","max-video-preview":"max-video-preview:-1"},"canonical":"https:\/\/kakadoo-stu.de\/de\/produkt\/gotovyj-sajt-dlya-byuti-salona\/","twitter_card":"summary_large_image","twitter_title":"\u0413\u043e\u0442\u043e\u0432\u044b\u0439 \u0441\u0430\u0439\u0442 \u0434\u043b\u044f \u0431\u044c\u044e\u0442\u0438-\u0441\u0430\u043b\u043e\u043d\u0430 | \u041a\u0443\u043f\u0438\u0442\u044c \u0448\u0430\u0431\u043b\u043e\u043d \u0441\u0430\u0439\u0442\u0430 \u0434\u043b\u044f nail-\u043c\u0430\u0441\u0442\u0435\u0440\u0430","twitter_description":"\u041a\u0443\u043f\u0438\u0442\u044c \u0433\u043e\u0442\u043e\u0432\u044b\u0439 \u0441\u0430\u0439\u0442 \u0434\u043b\u044f \u0431\u044c\u044e\u0442\u0438-\u0441\u0430\u043b\u043e\u043d\u0430 \u0438\u043b\u0438 nail-\u043c\u0430\u0441\u0442\u0435\u0440\u0430. \u0421\u043e\u0432\u0440\u0435\u043c\u0435\u043d\u043d\u044b\u0439 \u0430\u0434\u0430\u043f\u0442\u0438\u0432\u043d\u044b\u0439 \u0448\u0430\u0431\u043b\u043e\u043d \u0441 \u043e\u043d\u043b\u0430\u0439\u043d-\u0437\u0430\u043f\u0438\u0441\u044c\u044e, \u0443\u0441\u043b\u0443\u0433\u0430\u043c\u0438, \u0446\u0435\u043d\u0430\u043c\u0438 \u0438 \u0433\u0430\u043b\u0435\u0440\u0435\u0435\u0439 \u0440\u0430\u0431\u043e\u0442. \u0411\u044b\u0441\u0442\u0440\u044b\u0439 \u0437\u0430\u043f\u0443\u0441\u043a, \u043d\u0430\u0441\u0442\u0440\u043e\u0439\u043a\u0430 \u043f\u043e\u0434 \u0432\u0430\u0448 \u0431\u0440\u0435\u043d\u0434, \u0431\u0435\u0437 \u0434\u043e\u043b\u0433\u043e\u0439 \u0440\u0430\u0437\u0440\u0430\u0431\u043e\u0442\u043a\u0438.","twitter_image":"https:\/\/kakadoo-stu.de\/wp-content\/uploads\/2026\/02\/Procedure-6.webp","schema":{"@context":"https:\/\/schema.org","@graph":[{"@type":"WebPage","@id":"https:\/\/kakadoo-stu.de\/product\/gotovyj-sajt-dlya-byuti-salona\/","url":"https:\/\/kakadoo-stu.de\/product\/gotovyj-sajt-dlya-byuti-salona\/","name":"Vorgefertigte Website f\u00fcr Sch\u00f6nheitssalon | Kaufen Sie eine Website-Vorlage f\u00fcr Nagelmeisterin","isPartOf":{"@id":"https:\/\/kakadoo-stu.de\/#website"},"primaryImageOfPage":{"@id":"https:\/\/kakadoo-stu.de\/product\/gotovyj-sajt-dlya-byuti-salona\/#primaryimage"},"image":{"@id":"https:\/\/kakadoo-stu.de\/product\/gotovyj-sajt-dlya-byuti-salona\/#primaryimage"},"thumbnailUrl":"https:\/\/kakadoo-stu.de\/wp-content\/uploads\/2026\/02\/Procedure-6.webp","datePublished":"2026-02-16T13:57:25+00:00","dateModified":"2026-04-14T14:03:36+00:00","description":"Kaufen Sie eine fertige Website f\u00fcr einen Sch\u00f6nheitssalon oder eine Nagelmeisterin. Moderne adaptive Vorlage mit Online-Terminvereinbarung, Dienstleistungen, Preisen und Galerie der Arbeiten. Schneller Start, Anpassung an Ihre Marke, keine lange Entwicklungszeit.","breadcrumb":{"@id":"https:\/\/kakadoo-stu.de\/product\/gotovyj-sajt-dlya-byuti-salona\/#breadcrumb"},"inLanguage":"de","potentialAction":[{"@type":"ReadAction","target":["https:\/\/kakadoo-stu.de\/product\/gotovyj-sajt-dlya-byuti-salona\/"]}]},{"@type":"ImageObject","inLanguage":"de","@id":"https:\/\/kakadoo-stu.de\/product\/gotovyj-sajt-dlya-byuti-salona\/#primaryimage","url":"https:\/\/kakadoo-stu.de\/wp-content\/uploads\/2026\/02\/Procedure-6.webp","contentUrl":"https:\/\/kakadoo-stu.de\/wp-content\/uploads\/2026\/02\/Procedure-6.webp","width":700,"height":500},{"@type":"BreadcrumbList","@id":"https:\/\/kakadoo-stu.de\/product\/gotovyj-sajt-dlya-byuti-salona\/#breadcrumb","itemListElement":[{"@type":"ListItem","position":1,"name":"\u0413\u043b\u0430\u0432\u043d\u0430\u044f \u0441\u0442\u0440\u0430\u043d\u0438\u0446\u0430","item":"https:\/\/kakadoo-stu.de\/"},{"@type":"ListItem","position":2,"name":"\u041c\u0430\u0433\u0430\u0437\u0438\u043d","item":"https:\/\/kakadoo-stu.de\/shop\/"},{"@type":"ListItem","position":3,"name":"\u0413\u043e\u0442\u043e\u0432\u044b\u0439 \u0441\u0430\u0439\u0442 \u0434\u043b\u044f \u0431\u044c\u044e\u0442\u0438-\u0441\u0430\u043b\u043e\u043d\u0430 \/ nail-\u043c\u0430\u0441\u0442\u0435\u0440\u0430 \u043f\u043e\u0434 \u043a\u043b\u044e\u0447"}]},{"@type":"WebSite","@id":"https:\/\/kakadoo-stu.de\/#website","url":"https:\/\/kakadoo-stu.de\/","name":"kakadoo","description":"","publisher":{"@id":"https:\/\/kakadoo-stu.de\/#organization"},"potentialAction":[{"@type":"SearchAction","target":{"@type":"EntryPoint","urlTemplate":"https:\/\/kakadoo-stu.de\/?s={search_term_string}"},"query-input":{"@type":"PropertyValueSpecification","valueRequired":true,"valueName":"search_term_string"}}],"inLanguage":"de"},{"@type":"Organization","@id":"https:\/\/kakadoo-stu.de\/#organization","name":"kakadoo","url":"https:\/\/kakadoo-stu.de\/","logo":{"@type":"ImageObject","inLanguage":"de","@id":"https:\/\/kakadoo-stu.de\/#\/schema\/logo\/image\/","url":"https:\/\/kakadoo-stu.de\/wp-content\/uploads\/2024\/10\/kakadoo-logo.png","contentUrl":"https:\/\/kakadoo-stu.de\/wp-content\/uploads\/2024\/10\/kakadoo-logo.png","width":445,"height":115,"caption":"kakadoo"},"image":{"@id":"https:\/\/kakadoo-stu.de\/#\/schema\/logo\/image\/"},"sameAs":["https:\/\/www.facebook.com\/kakadoostudio"]}]}},"jetpack-related-posts":[],"jetpack_sharing_enabled":true,"jetpack_likes_enabled":true,"_links":{"self":[{"href":"https:\/\/kakadoo-stu.de\/de\/wp-json\/wp\/v2\/product\/3018","targetHints":{"allow":["GET"]}}],"collection":[{"href":"https:\/\/kakadoo-stu.de\/de\/wp-json\/wp\/v2\/product"}],"about":[{"href":"https:\/\/kakadoo-stu.de\/de\/wp-json\/wp\/v2\/types\/product"}],"replies":[{"embeddable":true,"href":"https:\/\/kakadoo-stu.de\/de\/wp-json\/wp\/v2\/comments?post=3018"}],"wp:featuredmedia":[{"embeddable":true,"href":"https:\/\/kakadoo-stu.de\/de\/wp-json\/wp\/v2\/media\/3019"}],"wp:attachment":[{"href":"https:\/\/kakadoo-stu.de\/de\/wp-json\/wp\/v2\/media?parent=3018"}],"wp:term":[{"taxonomy":"product_brand","embeddable":true,"href":"https:\/\/kakadoo-stu.de\/de\/wp-json\/wp\/v2\/product_brand?post=3018"},{"taxonomy":"product_cat","embeddable":true,"href":"https:\/\/kakadoo-stu.de\/de\/wp-json\/wp\/v2\/product_cat?post=3018"},{"taxonomy":"product_tag","embeddable":true,"href":"https:\/\/kakadoo-stu.de\/de\/wp-json\/wp\/v2\/product_tag?post=3018"}],"curies":[{"name":"wp","href":"https:\/\/api.w.org\/{rel}","templated":true}]}}