{"id":3003,"date":"2026-02-02T21:51:10","date_gmt":"2026-02-02T18:51:10","guid":{"rendered":"https:\/\/kakadoo-stu.de\/?post_type=product&#038;p=3003"},"modified":"2026-04-14T17:04:48","modified_gmt":"2026-04-14T14:04:48","slug":"gotovyj-sajt-dlya-kliningovoj-kompanii-v-germanii","status":"publish","type":"product","link":"https:\/\/kakadoo-stu.de\/de\/product\/gotovyj-sajt-dlya-kliningovoj-kompanii-v-germanii\/","title":{"rendered":"\ud83e\uddf9 Vorgefertigte Website f\u00fcr eine Reinigungsfirma in Deutschland"},"content":{"rendered":"<p data-start=\"391\" data-end=\"686\">Die fertige Website f\u00fcr eine Reinigungsfirma in Deutschland ist professionell <strong data-start=\"463\" data-end=\"479\">Demo-Ausleihe<\/strong>, speziell entwickelt f\u00fcr den Verkauf und die schnelle Gr\u00fcndung von Reinigungsunternehmen. Die Seite ist ideal f\u00fcr private Reinigungsdienste, B\u00fcroreinigung, Unterhaltsreinigung, Fensterreinigung und Grundreinigung.<\/p>\n<p data-start=\"688\" data-end=\"959\">Alle Texte, Bilder und Kontaktangaben auf der Website sind <strong data-start=\"750\" data-end=\"777\">Demo-Inhalt<\/strong> und beziehen sich nicht auf ein reales Unternehmen. Der K\u00e4ufer erh\u00e4lt eine komplett vorgefertigte Website-Struktur, die leicht an jede Stadt und jedes Format der Reinigungsbranche in Deutschland angepasst werden kann.<\/p>\n<p data-start=\"961\" data-end=\"1150\">Die Website hat ein modernes, minimalistisches Design, wird auf Computern, Tablets und Smartphones korrekt angezeigt und enth\u00e4lt bereits eine grundlegende SEO-Struktur f\u00fcr die Werbung in Google (DE).<\/p>\n<hr data-start=\"1152\" data-end=\"1155\" \/>\n<h2 data-start=\"1157\" data-end=\"1188\">\ud83d\udd27 Was ist in einer fertigen Website enthalten?<\/h2>\n<ul data-start=\"1190\" data-end=\"1587\">\n<li data-start=\"1190\" data-end=\"1233\">\n<p data-start=\"1192\" data-end=\"1233\">Hauptkredit des Reinigungsunternehmens (DE)<\/p>\n<\/li>\n<li data-start=\"1234\" data-end=\"1378\">\n<p data-start=\"1236\" data-end=\"1266\">Strukturierte Bl\u00f6cke von Dienstleistungen:<\/p>\n<ul data-start=\"1269\" data-end=\"1378\">\n<li data-start=\"1269\" data-end=\"1290\">\n<p data-start=\"1271\" data-end=\"1290\">Wohnungsreinigung<\/p>\n<\/li>\n<li data-start=\"1293\" data-end=\"1310\">\n<p data-start=\"1295\" data-end=\"1310\">B\u00fcroreinigung<\/p>\n<\/li>\n<li data-start=\"1313\" data-end=\"1336\">\n<p data-start=\"1315\" data-end=\"1336\">Unterhaltsreinigung<\/p>\n<\/li>\n<li data-start=\"1339\" data-end=\"1359\">\n<p data-start=\"1341\" data-end=\"1359\">Fensterreinigung<\/p>\n<\/li>\n<li data-start=\"1362\" data-end=\"1378\">\n<p data-start=\"1364\" data-end=\"1378\">Grundreinigung<\/p>\n<\/li>\n<\/ul>\n<\/li>\n<li data-start=\"1379\" data-end=\"1410\">\n<p data-start=\"1381\" data-end=\"1410\">Demo-Texte auf Deutsch<\/p>\n<\/li>\n<li data-start=\"1411\" data-end=\"1463\">\n<p data-start=\"1413\" data-end=\"1463\">Demo-Footer mit rechtssicherer Formulierung<\/p>\n<\/li>\n<li data-start=\"1464\" data-end=\"1503\">\n<p data-start=\"1466\" data-end=\"1503\">Vorgefertigte CTA-Bl\u00f6cke (Kontakt \/ Anfrage)<\/p>\n<\/li>\n<li data-start=\"1504\" data-end=\"1541\">\n<p data-start=\"1506\" data-end=\"1541\">Adaptives Design (mobilfreundlich)<\/p>\n<\/li>\n<li data-start=\"1542\" data-end=\"1587\">\n<p data-start=\"1544\" data-end=\"1587\">Saubere SEO-Struktur (H1-H3, Blocklogik)<\/p>\n<\/li>\n<\/ul>\n<hr data-start=\"1589\" data-end=\"1592\" \/>\n<h2 data-start=\"1594\" data-end=\"1627\">\ud83c\udfaf F\u00fcr wen diese Website geeignet ist<\/h2>\n<ul data-start=\"1629\" data-end=\"1815\">\n<li data-start=\"1629\" data-end=\"1670\">\n<p data-start=\"1631\" data-end=\"1670\">Start-ups im Bereich Reinigung in Deutschland<\/p>\n<\/li>\n<li data-start=\"1671\" data-end=\"1719\">\n<p data-start=\"1673\" data-end=\"1719\">Private Unternehmer (Einzelunternehmen)<\/p>\n<\/li>\n<li data-start=\"1720\" data-end=\"1750\">\n<p data-start=\"1722\" data-end=\"1750\">Eine kleine Reinigungsfirma<\/p>\n<\/li>\n<li data-start=\"1751\" data-end=\"1815\">\n<p data-start=\"1753\" data-end=\"1815\">F\u00fcr diejenigen, die <strong data-start=\"1768\" data-end=\"1815\">eine Website schnell zu starten, ohne sie von Grund auf neu zu entwickeln<\/strong><\/p>\n<\/li>\n<\/ul>\n<hr data-start=\"1817\" data-end=\"1820\" \/>\n<h2 data-start=\"1822\" data-end=\"1848\">\u26a0\ufe0f Wichtig (Demo-Hinweis)<\/h2>\n<p data-start=\"1850\" data-end=\"1940\">Diese Website wird vermarktet als <strong data-start=\"1874\" data-end=\"1899\">Vorlage (Demo-Website)<\/strong>.<br data-start=\"1900\" data-end=\"1903\" \/>Vor der Markteinf\u00fchrung muss der K\u00e4ufer Folgendes tun:<\/p>\n<ul data-start=\"1941\" data-end=\"2043\">\n<li data-start=\"1941\" data-end=\"1969\">\n<p data-start=\"1943\" data-end=\"1969\">Texte und Kontakte ersetzen<\/p>\n<\/li>\n<li data-start=\"1970\" data-end=\"2004\">\n<p data-start=\"1972\" data-end=\"2004\">Impressum und Datenschutz hinzuf\u00fcgen<\/p>\n<\/li>\n<li data-start=\"2005\" data-end=\"2043\">\n<p data-start=\"2007\" data-end=\"2043\">Inhalte auf Ihre Region zuschneiden<\/p>\n<\/li>\n<\/ul>\n<hr data-start=\"2045\" data-end=\"2048\" \/>\n<h2 data-start=\"2050\" data-end=\"2091\">\ud83d\ude80 Vorteile des Kaufs einer vorgefertigten Website<\/h2>\n<ul data-start=\"2093\" data-end=\"2280\">\n<li data-start=\"2093\" data-end=\"2123\">\n<p data-start=\"2095\" data-end=\"2123\">Zeit- und Budgeteinsparung<\/p>\n<\/li>\n<li data-start=\"2124\" data-end=\"2149\">\n<p data-start=\"2126\" data-end=\"2149\">Schnelle Unternehmensgr\u00fcndung<\/p>\n<\/li>\n<li data-start=\"2150\" data-end=\"2180\">\n<p data-start=\"2152\" data-end=\"2180\">Klare Struktur f\u00fcr SEO<\/p>\n<\/li>\n<li data-start=\"2181\" data-end=\"2232\">\n<p data-start=\"2183\" data-end=\"2232\">Geeignet f\u00fcr lokale Werbung in Google DE<\/p>\n<\/li>\n<li data-start=\"2233\" data-end=\"2280\">\n<p data-start=\"2235\" data-end=\"2280\">Enth\u00e4lt keine fremden Marken oder echten Daten<\/p>\n<\/li>\n<\/ul>\n<hr data-start=\"2282\" data-end=\"2285\" \/>\n<h2 data-start=\"2287\" data-end=\"2307\">\ud83d\udce6 Verkaufsformat<\/h2>\n<ul data-start=\"2309\" data-end=\"2435\">\n<li data-start=\"2309\" data-end=\"2339\">\n<p data-start=\"2311\" data-end=\"2339\">Fertige Website \/ Demo-Projekt<\/p>\n<\/li>\n<li data-start=\"2340\" data-end=\"2381\">\n<p data-start=\"2342\" data-end=\"2381\">Geeignet f\u00fcr Anpassungen<\/p>\n<\/li>\n<li data-start=\"2382\" data-end=\"2435\">\n<p data-start=\"2384\" data-end=\"2435\">Als Grundlage f\u00fcr eine kommerzielle Einf\u00fchrung<\/p>\n<\/li>\n<\/ul>","protected":false},"excerpt":{"rendered":"<p>Die Umsatzsteuer wird gem\u00e4\u00df \u00a719 UStG nicht erhoben.<\/p>\n<p><strong>Verbinden Sie Ihre Website mit Hosting und Domain f\u00fcr nur 1\u20ac<\/strong><em><\/p>\n<p>Die fertige Website f\u00fcr eine Reinigungsfirma in Deutschland ist professionell <strong data-start=\"463\" data-end=\"479\">Demo-Ausleihe<\/strong>, speziell entwickelt f\u00fcr den Verkauf und die schnelle Gr\u00fcndung von Reinigungsunternehmen. Die Seite ist ideal f\u00fcr private Reinigungsdienste, B\u00fcroreinigung, Unterhaltsreinigung, Fensterreinigung und Grundreinigung.<\/p>\n<p><a class=\"kakadoo-btn-demo\" href=\"https:\/\/olivedrab-termite-354023.hostingersite.com\/\" target=\"_blank\" rel=\"noopener\"><br \/>\nSehen Sie sich eine Demo der Website an<br \/>\n<\/a><\/p>","protected":false},"featured_media":3004,"comment_status":"open","ping_status":"closed","template":"","meta":[],"product_brand":[],"product_cat":[36],"product_tag":[],"class_list":{"0":"post-3003","1":"product","2":"type-product","3":"status-publish","4":"has-post-thumbnail","6":"product_cat-gotovie-seiti","8":"first","9":"instock","10":"virtual","11":"purchasable","12":"product-type-simple"},"yoast_head":"<!-- This site is optimized with the Yoast SEO plugin v27.5 - https:\/\/yoast.com\/product\/yoast-seo-wordpress\/ -->\n<title>\u0413\u043e\u0442\u043e\u0432\u044b\u0439 \u0441\u0430\u0439\u0442 \u0434\u043b\u044f \u043a\u043b\u0438\u043d\u0438\u043d\u0433\u043e\u0432\u043e\u0439 \u043a\u043e\u043c\u043f\u0430\u043d\u0438\u0438 \u0432 \u0413\u0435\u0440\u043c\u0430\u043d\u0438\u0438 | Demo<\/title>\n<meta name=\"description\" content=\"\u0413\u043e\u0442\u043e\u0432\u044b\u0439 demo-\u0441\u0430\u0439\u0442 \u0434\u043b\u044f \u043a\u043b\u0438\u043d\u0438\u043d\u0433\u043e\u0432\u043e\u0439 \u043a\u043e\u043c\u043f\u0430\u043d\u0438\u0438 \u0432 \u0413\u0435\u0440\u043c\u0430\u043d\u0438\u0438. \u041f\u043e\u0434\u0445\u043e\u0434\u0438\u0442 \u0434\u043b\u044f \u0431\u044b\u0441\u0442\u0440\u043e\u0433\u043e \u0437\u0430\u043f\u0443\u0441\u043a\u0430 \u0431\u0438\u0437\u043d\u0435\u0441\u0430. SEO-\u0441\u0442\u0440\u0443\u043a\u0442\u0443\u0440\u0430, \u043d\u0435\u043c\u0435\u0446\u043a\u0438\u0439 \u044f\u0437\u044b\u043a, \u0430\u0434\u0430\u043f\u0442\u0438\u0432\u043d\u044b\u0439 \u0434\u0438\u0437\u0430\u0439\u043d.\" \/>\n<meta name=\"robots\" content=\"index, follow, max-snippet:-1, max-image-preview:large, max-video-preview:-1\" \/>\n<link rel=\"canonical\" href=\"https:\/\/kakadoo-stu.de\/de\/produkt\/gotovyj-sajt-dlya-kliningovoj-kompanii-v-germanii\/\" \/>\n<meta name=\"twitter:card\" content=\"summary_large_image\" \/>\n<meta name=\"twitter:title\" content=\"\u0413\u043e\u0442\u043e\u0432\u044b\u0439 \u0441\u0430\u0439\u0442 \u0434\u043b\u044f \u043a\u043b\u0438\u043d\u0438\u043d\u0433\u043e\u0432\u043e\u0439 \u043a\u043e\u043c\u043f\u0430\u043d\u0438\u0438 \u0432 \u0413\u0435\u0440\u043c\u0430\u043d\u0438\u0438 | Demo\" \/>\n<meta name=\"twitter:description\" content=\"\u0413\u043e\u0442\u043e\u0432\u044b\u0439 demo-\u0441\u0430\u0439\u0442 \u0434\u043b\u044f \u043a\u043b\u0438\u043d\u0438\u043d\u0433\u043e\u0432\u043e\u0439 \u043a\u043e\u043c\u043f\u0430\u043d\u0438\u0438 \u0432 \u0413\u0435\u0440\u043c\u0430\u043d\u0438\u0438. \u041f\u043e\u0434\u0445\u043e\u0434\u0438\u0442 \u0434\u043b\u044f \u0431\u044b\u0441\u0442\u0440\u043e\u0433\u043e \u0437\u0430\u043f\u0443\u0441\u043a\u0430 \u0431\u0438\u0437\u043d\u0435\u0441\u0430. SEO-\u0441\u0442\u0440\u0443\u043a\u0442\u0443\u0440\u0430, \u043d\u0435\u043c\u0435\u0446\u043a\u0438\u0439 \u044f\u0437\u044b\u043a, \u0430\u0434\u0430\u043f\u0442\u0438\u0432\u043d\u044b\u0439 \u0434\u0438\u0437\u0430\u0439\u043d.\" \/>\n<meta name=\"twitter:image\" content=\"https:\/\/kakadoo-stu.de\/wp-content\/uploads\/2026\/02\/klining-chto-eto-1.jpg\" \/>\n<script type=\"application\/ld+json\" class=\"yoast-schema-graph\">{\"@context\":\"https:\\\/\\\/schema.org\",\"@graph\":[{\"@type\":\"WebPage\",\"@id\":\"https:\\\/\\\/kakadoo-stu.de\\\/product\\\/gotovyj-sajt-dlya-kliningovoj-kompanii-v-germanii\\\/\",\"url\":\"https:\\\/\\\/kakadoo-stu.de\\\/product\\\/gotovyj-sajt-dlya-kliningovoj-kompanii-v-germanii\\\/\",\"name\":\"\u0413\u043e\u0442\u043e\u0432\u044b\u0439 \u0441\u0430\u0439\u0442 \u0434\u043b\u044f \u043a\u043b\u0438\u043d\u0438\u043d\u0433\u043e\u0432\u043e\u0439 \u043a\u043e\u043c\u043f\u0430\u043d\u0438\u0438 \u0432 \u0413\u0435\u0440\u043c\u0430\u043d\u0438\u0438 | Demo\",\"isPartOf\":{\"@id\":\"https:\\\/\\\/kakadoo-stu.de\\\/#website\"},\"primaryImageOfPage\":{\"@id\":\"https:\\\/\\\/kakadoo-stu.de\\\/product\\\/gotovyj-sajt-dlya-kliningovoj-kompanii-v-germanii\\\/#primaryimage\"},\"image\":{\"@id\":\"https:\\\/\\\/kakadoo-stu.de\\\/product\\\/gotovyj-sajt-dlya-kliningovoj-kompanii-v-germanii\\\/#primaryimage\"},\"thumbnailUrl\":\"https:\\\/\\\/kakadoo-stu.de\\\/wp-content\\\/uploads\\\/2026\\\/02\\\/klining-chto-eto-1.jpg\",\"datePublished\":\"2026-02-02T18:51:10+00:00\",\"dateModified\":\"2026-04-14T14:04:48+00:00\",\"description\":\"\u0413\u043e\u0442\u043e\u0432\u044b\u0439 demo-\u0441\u0430\u0439\u0442 \u0434\u043b\u044f \u043a\u043b\u0438\u043d\u0438\u043d\u0433\u043e\u0432\u043e\u0439 \u043a\u043e\u043c\u043f\u0430\u043d\u0438\u0438 \u0432 \u0413\u0435\u0440\u043c\u0430\u043d\u0438\u0438. \u041f\u043e\u0434\u0445\u043e\u0434\u0438\u0442 \u0434\u043b\u044f \u0431\u044b\u0441\u0442\u0440\u043e\u0433\u043e \u0437\u0430\u043f\u0443\u0441\u043a\u0430 \u0431\u0438\u0437\u043d\u0435\u0441\u0430. SEO-\u0441\u0442\u0440\u0443\u043a\u0442\u0443\u0440\u0430, \u043d\u0435\u043c\u0435\u0446\u043a\u0438\u0439 \u044f\u0437\u044b\u043a, \u0430\u0434\u0430\u043f\u0442\u0438\u0432\u043d\u044b\u0439 \u0434\u0438\u0437\u0430\u0439\u043d.\",\"breadcrumb\":{\"@id\":\"https:\\\/\\\/kakadoo-stu.de\\\/product\\\/gotovyj-sajt-dlya-kliningovoj-kompanii-v-germanii\\\/#breadcrumb\"},\"inLanguage\":\"de\",\"potentialAction\":[{\"@type\":\"ReadAction\",\"target\":[\"https:\\\/\\\/kakadoo-stu.de\\\/product\\\/gotovyj-sajt-dlya-kliningovoj-kompanii-v-germanii\\\/\"]}]},{\"@type\":\"ImageObject\",\"inLanguage\":\"de\",\"@id\":\"https:\\\/\\\/kakadoo-stu.de\\\/product\\\/gotovyj-sajt-dlya-kliningovoj-kompanii-v-germanii\\\/#primaryimage\",\"url\":\"https:\\\/\\\/kakadoo-stu.de\\\/wp-content\\\/uploads\\\/2026\\\/02\\\/klining-chto-eto-1.jpg\",\"contentUrl\":\"https:\\\/\\\/kakadoo-stu.de\\\/wp-content\\\/uploads\\\/2026\\\/02\\\/klining-chto-eto-1.jpg\",\"width\":2000,\"height\":1333},{\"@type\":\"BreadcrumbList\",\"@id\":\"https:\\\/\\\/kakadoo-stu.de\\\/product\\\/gotovyj-sajt-dlya-kliningovoj-kompanii-v-germanii\\\/#breadcrumb\",\"itemListElement\":[{\"@type\":\"ListItem\",\"position\":1,\"name\":\"\u0413\u043b\u0430\u0432\u043d\u0430\u044f \u0441\u0442\u0440\u0430\u043d\u0438\u0446\u0430\",\"item\":\"https:\\\/\\\/kakadoo-stu.de\\\/\"},{\"@type\":\"ListItem\",\"position\":2,\"name\":\"\u041c\u0430\u0433\u0430\u0437\u0438\u043d\",\"item\":\"https:\\\/\\\/kakadoo-stu.de\\\/shop\\\/\"},{\"@type\":\"ListItem\",\"position\":3,\"name\":\"\ud83e\uddf9 \u0413\u043e\u0442\u043e\u0432\u044b\u0439 \u0441\u0430\u0439\u0442 \u0434\u043b\u044f \u043a\u043b\u0438\u043d\u0438\u043d\u0433\u043e\u0432\u043e\u0439 \u043a\u043e\u043c\u043f\u0430\u043d\u0438\u0438 \u0432 \u0413\u0435\u0440\u043c\u0430\u043d\u0438\u0438\"}]},{\"@type\":\"WebSite\",\"@id\":\"https:\\\/\\\/kakadoo-stu.de\\\/#website\",\"url\":\"https:\\\/\\\/kakadoo-stu.de\\\/\",\"name\":\"kakadoo\",\"description\":\"\",\"publisher\":{\"@id\":\"https:\\\/\\\/kakadoo-stu.de\\\/#organization\"},\"potentialAction\":[{\"@type\":\"SearchAction\",\"target\":{\"@type\":\"EntryPoint\",\"urlTemplate\":\"https:\\\/\\\/kakadoo-stu.de\\\/?s={search_term_string}\"},\"query-input\":{\"@type\":\"PropertyValueSpecification\",\"valueRequired\":true,\"valueName\":\"search_term_string\"}}],\"inLanguage\":\"de\"},{\"@type\":\"Organization\",\"@id\":\"https:\\\/\\\/kakadoo-stu.de\\\/#organization\",\"name\":\"kakadoo\",\"url\":\"https:\\\/\\\/kakadoo-stu.de\\\/\",\"logo\":{\"@type\":\"ImageObject\",\"inLanguage\":\"de\",\"@id\":\"https:\\\/\\\/kakadoo-stu.de\\\/#\\\/schema\\\/logo\\\/image\\\/\",\"url\":\"https:\\\/\\\/kakadoo-stu.de\\\/wp-content\\\/uploads\\\/2024\\\/10\\\/kakadoo-logo.png\",\"contentUrl\":\"https:\\\/\\\/kakadoo-stu.de\\\/wp-content\\\/uploads\\\/2024\\\/10\\\/kakadoo-logo.png\",\"width\":445,\"height\":115,\"caption\":\"kakadoo\"},\"image\":{\"@id\":\"https:\\\/\\\/kakadoo-stu.de\\\/#\\\/schema\\\/logo\\\/image\\\/\"},\"sameAs\":[\"https:\\\/\\\/www.facebook.com\\\/kakadoostudio\"]}]}<\/script>\n<!-- \/ Yoast SEO plugin. -->","yoast_head_json":{"title":"Vorgefertigte Website f\u00fcr eine Reinigungsfirma in Deutschland | Demo","description":"Fertige Demo-Site f\u00fcr ein Reinigungsunternehmen in Deutschland. Geeignet f\u00fcr eine schnelle Unternehmensgr\u00fcndung. SEO-Struktur, deutsche Sprache, adaptives Design.","robots":{"index":"index","follow":"follow","max-snippet":"max-snippet:-1","max-image-preview":"max-image-preview:large","max-video-preview":"max-video-preview:-1"},"canonical":"https:\/\/kakadoo-stu.de\/de\/produkt\/gotovyj-sajt-dlya-kliningovoj-kompanii-v-germanii\/","twitter_card":"summary_large_image","twitter_title":"\u0413\u043e\u0442\u043e\u0432\u044b\u0439 \u0441\u0430\u0439\u0442 \u0434\u043b\u044f \u043a\u043b\u0438\u043d\u0438\u043d\u0433\u043e\u0432\u043e\u0439 \u043a\u043e\u043c\u043f\u0430\u043d\u0438\u0438 \u0432 \u0413\u0435\u0440\u043c\u0430\u043d\u0438\u0438 | Demo","twitter_description":"\u0413\u043e\u0442\u043e\u0432\u044b\u0439 demo-\u0441\u0430\u0439\u0442 \u0434\u043b\u044f \u043a\u043b\u0438\u043d\u0438\u043d\u0433\u043e\u0432\u043e\u0439 \u043a\u043e\u043c\u043f\u0430\u043d\u0438\u0438 \u0432 \u0413\u0435\u0440\u043c\u0430\u043d\u0438\u0438. \u041f\u043e\u0434\u0445\u043e\u0434\u0438\u0442 \u0434\u043b\u044f \u0431\u044b\u0441\u0442\u0440\u043e\u0433\u043e \u0437\u0430\u043f\u0443\u0441\u043a\u0430 \u0431\u0438\u0437\u043d\u0435\u0441\u0430. SEO-\u0441\u0442\u0440\u0443\u043a\u0442\u0443\u0440\u0430, \u043d\u0435\u043c\u0435\u0446\u043a\u0438\u0439 \u044f\u0437\u044b\u043a, \u0430\u0434\u0430\u043f\u0442\u0438\u0432\u043d\u044b\u0439 \u0434\u0438\u0437\u0430\u0439\u043d.","twitter_image":"https:\/\/kakadoo-stu.de\/wp-content\/uploads\/2026\/02\/klining-chto-eto-1.jpg","schema":{"@context":"https:\/\/schema.org","@graph":[{"@type":"WebPage","@id":"https:\/\/kakadoo-stu.de\/product\/gotovyj-sajt-dlya-kliningovoj-kompanii-v-germanii\/","url":"https:\/\/kakadoo-stu.de\/product\/gotovyj-sajt-dlya-kliningovoj-kompanii-v-germanii\/","name":"Vorgefertigte Website f\u00fcr eine Reinigungsfirma in Deutschland | Demo","isPartOf":{"@id":"https:\/\/kakadoo-stu.de\/#website"},"primaryImageOfPage":{"@id":"https:\/\/kakadoo-stu.de\/product\/gotovyj-sajt-dlya-kliningovoj-kompanii-v-germanii\/#primaryimage"},"image":{"@id":"https:\/\/kakadoo-stu.de\/product\/gotovyj-sajt-dlya-kliningovoj-kompanii-v-germanii\/#primaryimage"},"thumbnailUrl":"https:\/\/kakadoo-stu.de\/wp-content\/uploads\/2026\/02\/klining-chto-eto-1.jpg","datePublished":"2026-02-02T18:51:10+00:00","dateModified":"2026-04-14T14:04:48+00:00","description":"Fertige Demo-Site f\u00fcr ein Reinigungsunternehmen in Deutschland. Geeignet f\u00fcr eine schnelle Unternehmensgr\u00fcndung. SEO-Struktur, deutsche Sprache, adaptives Design.","breadcrumb":{"@id":"https:\/\/kakadoo-stu.de\/product\/gotovyj-sajt-dlya-kliningovoj-kompanii-v-germanii\/#breadcrumb"},"inLanguage":"de","potentialAction":[{"@type":"ReadAction","target":["https:\/\/kakadoo-stu.de\/product\/gotovyj-sajt-dlya-kliningovoj-kompanii-v-germanii\/"]}]},{"@type":"ImageObject","inLanguage":"de","@id":"https:\/\/kakadoo-stu.de\/product\/gotovyj-sajt-dlya-kliningovoj-kompanii-v-germanii\/#primaryimage","url":"https:\/\/kakadoo-stu.de\/wp-content\/uploads\/2026\/02\/klining-chto-eto-1.jpg","contentUrl":"https:\/\/kakadoo-stu.de\/wp-content\/uploads\/2026\/02\/klining-chto-eto-1.jpg","width":2000,"height":1333},{"@type":"BreadcrumbList","@id":"https:\/\/kakadoo-stu.de\/product\/gotovyj-sajt-dlya-kliningovoj-kompanii-v-germanii\/#breadcrumb","itemListElement":[{"@type":"ListItem","position":1,"name":"\u0413\u043b\u0430\u0432\u043d\u0430\u044f \u0441\u0442\u0440\u0430\u043d\u0438\u0446\u0430","item":"https:\/\/kakadoo-stu.de\/"},{"@type":"ListItem","position":2,"name":"\u041c\u0430\u0433\u0430\u0437\u0438\u043d","item":"https:\/\/kakadoo-stu.de\/shop\/"},{"@type":"ListItem","position":3,"name":"\ud83e\uddf9 \u0413\u043e\u0442\u043e\u0432\u044b\u0439 \u0441\u0430\u0439\u0442 \u0434\u043b\u044f \u043a\u043b\u0438\u043d\u0438\u043d\u0433\u043e\u0432\u043e\u0439 \u043a\u043e\u043c\u043f\u0430\u043d\u0438\u0438 \u0432 \u0413\u0435\u0440\u043c\u0430\u043d\u0438\u0438"}]},{"@type":"WebSite","@id":"https:\/\/kakadoo-stu.de\/#website","url":"https:\/\/kakadoo-stu.de\/","name":"kakadoo","description":"","publisher":{"@id":"https:\/\/kakadoo-stu.de\/#organization"},"potentialAction":[{"@type":"SearchAction","target":{"@type":"EntryPoint","urlTemplate":"https:\/\/kakadoo-stu.de\/?s={search_term_string}"},"query-input":{"@type":"PropertyValueSpecification","valueRequired":true,"valueName":"search_term_string"}}],"inLanguage":"de"},{"@type":"Organization","@id":"https:\/\/kakadoo-stu.de\/#organization","name":"kakadoo","url":"https:\/\/kakadoo-stu.de\/","logo":{"@type":"ImageObject","inLanguage":"de","@id":"https:\/\/kakadoo-stu.de\/#\/schema\/logo\/image\/","url":"https:\/\/kakadoo-stu.de\/wp-content\/uploads\/2024\/10\/kakadoo-logo.png","contentUrl":"https:\/\/kakadoo-stu.de\/wp-content\/uploads\/2024\/10\/kakadoo-logo.png","width":445,"height":115,"caption":"kakadoo"},"image":{"@id":"https:\/\/kakadoo-stu.de\/#\/schema\/logo\/image\/"},"sameAs":["https:\/\/www.facebook.com\/kakadoostudio"]}]}},"jetpack-related-posts":[],"jetpack_sharing_enabled":true,"jetpack_likes_enabled":true,"_links":{"self":[{"href":"https:\/\/kakadoo-stu.de\/de\/wp-json\/wp\/v2\/product\/3003","targetHints":{"allow":["GET"]}}],"collection":[{"href":"https:\/\/kakadoo-stu.de\/de\/wp-json\/wp\/v2\/product"}],"about":[{"href":"https:\/\/kakadoo-stu.de\/de\/wp-json\/wp\/v2\/types\/product"}],"replies":[{"embeddable":true,"href":"https:\/\/kakadoo-stu.de\/de\/wp-json\/wp\/v2\/comments?post=3003"}],"wp:featuredmedia":[{"embeddable":true,"href":"https:\/\/kakadoo-stu.de\/de\/wp-json\/wp\/v2\/media\/3004"}],"wp:attachment":[{"href":"https:\/\/kakadoo-stu.de\/de\/wp-json\/wp\/v2\/media?parent=3003"}],"wp:term":[{"taxonomy":"product_brand","embeddable":true,"href":"https:\/\/kakadoo-stu.de\/de\/wp-json\/wp\/v2\/product_brand?post=3003"},{"taxonomy":"product_cat","embeddable":true,"href":"https:\/\/kakadoo-stu.de\/de\/wp-json\/wp\/v2\/product_cat?post=3003"},{"taxonomy":"product_tag","embeddable":true,"href":"https:\/\/kakadoo-stu.de\/de\/wp-json\/wp\/v2\/product_tag?post=3003"}],"curies":[{"name":"wp","href":"https:\/\/api.w.org\/{rel}","templated":true}]}}