{"id":2936,"date":"2025-12-12T21:35:05","date_gmt":"2025-12-12T18:35:05","guid":{"rendered":"https:\/\/kakadoo-stu.de\/?post_type=product&#038;p=2936"},"modified":"2026-03-23T18:08:27","modified_gmt":"2026-03-23T15:08:27","slug":"ersetzen-von-inhalten-auf-einer-fertigen-website","status":"publish","type":"product","link":"https:\/\/kakadoo-stu.de\/de\/product\/zamena-kontenta-na-gotovom-sajte\/","title":{"rendered":"Ersetzen von Inhalten auf einer fertigen Website f\u00fcr einen Gesch\u00e4ftskunden"},"content":{"rendered":"<p data-start=\"311\" data-end=\"676\">Das Ersetzen von Inhalten auf einer fertigen Website ist der letzte und einer der wichtigsten Schritte vor dem Start eines Projekts. Selbst die hochwertigste Website-Vorlage wird f\u00fcr ein Unternehmen nicht funktionieren, wenn sie mit universellem oder Testtext gef\u00fcllt ist. Im Webstudio <strong data-start=\"548\" data-end=\"559\">Kakadoo<\/strong> Wir bieten einen professionellen Austausch von Inhalten auf einer gekauften fertigen Website unter Ber\u00fccksichtigung der Besonderheiten des Kundengesch\u00e4fts an.<\/p>\n<p data-start=\"678\" data-end=\"1052\">Im Rahmen dieser Dienstleistung ersetzen wir Texte, Bilder und grundlegende Informationen auf der Website durch die vom Kunden bereitgestellten Materialien. Dabei kann es sich um eine Beschreibung der Dienstleistungen, Informationen \u00fcber das Unternehmen, Kontaktdaten, Texte f\u00fcr die Hauptseite und interne Rubriken handeln. Der Inhalt wird sorgf\u00e4ltig in die bereits fertige Struktur der Website integriert, ohne das Design, die Logik und die technische Integrit\u00e4t des Projekts zu beeintr\u00e4chtigen.<\/p>\n<p data-start=\"1054\" data-end=\"1381\">Besonderes Augenmerk wird auf die korrekte Platzierung der Inhalte gelegt: Die Texte werden auf die entsprechenden Bl\u00f6cke verteilt, die Lesbarkeit, die Struktur der \u00dcberschriften und die visuelle Ausgewogenheit der Seiten werden \u00fcberpr\u00fcft. Bei Bedarf passen wir die bereitgestellten Materialien an das Format der Website an, damit sie professionell aussehen und bei den Besuchern Vertrauen erwecken.<\/p>\n<p data-start=\"1383\" data-end=\"1712\">Der Content-Ersatz-Service ist besonders bei kleinen und lokalen Unternehmen in Deutschland gefragt, die schnell eine Website starten m\u00f6chten, ohne diese von Grund auf neu entwickeln zu m\u00fcssen. Dies ist die optimale L\u00f6sung f\u00fcr Sch\u00f6nheitssalons, Zahnarztpraxen, Dienstleistungsunternehmen, Handwerker und Unternehmer, denen es wichtig ist, Zeit zu sparen und ein fertiges Ergebnis zu erhalten.<\/p>\n<p data-start=\"1714\" data-end=\"1953\">Das Ergebnis der Dienstleistung ist eine vollst\u00e4ndig personalisierte Website mit den Inhalten des Kunden, die zur Ver\u00f6ffentlichung und weiteren Vermarktung bereit ist. Die Website spiegelt nun das tats\u00e4chliche Gesch\u00e4ft wider und ist keine Standardl\u00f6sung mehr. Sie kann als Grundlage f\u00fcr SEO und Werbung genutzt werden.<\/p>","protected":false},"excerpt":{"rendered":"<p>Die Umsatzsteuer wird gem\u00e4\u00df \u00a719 UStG nicht erhoben.<\/p>","protected":false},"featured_media":2950,"comment_status":"open","ping_status":"closed","template":"","meta":[],"product_brand":[],"product_cat":[54],"product_tag":[],"class_list":{"0":"post-2936","1":"product","2":"type-product","3":"status-publish","4":"has-post-thumbnail","6":"product_cat-uslugi-veb-studii","8":"first","9":"instock","10":"virtual","11":"purchasable","12":"product-type-simple"},"yoast_head":"<!-- This site is optimized with the Yoast SEO plugin v27.6 - https:\/\/yoast.com\/product\/yoast-seo-wordpress\/ -->\n<title>\u0417\u0430\u043c\u0435\u043d\u0430 \u043a\u043e\u043d\u0442\u0435\u043d\u0442\u0430 \u043d\u0430 \u0433\u043e\u0442\u043e\u0432\u043e\u043c \u0441\u0430\u0439\u0442\u0435 \u043f\u043e\u0434 \u0431\u0438\u0437\u043d\u0435\u0441 | Kakadoo Studio<\/title>\n<meta name=\"description\" content=\"\u041f\u0440\u043e\u0444\u0435\u0441\u0441\u0438\u043e\u043d\u0430\u043b\u044c\u043d\u0430\u044f \u0437\u0430\u043c\u0435\u043d\u0430 \u043a\u043e\u043d\u0442\u0435\u043d\u0442\u0430 \u043d\u0430 \u043a\u0443\u043f\u043b\u0435\u043d\u043d\u043e\u043c \u0433\u043e\u0442\u043e\u0432\u043e\u043c \u0441\u0430\u0439\u0442\u0435. \u0410\u0434\u0430\u043f\u0442\u0430\u0446\u0438\u044f \u0442\u0435\u043a\u0441\u0442\u043e\u0432 \u0438 \u0434\u0430\u043d\u043d\u044b\u0445 \u043f\u043e\u0434 \u0431\u0438\u0437\u043d\u0435\u0441 \u043a\u043b\u0438\u0435\u043d\u0442\u0430. \u0411\u044b\u0441\u0442\u0440\u044b\u0439 \u0437\u0430\u043f\u0443\u0441\u043a \u0441\u0430\u0439\u0442\u0430. Kakadoo Studio.\" \/>\n<meta name=\"robots\" content=\"index, follow, max-snippet:-1, max-image-preview:large, max-video-preview:-1\" \/>\n<link rel=\"canonical\" href=\"https:\/\/kakadoo-stu.de\/de\/produkt\/ersetzen-von-inhalten-auf-einer-fertigen-website\/\" \/>\n<meta name=\"twitter:card\" content=\"summary_large_image\" \/>\n<meta name=\"twitter:title\" content=\"\u0417\u0430\u043c\u0435\u043d\u0430 \u043a\u043e\u043d\u0442\u0435\u043d\u0442\u0430 \u043d\u0430 \u0433\u043e\u0442\u043e\u0432\u043e\u043c \u0441\u0430\u0439\u0442\u0435 \u043f\u043e\u0434 \u0431\u0438\u0437\u043d\u0435\u0441 | Kakadoo Studio\" \/>\n<meta name=\"twitter:description\" content=\"\u041f\u0440\u043e\u0444\u0435\u0441\u0441\u0438\u043e\u043d\u0430\u043b\u044c\u043d\u0430\u044f \u0437\u0430\u043c\u0435\u043d\u0430 \u043a\u043e\u043d\u0442\u0435\u043d\u0442\u0430 \u043d\u0430 \u043a\u0443\u043f\u043b\u0435\u043d\u043d\u043e\u043c \u0433\u043e\u0442\u043e\u0432\u043e\u043c \u0441\u0430\u0439\u0442\u0435. \u0410\u0434\u0430\u043f\u0442\u0430\u0446\u0438\u044f \u0442\u0435\u043a\u0441\u0442\u043e\u0432 \u0438 \u0434\u0430\u043d\u043d\u044b\u0445 \u043f\u043e\u0434 \u0431\u0438\u0437\u043d\u0435\u0441 \u043a\u043b\u0438\u0435\u043d\u0442\u0430. \u0411\u044b\u0441\u0442\u0440\u044b\u0439 \u0437\u0430\u043f\u0443\u0441\u043a \u0441\u0430\u0439\u0442\u0430. Kakadoo Studio.\" \/>\n<meta name=\"twitter:image\" content=\"https:\/\/kakadoo-stu.de\/wp-content\/uploads\/2025\/12\/\u0442\u043e\u0432\u0430\u04402.png\" \/>\n<script type=\"application\/ld+json\" class=\"yoast-schema-graph\">{\"@context\":\"https:\\\/\\\/schema.org\",\"@graph\":[{\"@type\":\"WebPage\",\"@id\":\"https:\\\/\\\/kakadoo-stu.de\\\/product\\\/zamena-kontenta-na-gotovom-sajte\\\/\",\"url\":\"https:\\\/\\\/kakadoo-stu.de\\\/product\\\/zamena-kontenta-na-gotovom-sajte\\\/\",\"name\":\"\u0417\u0430\u043c\u0435\u043d\u0430 \u043a\u043e\u043d\u0442\u0435\u043d\u0442\u0430 \u043d\u0430 \u0433\u043e\u0442\u043e\u0432\u043e\u043c \u0441\u0430\u0439\u0442\u0435 \u043f\u043e\u0434 \u0431\u0438\u0437\u043d\u0435\u0441 | Kakadoo Studio\",\"isPartOf\":{\"@id\":\"https:\\\/\\\/kakadoo-stu.de\\\/#website\"},\"primaryImageOfPage\":{\"@id\":\"https:\\\/\\\/kakadoo-stu.de\\\/product\\\/zamena-kontenta-na-gotovom-sajte\\\/#primaryimage\"},\"image\":{\"@id\":\"https:\\\/\\\/kakadoo-stu.de\\\/product\\\/zamena-kontenta-na-gotovom-sajte\\\/#primaryimage\"},\"thumbnailUrl\":\"https:\\\/\\\/kakadoo-stu.de\\\/wp-content\\\/uploads\\\/2025\\\/12\\\/\u0442\u043e\u0432\u0430\u04402.png\",\"datePublished\":\"2025-12-12T18:35:05+00:00\",\"dateModified\":\"2026-03-23T15:08:27+00:00\",\"description\":\"\u041f\u0440\u043e\u0444\u0435\u0441\u0441\u0438\u043e\u043d\u0430\u043b\u044c\u043d\u0430\u044f \u0437\u0430\u043c\u0435\u043d\u0430 \u043a\u043e\u043d\u0442\u0435\u043d\u0442\u0430 \u043d\u0430 \u043a\u0443\u043f\u043b\u0435\u043d\u043d\u043e\u043c \u0433\u043e\u0442\u043e\u0432\u043e\u043c \u0441\u0430\u0439\u0442\u0435. \u0410\u0434\u0430\u043f\u0442\u0430\u0446\u0438\u044f \u0442\u0435\u043a\u0441\u0442\u043e\u0432 \u0438 \u0434\u0430\u043d\u043d\u044b\u0445 \u043f\u043e\u0434 \u0431\u0438\u0437\u043d\u0435\u0441 \u043a\u043b\u0438\u0435\u043d\u0442\u0430. \u0411\u044b\u0441\u0442\u0440\u044b\u0439 \u0437\u0430\u043f\u0443\u0441\u043a \u0441\u0430\u0439\u0442\u0430. Kakadoo Studio.\",\"breadcrumb\":{\"@id\":\"https:\\\/\\\/kakadoo-stu.de\\\/product\\\/zamena-kontenta-na-gotovom-sajte\\\/#breadcrumb\"},\"inLanguage\":\"de\",\"potentialAction\":[{\"@type\":\"ReadAction\",\"target\":[\"https:\\\/\\\/kakadoo-stu.de\\\/product\\\/zamena-kontenta-na-gotovom-sajte\\\/\"]}]},{\"@type\":\"ImageObject\",\"inLanguage\":\"de\",\"@id\":\"https:\\\/\\\/kakadoo-stu.de\\\/product\\\/zamena-kontenta-na-gotovom-sajte\\\/#primaryimage\",\"url\":\"https:\\\/\\\/kakadoo-stu.de\\\/wp-content\\\/uploads\\\/2025\\\/12\\\/\u0442\u043e\u0432\u0430\u04402.png\",\"contentUrl\":\"https:\\\/\\\/kakadoo-stu.de\\\/wp-content\\\/uploads\\\/2025\\\/12\\\/\u0442\u043e\u0432\u0430\u04402.png\",\"width\":831,\"height\":777,\"caption\":\"\u0417\u0430\u043c\u0435\u043d\u0430 \u043a\u043e\u043d\u0442\u0435\u043d\u0442\u0430 \u043d\u0430 \u0433\u043e\u0442\u043e\u0432\u043e\u043c \u0441\u0430\u0439\u0442\u0435 \u043f\u043e\u0434 \u0431\u0438\u0437\u043d\u0435\u0441 \u043a\u043b\u0438\u0435\u043d\u0442\u0430 \u2014 \u0442\u0435\u043a\u0441\u0442\u044b \u0438 \u0438\u0437\u043e\u0431\u0440\u0430\u0436\u0435\u043d\u0438\u044f\"},{\"@type\":\"BreadcrumbList\",\"@id\":\"https:\\\/\\\/kakadoo-stu.de\\\/product\\\/zamena-kontenta-na-gotovom-sajte\\\/#breadcrumb\",\"itemListElement\":[{\"@type\":\"ListItem\",\"position\":1,\"name\":\"\u0413\u043b\u0430\u0432\u043d\u0430\u044f \u0441\u0442\u0440\u0430\u043d\u0438\u0446\u0430\",\"item\":\"https:\\\/\\\/kakadoo-stu.de\\\/\"},{\"@type\":\"ListItem\",\"position\":2,\"name\":\"\u041c\u0430\u0433\u0430\u0437\u0438\u043d\",\"item\":\"https:\\\/\\\/kakadoo-stu.de\\\/shop\\\/\"},{\"@type\":\"ListItem\",\"position\":3,\"name\":\"\u0417\u0430\u043c\u0435\u043d\u0430 \u043a\u043e\u043d\u0442\u0435\u043d\u0442\u0430 \u043d\u0430 \u0433\u043e\u0442\u043e\u0432\u043e\u043c \u0441\u0430\u0439\u0442\u0435 \u043f\u043e\u0434 \u0431\u0438\u0437\u043d\u0435\u0441 \u043a\u043b\u0438\u0435\u043d\u0442\u0430\"}]},{\"@type\":\"WebSite\",\"@id\":\"https:\\\/\\\/kakadoo-stu.de\\\/#website\",\"url\":\"https:\\\/\\\/kakadoo-stu.de\\\/\",\"name\":\"kakadoo\",\"description\":\"\",\"publisher\":{\"@id\":\"https:\\\/\\\/kakadoo-stu.de\\\/#organization\"},\"potentialAction\":[{\"@type\":\"SearchAction\",\"target\":{\"@type\":\"EntryPoint\",\"urlTemplate\":\"https:\\\/\\\/kakadoo-stu.de\\\/?s={search_term_string}\"},\"query-input\":{\"@type\":\"PropertyValueSpecification\",\"valueRequired\":true,\"valueName\":\"search_term_string\"}}],\"inLanguage\":\"de\"},{\"@type\":\"Organization\",\"@id\":\"https:\\\/\\\/kakadoo-stu.de\\\/#organization\",\"name\":\"kakadoo\",\"url\":\"https:\\\/\\\/kakadoo-stu.de\\\/\",\"logo\":{\"@type\":\"ImageObject\",\"inLanguage\":\"de\",\"@id\":\"https:\\\/\\\/kakadoo-stu.de\\\/#\\\/schema\\\/logo\\\/image\\\/\",\"url\":\"https:\\\/\\\/kakadoo-stu.de\\\/wp-content\\\/uploads\\\/2024\\\/10\\\/kakadoo-logo.png\",\"contentUrl\":\"https:\\\/\\\/kakadoo-stu.de\\\/wp-content\\\/uploads\\\/2024\\\/10\\\/kakadoo-logo.png\",\"width\":445,\"height\":115,\"caption\":\"kakadoo\"},\"image\":{\"@id\":\"https:\\\/\\\/kakadoo-stu.de\\\/#\\\/schema\\\/logo\\\/image\\\/\"},\"sameAs\":[\"https:\\\/\\\/www.facebook.com\\\/kakadoostudio\"]}]}<\/script>\n<!-- \/ Yoast SEO plugin. -->","yoast_head_json":{"title":"Ersetzen von Inhalten auf einer fertigen Website f\u00fcr Unternehmen | Kakadoo Studio","description":"Professioneller Austausch von Inhalten auf einer gekauften fertigen Website. Anpassung von Texten und Daten an das Gesch\u00e4ft des Kunden. Schnelle Inbetriebnahme der Website. Kakadoo Studio.","robots":{"index":"index","follow":"follow","max-snippet":"max-snippet:-1","max-image-preview":"max-image-preview:large","max-video-preview":"max-video-preview:-1"},"canonical":"https:\/\/kakadoo-stu.de\/de\/produkt\/ersetzen-von-inhalten-auf-einer-fertigen-website\/","twitter_card":"summary_large_image","twitter_title":"\u0417\u0430\u043c\u0435\u043d\u0430 \u043a\u043e\u043d\u0442\u0435\u043d\u0442\u0430 \u043d\u0430 \u0433\u043e\u0442\u043e\u0432\u043e\u043c \u0441\u0430\u0439\u0442\u0435 \u043f\u043e\u0434 \u0431\u0438\u0437\u043d\u0435\u0441 | Kakadoo Studio","twitter_description":"\u041f\u0440\u043e\u0444\u0435\u0441\u0441\u0438\u043e\u043d\u0430\u043b\u044c\u043d\u0430\u044f \u0437\u0430\u043c\u0435\u043d\u0430 \u043a\u043e\u043d\u0442\u0435\u043d\u0442\u0430 \u043d\u0430 \u043a\u0443\u043f\u043b\u0435\u043d\u043d\u043e\u043c \u0433\u043e\u0442\u043e\u0432\u043e\u043c \u0441\u0430\u0439\u0442\u0435. \u0410\u0434\u0430\u043f\u0442\u0430\u0446\u0438\u044f \u0442\u0435\u043a\u0441\u0442\u043e\u0432 \u0438 \u0434\u0430\u043d\u043d\u044b\u0445 \u043f\u043e\u0434 \u0431\u0438\u0437\u043d\u0435\u0441 \u043a\u043b\u0438\u0435\u043d\u0442\u0430. \u0411\u044b\u0441\u0442\u0440\u044b\u0439 \u0437\u0430\u043f\u0443\u0441\u043a \u0441\u0430\u0439\u0442\u0430. Kakadoo Studio.","twitter_image":"https:\/\/kakadoo-stu.de\/wp-content\/uploads\/2025\/12\/\u0442\u043e\u0432\u0430\u04402.png","schema":{"@context":"https:\/\/schema.org","@graph":[{"@type":"WebPage","@id":"https:\/\/kakadoo-stu.de\/product\/zamena-kontenta-na-gotovom-sajte\/","url":"https:\/\/kakadoo-stu.de\/product\/zamena-kontenta-na-gotovom-sajte\/","name":"Ersetzen von Inhalten auf einer fertigen Website f\u00fcr Unternehmen | Kakadoo Studio","isPartOf":{"@id":"https:\/\/kakadoo-stu.de\/#website"},"primaryImageOfPage":{"@id":"https:\/\/kakadoo-stu.de\/product\/zamena-kontenta-na-gotovom-sajte\/#primaryimage"},"image":{"@id":"https:\/\/kakadoo-stu.de\/product\/zamena-kontenta-na-gotovom-sajte\/#primaryimage"},"thumbnailUrl":"https:\/\/kakadoo-stu.de\/wp-content\/uploads\/2025\/12\/\u0442\u043e\u0432\u0430\u04402.png","datePublished":"2025-12-12T18:35:05+00:00","dateModified":"2026-03-23T15:08:27+00:00","description":"Professioneller Austausch von Inhalten auf einer gekauften fertigen Website. Anpassung von Texten und Daten an das Gesch\u00e4ft des Kunden. Schnelle Inbetriebnahme der Website. Kakadoo Studio.","breadcrumb":{"@id":"https:\/\/kakadoo-stu.de\/product\/zamena-kontenta-na-gotovom-sajte\/#breadcrumb"},"inLanguage":"de","potentialAction":[{"@type":"ReadAction","target":["https:\/\/kakadoo-stu.de\/product\/zamena-kontenta-na-gotovom-sajte\/"]}]},{"@type":"ImageObject","inLanguage":"de","@id":"https:\/\/kakadoo-stu.de\/product\/zamena-kontenta-na-gotovom-sajte\/#primaryimage","url":"https:\/\/kakadoo-stu.de\/wp-content\/uploads\/2025\/12\/\u0442\u043e\u0432\u0430\u04402.png","contentUrl":"https:\/\/kakadoo-stu.de\/wp-content\/uploads\/2025\/12\/\u0442\u043e\u0432\u0430\u04402.png","width":831,"height":777,"caption":"\u0417\u0430\u043c\u0435\u043d\u0430 \u043a\u043e\u043d\u0442\u0435\u043d\u0442\u0430 \u043d\u0430 \u0433\u043e\u0442\u043e\u0432\u043e\u043c \u0441\u0430\u0439\u0442\u0435 \u043f\u043e\u0434 \u0431\u0438\u0437\u043d\u0435\u0441 \u043a\u043b\u0438\u0435\u043d\u0442\u0430 \u2014 \u0442\u0435\u043a\u0441\u0442\u044b \u0438 \u0438\u0437\u043e\u0431\u0440\u0430\u0436\u0435\u043d\u0438\u044f"},{"@type":"BreadcrumbList","@id":"https:\/\/kakadoo-stu.de\/product\/zamena-kontenta-na-gotovom-sajte\/#breadcrumb","itemListElement":[{"@type":"ListItem","position":1,"name":"\u0413\u043b\u0430\u0432\u043d\u0430\u044f \u0441\u0442\u0440\u0430\u043d\u0438\u0446\u0430","item":"https:\/\/kakadoo-stu.de\/"},{"@type":"ListItem","position":2,"name":"\u041c\u0430\u0433\u0430\u0437\u0438\u043d","item":"https:\/\/kakadoo-stu.de\/shop\/"},{"@type":"ListItem","position":3,"name":"\u0417\u0430\u043c\u0435\u043d\u0430 \u043a\u043e\u043d\u0442\u0435\u043d\u0442\u0430 \u043d\u0430 \u0433\u043e\u0442\u043e\u0432\u043e\u043c \u0441\u0430\u0439\u0442\u0435 \u043f\u043e\u0434 \u0431\u0438\u0437\u043d\u0435\u0441 \u043a\u043b\u0438\u0435\u043d\u0442\u0430"}]},{"@type":"WebSite","@id":"https:\/\/kakadoo-stu.de\/#website","url":"https:\/\/kakadoo-stu.de\/","name":"kakadoo","description":"","publisher":{"@id":"https:\/\/kakadoo-stu.de\/#organization"},"potentialAction":[{"@type":"SearchAction","target":{"@type":"EntryPoint","urlTemplate":"https:\/\/kakadoo-stu.de\/?s={search_term_string}"},"query-input":{"@type":"PropertyValueSpecification","valueRequired":true,"valueName":"search_term_string"}}],"inLanguage":"de"},{"@type":"Organization","@id":"https:\/\/kakadoo-stu.de\/#organization","name":"kakadoo","url":"https:\/\/kakadoo-stu.de\/","logo":{"@type":"ImageObject","inLanguage":"de","@id":"https:\/\/kakadoo-stu.de\/#\/schema\/logo\/image\/","url":"https:\/\/kakadoo-stu.de\/wp-content\/uploads\/2024\/10\/kakadoo-logo.png","contentUrl":"https:\/\/kakadoo-stu.de\/wp-content\/uploads\/2024\/10\/kakadoo-logo.png","width":445,"height":115,"caption":"kakadoo"},"image":{"@id":"https:\/\/kakadoo-stu.de\/#\/schema\/logo\/image\/"},"sameAs":["https:\/\/www.facebook.com\/kakadoostudio"]}]}},"jetpack-related-posts":[],"jetpack_sharing_enabled":true,"jetpack_likes_enabled":true,"_links":{"self":[{"href":"https:\/\/kakadoo-stu.de\/de\/wp-json\/wp\/v2\/product\/2936","targetHints":{"allow":["GET"]}}],"collection":[{"href":"https:\/\/kakadoo-stu.de\/de\/wp-json\/wp\/v2\/product"}],"about":[{"href":"https:\/\/kakadoo-stu.de\/de\/wp-json\/wp\/v2\/types\/product"}],"replies":[{"embeddable":true,"href":"https:\/\/kakadoo-stu.de\/de\/wp-json\/wp\/v2\/comments?post=2936"}],"wp:featuredmedia":[{"embeddable":true,"href":"https:\/\/kakadoo-stu.de\/de\/wp-json\/wp\/v2\/media\/2950"}],"wp:attachment":[{"href":"https:\/\/kakadoo-stu.de\/de\/wp-json\/wp\/v2\/media?parent=2936"}],"wp:term":[{"taxonomy":"product_brand","embeddable":true,"href":"https:\/\/kakadoo-stu.de\/de\/wp-json\/wp\/v2\/product_brand?post=2936"},{"taxonomy":"product_cat","embeddable":true,"href":"https:\/\/kakadoo-stu.de\/de\/wp-json\/wp\/v2\/product_cat?post=2936"},{"taxonomy":"product_tag","embeddable":true,"href":"https:\/\/kakadoo-stu.de\/de\/wp-json\/wp\/v2\/product_tag?post=2936"}],"curies":[{"name":"wp","href":"https:\/\/api.w.org\/{rel}","templated":true}]}}