{"id":2935,"date":"2025-12-12T21:31:18","date_gmt":"2025-12-12T18:31:18","guid":{"rendered":"https:\/\/kakadoo-stu.de\/?post_type=product&#038;p=2935"},"modified":"2026-03-23T18:09:35","modified_gmt":"2026-03-23T15:09:35","slug":"grundlegende-suchmaschinenoptimierung-der-website","status":"publish","type":"product","link":"https:\/\/kakadoo-stu.de\/de\/product\/bazovoe-seo-prodvizhenie-sajta\/","title":{"rendered":"Grundlegende SEO-Optimierung der Website"},"content":{"rendered":"<p data-start=\"293\" data-end=\"678\">Grundlegende SEO-Optimierung ist das Fundament, ohne das eine Website nicht kontinuierlich Kunden \u00fcber die Google-Suche gewinnen kann. Selbst die sch\u00f6nste Website wird keine Ergebnisse liefern, wenn sie nicht f\u00fcr die tats\u00e4chlichen Suchanfragen Ihrer Zielgruppe optimiert ist. Im Webstudio <strong data-start=\"541\" data-end=\"552\">Kakadoo<\/strong> Wir bieten grundlegende Suchmaschinenoptimierung als ersten Schritt zur Website-Promotion an, um die richtige Struktur und den richtigen Inhalt zu schaffen.<\/p>\n<p data-start=\"680\" data-end=\"967\">Der Service beginnt mit einer Analyse der Wettbewerber in Ihrer Nische und Region. Wir untersuchen die Websites von Unternehmen, die bereits bei Google ganz oben stehen, ermitteln ihre St\u00e4rken, ihre Struktur, die Arten ihrer Seiten und ihre wichtigsten Suchanfragen. So k\u00f6nnen wir eine SEO-Strategie entwickeln, die nicht blindlings, sondern auf der Grundlage realer Marktdaten basiert.<\/p>\n<p data-start=\"969\" data-end=\"1249\">Der n\u00e4chste Schritt ist die Zusammenstellung des semantischen Kerns. Wir w\u00e4hlen relevante Schl\u00fcsselw\u00f6rter und Suchphrasen aus, mit denen potenzielle Kunden nach Ihren Dienstleistungen suchen. Die Semantik wird unter Ber\u00fccksichtigung der Region, der Art des Unternehmens und der Suchanfragen zusammengestellt, was besonders f\u00fcr lokale Unternehmen in Deutschland wichtig ist.<\/p>\n<p data-start=\"1251\" data-end=\"1595\">Auf der Grundlage der gesammelten Semantik wird die Website mit SEO-Inhalten gef\u00fcllt. Wir optimieren die Texte der Seiten, f\u00fcgen H1\u2013H3-\u00dcberschriften, Meta-Tags (Titel und Beschreibung), ALT-Beschreibungen f\u00fcr Bilder und grundlegende interne Verlinkungen hinzu. Der Inhalt wird nicht nur f\u00fcr Suchmaschinen, sondern auch f\u00fcr echte Nutzer erstellt \u2013 verst\u00e4ndlich, logisch und verkaufsf\u00f6rdernd.<\/p>\n<p data-start=\"1597\" data-end=\"1903\">Grundlegendes SEO eignet sich f\u00fcr neue Websites, Websites nach einer Neugestaltung sowie f\u00fcr Unternehmen, die ohne unn\u00f6tige Kosten die Grundlage f\u00fcr weitere Werbema\u00dfnahmen schaffen m\u00f6chten. Das Ergebnis dieser Dienstleistung ist eine technisch und inhaltlich vorbereitete Website, die bereit ist, ihre Position in Google zu verbessern und fortschrittlichere SEO-Tools zu integrieren.<\/p>","protected":false},"excerpt":{"rendered":"<p>Die Umsatzsteuer wird gem\u00e4\u00df \u00a719 UStG nicht erhoben.<\/p>","protected":false},"featured_media":2949,"comment_status":"open","ping_status":"closed","template":"","meta":[],"product_brand":[],"product_cat":[54],"product_tag":[],"class_list":{"0":"post-2935","1":"product","2":"type-product","3":"status-publish","4":"has-post-thumbnail","6":"product_cat-uslugi-veb-studii","8":"first","9":"instock","10":"sale","11":"virtual","12":"purchasable","13":"product-type-simple"},"yoast_head":"<!-- This site is optimized with the Yoast SEO plugin v27.5 - https:\/\/yoast.com\/product\/yoast-seo-wordpress\/ -->\n<title>\u0411\u0430\u0437\u043e\u0432\u043e\u0435 SEO-\u043f\u0440\u043e\u0434\u0432\u0438\u0436\u0435\u043d\u0438\u0435 \u0441\u0430\u0439\u0442\u0430 | \u0410\u043d\u0430\u043b\u0438\u0437, \u0441\u0435\u043c\u0430\u043d\u0442\u0438\u043a\u0430, \u043a\u043e\u043d\u0442\u0435\u043d\u0442 | Kakadoo<\/title>\n<meta name=\"description\" content=\"\u0411\u0430\u0437\u043e\u0432\u043e\u0435 SEO-\u043f\u0440\u043e\u0434\u0432\u0438\u0436\u0435\u043d\u0438\u0435 \u0441\u0430\u0439\u0442\u0430: \u0430\u043d\u0430\u043b\u0438\u0437 \u043a\u043e\u043d\u043a\u0443\u0440\u0435\u043d\u0442\u043e\u0432, \u0441\u0431\u043e\u0440 \u0441\u0435\u043c\u0430\u043d\u0442\u0438\u043a\u0438, SEO-\u043a\u043e\u043d\u0442\u0435\u043d\u0442 \u0438 \u0442\u0435\u0433\u0438. \u041f\u043e\u0434\u0433\u043e\u0442\u043e\u0432\u043a\u0430 \u0441\u0430\u0439\u0442\u0430 \u043a \u0440\u043e\u0441\u0442\u0443 \u043f\u043e\u0437\u0438\u0446\u0438\u0439 \u0432 Google. Kakadoo Studio.\" \/>\n<meta name=\"robots\" content=\"index, follow, max-snippet:-1, max-image-preview:large, max-video-preview:-1\" \/>\n<link rel=\"canonical\" href=\"https:\/\/kakadoo-stu.de\/de\/produkt\/grundlegende-suchmaschinenoptimierung-der-website\/\" \/>\n<meta name=\"twitter:card\" content=\"summary_large_image\" \/>\n<meta name=\"twitter:title\" content=\"\u0411\u0430\u0437\u043e\u0432\u043e\u0435 SEO-\u043f\u0440\u043e\u0434\u0432\u0438\u0436\u0435\u043d\u0438\u0435 \u0441\u0430\u0439\u0442\u0430 | \u0410\u043d\u0430\u043b\u0438\u0437, \u0441\u0435\u043c\u0430\u043d\u0442\u0438\u043a\u0430, \u043a\u043e\u043d\u0442\u0435\u043d\u0442 | Kakadoo\" \/>\n<meta name=\"twitter:description\" content=\"\u0411\u0430\u0437\u043e\u0432\u043e\u0435 SEO-\u043f\u0440\u043e\u0434\u0432\u0438\u0436\u0435\u043d\u0438\u0435 \u0441\u0430\u0439\u0442\u0430: \u0430\u043d\u0430\u043b\u0438\u0437 \u043a\u043e\u043d\u043a\u0443\u0440\u0435\u043d\u0442\u043e\u0432, \u0441\u0431\u043e\u0440 \u0441\u0435\u043c\u0430\u043d\u0442\u0438\u043a\u0438, SEO-\u043a\u043e\u043d\u0442\u0435\u043d\u0442 \u0438 \u0442\u0435\u0433\u0438. \u041f\u043e\u0434\u0433\u043e\u0442\u043e\u0432\u043a\u0430 \u0441\u0430\u0439\u0442\u0430 \u043a \u0440\u043e\u0441\u0442\u0443 \u043f\u043e\u0437\u0438\u0446\u0438\u0439 \u0432 Google. Kakadoo Studio.\" \/>\n<meta name=\"twitter:image\" content=\"https:\/\/kakadoo-stu.de\/wp-content\/uploads\/2025\/12\/towar.png\" \/>\n<script type=\"application\/ld+json\" class=\"yoast-schema-graph\">{\"@context\":\"https:\\\/\\\/schema.org\",\"@graph\":[{\"@type\":\"WebPage\",\"@id\":\"https:\\\/\\\/kakadoo-stu.de\\\/product\\\/bazovoe-seo-prodvizhenie-sajta\\\/\",\"url\":\"https:\\\/\\\/kakadoo-stu.de\\\/product\\\/bazovoe-seo-prodvizhenie-sajta\\\/\",\"name\":\"\u0411\u0430\u0437\u043e\u0432\u043e\u0435 SEO-\u043f\u0440\u043e\u0434\u0432\u0438\u0436\u0435\u043d\u0438\u0435 \u0441\u0430\u0439\u0442\u0430 | \u0410\u043d\u0430\u043b\u0438\u0437, \u0441\u0435\u043c\u0430\u043d\u0442\u0438\u043a\u0430, \u043a\u043e\u043d\u0442\u0435\u043d\u0442 | Kakadoo\",\"isPartOf\":{\"@id\":\"https:\\\/\\\/kakadoo-stu.de\\\/#website\"},\"primaryImageOfPage\":{\"@id\":\"https:\\\/\\\/kakadoo-stu.de\\\/product\\\/bazovoe-seo-prodvizhenie-sajta\\\/#primaryimage\"},\"image\":{\"@id\":\"https:\\\/\\\/kakadoo-stu.de\\\/product\\\/bazovoe-seo-prodvizhenie-sajta\\\/#primaryimage\"},\"thumbnailUrl\":\"https:\\\/\\\/kakadoo-stu.de\\\/wp-content\\\/uploads\\\/2025\\\/12\\\/towar.png\",\"datePublished\":\"2025-12-12T18:31:18+00:00\",\"dateModified\":\"2026-03-23T15:09:35+00:00\",\"description\":\"\u0411\u0430\u0437\u043e\u0432\u043e\u0435 SEO-\u043f\u0440\u043e\u0434\u0432\u0438\u0436\u0435\u043d\u0438\u0435 \u0441\u0430\u0439\u0442\u0430: \u0430\u043d\u0430\u043b\u0438\u0437 \u043a\u043e\u043d\u043a\u0443\u0440\u0435\u043d\u0442\u043e\u0432, \u0441\u0431\u043e\u0440 \u0441\u0435\u043c\u0430\u043d\u0442\u0438\u043a\u0438, SEO-\u043a\u043e\u043d\u0442\u0435\u043d\u0442 \u0438 \u0442\u0435\u0433\u0438. \u041f\u043e\u0434\u0433\u043e\u0442\u043e\u0432\u043a\u0430 \u0441\u0430\u0439\u0442\u0430 \u043a \u0440\u043e\u0441\u0442\u0443 \u043f\u043e\u0437\u0438\u0446\u0438\u0439 \u0432 Google. Kakadoo Studio.\",\"breadcrumb\":{\"@id\":\"https:\\\/\\\/kakadoo-stu.de\\\/product\\\/bazovoe-seo-prodvizhenie-sajta\\\/#breadcrumb\"},\"inLanguage\":\"de\",\"potentialAction\":[{\"@type\":\"ReadAction\",\"target\":[\"https:\\\/\\\/kakadoo-stu.de\\\/product\\\/bazovoe-seo-prodvizhenie-sajta\\\/\"]}]},{\"@type\":\"ImageObject\",\"inLanguage\":\"de\",\"@id\":\"https:\\\/\\\/kakadoo-stu.de\\\/product\\\/bazovoe-seo-prodvizhenie-sajta\\\/#primaryimage\",\"url\":\"https:\\\/\\\/kakadoo-stu.de\\\/wp-content\\\/uploads\\\/2025\\\/12\\\/towar.png\",\"contentUrl\":\"https:\\\/\\\/kakadoo-stu.de\\\/wp-content\\\/uploads\\\/2025\\\/12\\\/towar.png\",\"width\":912,\"height\":723,\"caption\":\"\u0411\u0430\u0437\u043e\u0432\u043e\u0435 SEO-\u043f\u0440\u043e\u0434\u0432\u0438\u0436\u0435\u043d\u0438\u0435 \u0441\u0430\u0439\u0442\u0430 \u0434\u043b\u044f \u0431\u0438\u0437\u043d\u0435\u0441\u0430 \u2014 \u043e\u043f\u0442\u0438\u043c\u0438\u0437\u0430\u0446\u0438\u044f \u0438 \u0440\u043e\u0441\u0442 \u0432\u0438\u0434\u0438\u043c\u043e\u0441\u0442\u0438 \u0432 Google\"},{\"@type\":\"BreadcrumbList\",\"@id\":\"https:\\\/\\\/kakadoo-stu.de\\\/product\\\/bazovoe-seo-prodvizhenie-sajta\\\/#breadcrumb\",\"itemListElement\":[{\"@type\":\"ListItem\",\"position\":1,\"name\":\"\u0413\u043b\u0430\u0432\u043d\u0430\u044f \u0441\u0442\u0440\u0430\u043d\u0438\u0446\u0430\",\"item\":\"https:\\\/\\\/kakadoo-stu.de\\\/\"},{\"@type\":\"ListItem\",\"position\":2,\"name\":\"\u041c\u0430\u0433\u0430\u0437\u0438\u043d\",\"item\":\"https:\\\/\\\/kakadoo-stu.de\\\/shop\\\/\"},{\"@type\":\"ListItem\",\"position\":3,\"name\":\"\u0411\u0430\u0437\u043e\u0432\u043e\u0435 SEO-\u043f\u0440\u043e\u0434\u0432\u0438\u0436\u0435\u043d\u0438\u0435 \u0441\u0430\u0439\u0442\u0430\"}]},{\"@type\":\"WebSite\",\"@id\":\"https:\\\/\\\/kakadoo-stu.de\\\/#website\",\"url\":\"https:\\\/\\\/kakadoo-stu.de\\\/\",\"name\":\"kakadoo\",\"description\":\"\",\"publisher\":{\"@id\":\"https:\\\/\\\/kakadoo-stu.de\\\/#organization\"},\"potentialAction\":[{\"@type\":\"SearchAction\",\"target\":{\"@type\":\"EntryPoint\",\"urlTemplate\":\"https:\\\/\\\/kakadoo-stu.de\\\/?s={search_term_string}\"},\"query-input\":{\"@type\":\"PropertyValueSpecification\",\"valueRequired\":true,\"valueName\":\"search_term_string\"}}],\"inLanguage\":\"de\"},{\"@type\":\"Organization\",\"@id\":\"https:\\\/\\\/kakadoo-stu.de\\\/#organization\",\"name\":\"kakadoo\",\"url\":\"https:\\\/\\\/kakadoo-stu.de\\\/\",\"logo\":{\"@type\":\"ImageObject\",\"inLanguage\":\"de\",\"@id\":\"https:\\\/\\\/kakadoo-stu.de\\\/#\\\/schema\\\/logo\\\/image\\\/\",\"url\":\"https:\\\/\\\/kakadoo-stu.de\\\/wp-content\\\/uploads\\\/2024\\\/10\\\/kakadoo-logo.png\",\"contentUrl\":\"https:\\\/\\\/kakadoo-stu.de\\\/wp-content\\\/uploads\\\/2024\\\/10\\\/kakadoo-logo.png\",\"width\":445,\"height\":115,\"caption\":\"kakadoo\"},\"image\":{\"@id\":\"https:\\\/\\\/kakadoo-stu.de\\\/#\\\/schema\\\/logo\\\/image\\\/\"},\"sameAs\":[\"https:\\\/\\\/www.facebook.com\\\/kakadoostudio\"]}]}<\/script>\n<!-- \/ Yoast SEO plugin. -->","yoast_head_json":{"title":"Grundlegende SEO-Optimierung der Website | Analyse, Semantik, Inhalt | Kakadoo","description":"Grundlegende SEO-Optimierung der Website: Analyse der Konkurrenz, Sammlung von Semantik, SEO-Inhalte und Tags. Vorbereitung der Website f\u00fcr eine bessere Platzierung bei Google. Kakadoo Studio.","robots":{"index":"index","follow":"follow","max-snippet":"max-snippet:-1","max-image-preview":"max-image-preview:large","max-video-preview":"max-video-preview:-1"},"canonical":"https:\/\/kakadoo-stu.de\/de\/produkt\/grundlegende-suchmaschinenoptimierung-der-website\/","twitter_card":"summary_large_image","twitter_title":"\u0411\u0430\u0437\u043e\u0432\u043e\u0435 SEO-\u043f\u0440\u043e\u0434\u0432\u0438\u0436\u0435\u043d\u0438\u0435 \u0441\u0430\u0439\u0442\u0430 | \u0410\u043d\u0430\u043b\u0438\u0437, \u0441\u0435\u043c\u0430\u043d\u0442\u0438\u043a\u0430, \u043a\u043e\u043d\u0442\u0435\u043d\u0442 | Kakadoo","twitter_description":"\u0411\u0430\u0437\u043e\u0432\u043e\u0435 SEO-\u043f\u0440\u043e\u0434\u0432\u0438\u0436\u0435\u043d\u0438\u0435 \u0441\u0430\u0439\u0442\u0430: \u0430\u043d\u0430\u043b\u0438\u0437 \u043a\u043e\u043d\u043a\u0443\u0440\u0435\u043d\u0442\u043e\u0432, \u0441\u0431\u043e\u0440 \u0441\u0435\u043c\u0430\u043d\u0442\u0438\u043a\u0438, SEO-\u043a\u043e\u043d\u0442\u0435\u043d\u0442 \u0438 \u0442\u0435\u0433\u0438. \u041f\u043e\u0434\u0433\u043e\u0442\u043e\u0432\u043a\u0430 \u0441\u0430\u0439\u0442\u0430 \u043a \u0440\u043e\u0441\u0442\u0443 \u043f\u043e\u0437\u0438\u0446\u0438\u0439 \u0432 Google. Kakadoo Studio.","twitter_image":"https:\/\/kakadoo-stu.de\/wp-content\/uploads\/2025\/12\/towar.png","schema":{"@context":"https:\/\/schema.org","@graph":[{"@type":"WebPage","@id":"https:\/\/kakadoo-stu.de\/product\/bazovoe-seo-prodvizhenie-sajta\/","url":"https:\/\/kakadoo-stu.de\/product\/bazovoe-seo-prodvizhenie-sajta\/","name":"Grundlegende SEO-Optimierung der Website | Analyse, Semantik, Inhalt | Kakadoo","isPartOf":{"@id":"https:\/\/kakadoo-stu.de\/#website"},"primaryImageOfPage":{"@id":"https:\/\/kakadoo-stu.de\/product\/bazovoe-seo-prodvizhenie-sajta\/#primaryimage"},"image":{"@id":"https:\/\/kakadoo-stu.de\/product\/bazovoe-seo-prodvizhenie-sajta\/#primaryimage"},"thumbnailUrl":"https:\/\/kakadoo-stu.de\/wp-content\/uploads\/2025\/12\/towar.png","datePublished":"2025-12-12T18:31:18+00:00","dateModified":"2026-03-23T15:09:35+00:00","description":"Grundlegende SEO-Optimierung der Website: Analyse der Konkurrenz, Sammlung von Semantik, SEO-Inhalte und Tags. Vorbereitung der Website f\u00fcr eine bessere Platzierung bei Google. Kakadoo Studio.","breadcrumb":{"@id":"https:\/\/kakadoo-stu.de\/product\/bazovoe-seo-prodvizhenie-sajta\/#breadcrumb"},"inLanguage":"de","potentialAction":[{"@type":"ReadAction","target":["https:\/\/kakadoo-stu.de\/product\/bazovoe-seo-prodvizhenie-sajta\/"]}]},{"@type":"ImageObject","inLanguage":"de","@id":"https:\/\/kakadoo-stu.de\/product\/bazovoe-seo-prodvizhenie-sajta\/#primaryimage","url":"https:\/\/kakadoo-stu.de\/wp-content\/uploads\/2025\/12\/towar.png","contentUrl":"https:\/\/kakadoo-stu.de\/wp-content\/uploads\/2025\/12\/towar.png","width":912,"height":723,"caption":"\u0411\u0430\u0437\u043e\u0432\u043e\u0435 SEO-\u043f\u0440\u043e\u0434\u0432\u0438\u0436\u0435\u043d\u0438\u0435 \u0441\u0430\u0439\u0442\u0430 \u0434\u043b\u044f \u0431\u0438\u0437\u043d\u0435\u0441\u0430 \u2014 \u043e\u043f\u0442\u0438\u043c\u0438\u0437\u0430\u0446\u0438\u044f \u0438 \u0440\u043e\u0441\u0442 \u0432\u0438\u0434\u0438\u043c\u043e\u0441\u0442\u0438 \u0432 Google"},{"@type":"BreadcrumbList","@id":"https:\/\/kakadoo-stu.de\/product\/bazovoe-seo-prodvizhenie-sajta\/#breadcrumb","itemListElement":[{"@type":"ListItem","position":1,"name":"\u0413\u043b\u0430\u0432\u043d\u0430\u044f \u0441\u0442\u0440\u0430\u043d\u0438\u0446\u0430","item":"https:\/\/kakadoo-stu.de\/"},{"@type":"ListItem","position":2,"name":"\u041c\u0430\u0433\u0430\u0437\u0438\u043d","item":"https:\/\/kakadoo-stu.de\/shop\/"},{"@type":"ListItem","position":3,"name":"\u0411\u0430\u0437\u043e\u0432\u043e\u0435 SEO-\u043f\u0440\u043e\u0434\u0432\u0438\u0436\u0435\u043d\u0438\u0435 \u0441\u0430\u0439\u0442\u0430"}]},{"@type":"WebSite","@id":"https:\/\/kakadoo-stu.de\/#website","url":"https:\/\/kakadoo-stu.de\/","name":"kakadoo","description":"","publisher":{"@id":"https:\/\/kakadoo-stu.de\/#organization"},"potentialAction":[{"@type":"SearchAction","target":{"@type":"EntryPoint","urlTemplate":"https:\/\/kakadoo-stu.de\/?s={search_term_string}"},"query-input":{"@type":"PropertyValueSpecification","valueRequired":true,"valueName":"search_term_string"}}],"inLanguage":"de"},{"@type":"Organization","@id":"https:\/\/kakadoo-stu.de\/#organization","name":"kakadoo","url":"https:\/\/kakadoo-stu.de\/","logo":{"@type":"ImageObject","inLanguage":"de","@id":"https:\/\/kakadoo-stu.de\/#\/schema\/logo\/image\/","url":"https:\/\/kakadoo-stu.de\/wp-content\/uploads\/2024\/10\/kakadoo-logo.png","contentUrl":"https:\/\/kakadoo-stu.de\/wp-content\/uploads\/2024\/10\/kakadoo-logo.png","width":445,"height":115,"caption":"kakadoo"},"image":{"@id":"https:\/\/kakadoo-stu.de\/#\/schema\/logo\/image\/"},"sameAs":["https:\/\/www.facebook.com\/kakadoostudio"]}]}},"jetpack-related-posts":[],"jetpack_sharing_enabled":true,"jetpack_likes_enabled":true,"_links":{"self":[{"href":"https:\/\/kakadoo-stu.de\/de\/wp-json\/wp\/v2\/product\/2935","targetHints":{"allow":["GET"]}}],"collection":[{"href":"https:\/\/kakadoo-stu.de\/de\/wp-json\/wp\/v2\/product"}],"about":[{"href":"https:\/\/kakadoo-stu.de\/de\/wp-json\/wp\/v2\/types\/product"}],"replies":[{"embeddable":true,"href":"https:\/\/kakadoo-stu.de\/de\/wp-json\/wp\/v2\/comments?post=2935"}],"wp:featuredmedia":[{"embeddable":true,"href":"https:\/\/kakadoo-stu.de\/de\/wp-json\/wp\/v2\/media\/2949"}],"wp:attachment":[{"href":"https:\/\/kakadoo-stu.de\/de\/wp-json\/wp\/v2\/media?parent=2935"}],"wp:term":[{"taxonomy":"product_brand","embeddable":true,"href":"https:\/\/kakadoo-stu.de\/de\/wp-json\/wp\/v2\/product_brand?post=2935"},{"taxonomy":"product_cat","embeddable":true,"href":"https:\/\/kakadoo-stu.de\/de\/wp-json\/wp\/v2\/product_cat?post=2935"},{"taxonomy":"product_tag","embeddable":true,"href":"https:\/\/kakadoo-stu.de\/de\/wp-json\/wp\/v2\/product_tag?post=2935"}],"curies":[{"name":"wp","href":"https:\/\/api.w.org\/{rel}","templated":true}]}}