{"id":2934,"date":"2025-12-12T21:26:31","date_gmt":"2025-12-12T18:26:31","guid":{"rendered":"https:\/\/kakadoo-stu.de\/?post_type=product&#038;p=2934"},"modified":"2026-03-23T18:09:35","modified_gmt":"2026-03-23T15:09:35","slug":"registrierung-ihres-unternehmens-auf-google-maps","status":"publish","type":"product","link":"https:\/\/kakadoo-stu.de\/de\/product\/registraciya-biznesa-na-google-kartah\/","title":{"rendered":"Registrierung Ihres Unternehmens auf Google Maps"},"content":{"rendered":"<p data-start=\"241\" data-end=\"682\">Die Registrierung Ihres Unternehmens auf Google Maps ist eine der effektivsten Methoden, um Kunden \u00fcber die Google-Suche und lokale Suchergebnisse zu gewinnen. Wenn ein potenzieller Kunde nach einer Dienstleistung in seiner N\u00e4he sucht, ist es meist die Google Maps-Karte, die den ersten Kontakt mit dem Unternehmen herstellt. Im Webstudio <strong data-start=\"520\" data-end=\"531\">Kakadoo<\/strong> Wir helfen Ihnen dabei, Ihr Unternehmensprofil korrekt zu registrieren und einzurichten, damit es Kunden anzieht und nicht nur formal existiert.<\/p>\n<p data-start=\"684\" data-end=\"1112\">Der Service umfasst die Erstellung und Best\u00e4tigung eines Profils. <strong data-start=\"733\" data-end=\"760\">Google-Unternehmensprofil<\/strong>, die Verkn\u00fcpfung des Unternehmens mit einer realen Adresse, die Auswahl der richtigen T\u00e4tigkeitskategorie und das Ausf\u00fcllen aller erforderlichen Daten. Wir passen den Namen des Unternehmens ohne SEO-Fehler an, f\u00fcgen eine Beschreibung der Dienstleistungen, Kontaktinformationen, Arbeitszeiten und Links zur Website hinzu. Dadurch wirkt das Unternehmen professionell und weckt bereits auf den ersten Blick das Vertrauen der Kunden.<\/p>\n<p data-start=\"1114\" data-end=\"1442\">Besonderes Augenmerk wird auf lokales SEO gelegt: Eine korrekte Registrierung bei Google Maps erh\u00f6ht die Sichtbarkeit des Unternehmens in den Suchergebnissen f\u00fcr geografische Suchanfragen und steigert die Anzahl der Anrufe und Website-Besuche. Wir beraten Sie auch zum Umgang mit Bewertungen, damit Ihr Profil den Anforderungen von Google entspricht und nicht gesperrt oder eingeschr\u00e4nkt wird.<\/p>\n<p data-start=\"1444\" data-end=\"1776\">Die Registrierung bei Google Maps ist besonders wichtig f\u00fcr lokale Unternehmen in Deutschland: Sch\u00f6nheitssalons, Zahnarztpraxen, Arztpraxen, Caf\u00e9s, Dienstleistungsunternehmen und private Fachleute. Wir ber\u00fccksichtigen die Besonderheiten des deutschen Marktes und die Anforderungen von Google an Unternehmensprofile, wodurch typische Fehler vermieden und der Best\u00e4tigungsprozess beschleunigt werden kann.<\/p>\n<p data-start=\"1778\" data-end=\"1952\">Das Ergebnis der Dienstleistung ist ein vollst\u00e4ndig ausgef\u00fclltes und best\u00e4tigtes Unternehmensprofil auf Google Maps, das bereit ist f\u00fcr die Werbung, das Sammeln von Bewertungen und die Gewinnung von Kunden aus der lokalen Suche.<\/p>","protected":false},"excerpt":{"rendered":"<p>Die Umsatzsteuer wird gem\u00e4\u00df \u00a719 UStG nicht erhoben.<\/p>","protected":false},"featured_media":2952,"comment_status":"open","ping_status":"closed","template":"","meta":[],"product_brand":[],"product_cat":[54],"product_tag":[],"class_list":{"0":"post-2934","1":"product","2":"type-product","3":"status-publish","4":"has-post-thumbnail","6":"product_cat-uslugi-veb-studii","8":"first","9":"instock","10":"virtual","11":"purchasable","12":"product-type-simple"},"yoast_head":"<!-- This site is optimized with the Yoast SEO plugin v27.6 - https:\/\/yoast.com\/product\/yoast-seo-wordpress\/ -->\n<title>\u041f\u043e\u0434\u043a\u0420\u0435\u0433\u0438\u0441\u0442\u0440\u0430\u0446\u0438\u044f \u0431\u0438\u0437\u043d\u0435\u0441\u0430 \u043d\u0430 Google \u041a\u0430\u0440\u0442\u0430\u0445 | Google Maps | Kakadoo Studio<\/title>\n<meta name=\"description\" content=\"\u041f\u0440\u043e\u0444\u0435\u0441\u0441\u0438\u043e\u043d\u0430\u043b\u044c\u043d\u0430\u044f \u0440\u0435\u0433\u0438\u0441\u0442\u0440\u0430\u0446\u0438\u044f \u0431\u0438\u0437\u043d\u0435\u0441\u0430 \u043d\u0430 Google \u041a\u0430\u0440\u0442\u0430\u0445. \u041d\u0430\u0441\u0442\u0440\u043e\u0439\u043a\u0430 Google Business Profile \u0438 \u043b\u043e\u043a\u0430\u043b\u044c\u043d\u043e\u0433\u043e SEO \u0434\u043b\u044f \u043f\u0440\u0438\u0432\u043b\u0435\u0447\u0435\u043d\u0438\u044f \u043a\u043b\u0438\u0435\u043d\u0442\u043e\u0432. \u0412\u0435\u0431-\u0441\u0442\u0443\u0434\u0438\u044f Kakadoo.\" \/>\n<meta name=\"robots\" content=\"index, follow, max-snippet:-1, max-image-preview:large, max-video-preview:-1\" \/>\n<link rel=\"canonical\" href=\"https:\/\/kakadoo-stu.de\/de\/produkt\/registrierung-ihres-unternehmens-auf-google-maps\/\" \/>\n<meta name=\"twitter:card\" content=\"summary_large_image\" \/>\n<meta name=\"twitter:title\" content=\"\u041f\u043e\u0434\u043a\u0420\u0435\u0433\u0438\u0441\u0442\u0440\u0430\u0446\u0438\u044f \u0431\u0438\u0437\u043d\u0435\u0441\u0430 \u043d\u0430 Google \u041a\u0430\u0440\u0442\u0430\u0445 | Google Maps | Kakadoo Studio\" \/>\n<meta name=\"twitter:description\" content=\"\u041f\u0440\u043e\u0444\u0435\u0441\u0441\u0438\u043e\u043d\u0430\u043b\u044c\u043d\u0430\u044f \u0440\u0435\u0433\u0438\u0441\u0442\u0440\u0430\u0446\u0438\u044f \u0431\u0438\u0437\u043d\u0435\u0441\u0430 \u043d\u0430 Google \u041a\u0430\u0440\u0442\u0430\u0445. \u041d\u0430\u0441\u0442\u0440\u043e\u0439\u043a\u0430 Google Business Profile \u0438 \u043b\u043e\u043a\u0430\u043b\u044c\u043d\u043e\u0433\u043e SEO \u0434\u043b\u044f \u043f\u0440\u0438\u0432\u043b\u0435\u0447\u0435\u043d\u0438\u044f \u043a\u043b\u0438\u0435\u043d\u0442\u043e\u0432. \u0412\u0435\u0431-\u0441\u0442\u0443\u0434\u0438\u044f Kakadoo.\" \/>\n<meta name=\"twitter:image\" content=\"https:\/\/kakadoo-stu.de\/wp-content\/uploads\/2025\/12\/4.png\" \/>\n<script type=\"application\/ld+json\" class=\"yoast-schema-graph\">{\"@context\":\"https:\\\/\\\/schema.org\",\"@graph\":[{\"@type\":\"WebPage\",\"@id\":\"https:\\\/\\\/kakadoo-stu.de\\\/product\\\/registraciya-biznesa-na-google-kartah\\\/\",\"url\":\"https:\\\/\\\/kakadoo-stu.de\\\/product\\\/registraciya-biznesa-na-google-kartah\\\/\",\"name\":\"\u041f\u043e\u0434\u043a\u0420\u0435\u0433\u0438\u0441\u0442\u0440\u0430\u0446\u0438\u044f \u0431\u0438\u0437\u043d\u0435\u0441\u0430 \u043d\u0430 Google \u041a\u0430\u0440\u0442\u0430\u0445 | Google Maps | Kakadoo Studio\",\"isPartOf\":{\"@id\":\"https:\\\/\\\/kakadoo-stu.de\\\/#website\"},\"primaryImageOfPage\":{\"@id\":\"https:\\\/\\\/kakadoo-stu.de\\\/product\\\/registraciya-biznesa-na-google-kartah\\\/#primaryimage\"},\"image\":{\"@id\":\"https:\\\/\\\/kakadoo-stu.de\\\/product\\\/registraciya-biznesa-na-google-kartah\\\/#primaryimage\"},\"thumbnailUrl\":\"https:\\\/\\\/kakadoo-stu.de\\\/wp-content\\\/uploads\\\/2025\\\/12\\\/4.png\",\"datePublished\":\"2025-12-12T18:26:31+00:00\",\"dateModified\":\"2026-03-23T15:09:35+00:00\",\"description\":\"\u041f\u0440\u043e\u0444\u0435\u0441\u0441\u0438\u043e\u043d\u0430\u043b\u044c\u043d\u0430\u044f \u0440\u0435\u0433\u0438\u0441\u0442\u0440\u0430\u0446\u0438\u044f \u0431\u0438\u0437\u043d\u0435\u0441\u0430 \u043d\u0430 Google \u041a\u0430\u0440\u0442\u0430\u0445. \u041d\u0430\u0441\u0442\u0440\u043e\u0439\u043a\u0430 Google Business Profile \u0438 \u043b\u043e\u043a\u0430\u043b\u044c\u043d\u043e\u0433\u043e SEO \u0434\u043b\u044f \u043f\u0440\u0438\u0432\u043b\u0435\u0447\u0435\u043d\u0438\u044f \u043a\u043b\u0438\u0435\u043d\u0442\u043e\u0432. \u0412\u0435\u0431-\u0441\u0442\u0443\u0434\u0438\u044f Kakadoo.\",\"breadcrumb\":{\"@id\":\"https:\\\/\\\/kakadoo-stu.de\\\/product\\\/registraciya-biznesa-na-google-kartah\\\/#breadcrumb\"},\"inLanguage\":\"de\",\"potentialAction\":[{\"@type\":\"ReadAction\",\"target\":[\"https:\\\/\\\/kakadoo-stu.de\\\/product\\\/registraciya-biznesa-na-google-kartah\\\/\"]}]},{\"@type\":\"ImageObject\",\"inLanguage\":\"de\",\"@id\":\"https:\\\/\\\/kakadoo-stu.de\\\/product\\\/registraciya-biznesa-na-google-kartah\\\/#primaryimage\",\"url\":\"https:\\\/\\\/kakadoo-stu.de\\\/wp-content\\\/uploads\\\/2025\\\/12\\\/4.png\",\"contentUrl\":\"https:\\\/\\\/kakadoo-stu.de\\\/wp-content\\\/uploads\\\/2025\\\/12\\\/4.png\",\"width\":1080,\"height\":756,\"caption\":\"\u0420\u0435\u0433\u0438\u0441\u0442\u0440\u0430\u0446\u0438\u044f \u0431\u0438\u0437\u043d\u0435\u0441\u0430 \u043d\u0430 Google \u041a\u0430\u0440\u0442\u0430\u0445 \u2014 Google Maps \u0434\u043b\u044f \u043a\u043e\u043c\u043f\u0430\u043d\u0438\u0438\"},{\"@type\":\"BreadcrumbList\",\"@id\":\"https:\\\/\\\/kakadoo-stu.de\\\/product\\\/registraciya-biznesa-na-google-kartah\\\/#breadcrumb\",\"itemListElement\":[{\"@type\":\"ListItem\",\"position\":1,\"name\":\"\u0413\u043b\u0430\u0432\u043d\u0430\u044f \u0441\u0442\u0440\u0430\u043d\u0438\u0446\u0430\",\"item\":\"https:\\\/\\\/kakadoo-stu.de\\\/\"},{\"@type\":\"ListItem\",\"position\":2,\"name\":\"\u041c\u0430\u0433\u0430\u0437\u0438\u043d\",\"item\":\"https:\\\/\\\/kakadoo-stu.de\\\/shop\\\/\"},{\"@type\":\"ListItem\",\"position\":3,\"name\":\"\u0420\u0435\u0433\u0438\u0441\u0442\u0440\u0430\u0446\u0438\u044f \u0431\u0438\u0437\u043d\u0435\u0441\u0430 \u043d\u0430 Google \u041a\u0430\u0440\u0442\u0430\u0445 (Google Maps)\"}]},{\"@type\":\"WebSite\",\"@id\":\"https:\\\/\\\/kakadoo-stu.de\\\/#website\",\"url\":\"https:\\\/\\\/kakadoo-stu.de\\\/\",\"name\":\"kakadoo\",\"description\":\"\",\"publisher\":{\"@id\":\"https:\\\/\\\/kakadoo-stu.de\\\/#organization\"},\"potentialAction\":[{\"@type\":\"SearchAction\",\"target\":{\"@type\":\"EntryPoint\",\"urlTemplate\":\"https:\\\/\\\/kakadoo-stu.de\\\/?s={search_term_string}\"},\"query-input\":{\"@type\":\"PropertyValueSpecification\",\"valueRequired\":true,\"valueName\":\"search_term_string\"}}],\"inLanguage\":\"de\"},{\"@type\":\"Organization\",\"@id\":\"https:\\\/\\\/kakadoo-stu.de\\\/#organization\",\"name\":\"kakadoo\",\"url\":\"https:\\\/\\\/kakadoo-stu.de\\\/\",\"logo\":{\"@type\":\"ImageObject\",\"inLanguage\":\"de\",\"@id\":\"https:\\\/\\\/kakadoo-stu.de\\\/#\\\/schema\\\/logo\\\/image\\\/\",\"url\":\"https:\\\/\\\/kakadoo-stu.de\\\/wp-content\\\/uploads\\\/2024\\\/10\\\/kakadoo-logo.png\",\"contentUrl\":\"https:\\\/\\\/kakadoo-stu.de\\\/wp-content\\\/uploads\\\/2024\\\/10\\\/kakadoo-logo.png\",\"width\":445,\"height\":115,\"caption\":\"kakadoo\"},\"image\":{\"@id\":\"https:\\\/\\\/kakadoo-stu.de\\\/#\\\/schema\\\/logo\\\/image\\\/\"},\"sameAs\":[\"https:\\\/\\\/www.facebook.com\\\/kakadoostudio\"]}]}<\/script>\n<!-- \/ Yoast SEO plugin. -->","yoast_head_json":{"title":"Unternehmen auf Google Maps registrieren | Google Maps | Kakadoo Studio","description":"Professionelle Registrierung Ihres Unternehmens auf Google Maps. Einrichtung eines Google Business Profils und lokaler SEO zur Kundengewinnung. Webstudio Kakadoo.","robots":{"index":"index","follow":"follow","max-snippet":"max-snippet:-1","max-image-preview":"max-image-preview:large","max-video-preview":"max-video-preview:-1"},"canonical":"https:\/\/kakadoo-stu.de\/de\/produkt\/registrierung-ihres-unternehmens-auf-google-maps\/","twitter_card":"summary_large_image","twitter_title":"\u041f\u043e\u0434\u043a\u0420\u0435\u0433\u0438\u0441\u0442\u0440\u0430\u0446\u0438\u044f \u0431\u0438\u0437\u043d\u0435\u0441\u0430 \u043d\u0430 Google \u041a\u0430\u0440\u0442\u0430\u0445 | Google Maps | Kakadoo Studio","twitter_description":"\u041f\u0440\u043e\u0444\u0435\u0441\u0441\u0438\u043e\u043d\u0430\u043b\u044c\u043d\u0430\u044f \u0440\u0435\u0433\u0438\u0441\u0442\u0440\u0430\u0446\u0438\u044f \u0431\u0438\u0437\u043d\u0435\u0441\u0430 \u043d\u0430 Google \u041a\u0430\u0440\u0442\u0430\u0445. \u041d\u0430\u0441\u0442\u0440\u043e\u0439\u043a\u0430 Google Business Profile \u0438 \u043b\u043e\u043a\u0430\u043b\u044c\u043d\u043e\u0433\u043e SEO \u0434\u043b\u044f \u043f\u0440\u0438\u0432\u043b\u0435\u0447\u0435\u043d\u0438\u044f \u043a\u043b\u0438\u0435\u043d\u0442\u043e\u0432. \u0412\u0435\u0431-\u0441\u0442\u0443\u0434\u0438\u044f Kakadoo.","twitter_image":"https:\/\/kakadoo-stu.de\/wp-content\/uploads\/2025\/12\/4.png","schema":{"@context":"https:\/\/schema.org","@graph":[{"@type":"WebPage","@id":"https:\/\/kakadoo-stu.de\/product\/registraciya-biznesa-na-google-kartah\/","url":"https:\/\/kakadoo-stu.de\/product\/registraciya-biznesa-na-google-kartah\/","name":"Unternehmen auf Google Maps registrieren | Google Maps | Kakadoo Studio","isPartOf":{"@id":"https:\/\/kakadoo-stu.de\/#website"},"primaryImageOfPage":{"@id":"https:\/\/kakadoo-stu.de\/product\/registraciya-biznesa-na-google-kartah\/#primaryimage"},"image":{"@id":"https:\/\/kakadoo-stu.de\/product\/registraciya-biznesa-na-google-kartah\/#primaryimage"},"thumbnailUrl":"https:\/\/kakadoo-stu.de\/wp-content\/uploads\/2025\/12\/4.png","datePublished":"2025-12-12T18:26:31+00:00","dateModified":"2026-03-23T15:09:35+00:00","description":"Professionelle Registrierung Ihres Unternehmens auf Google Maps. Einrichtung eines Google Business Profils und lokaler SEO zur Kundengewinnung. Webstudio Kakadoo.","breadcrumb":{"@id":"https:\/\/kakadoo-stu.de\/product\/registraciya-biznesa-na-google-kartah\/#breadcrumb"},"inLanguage":"de","potentialAction":[{"@type":"ReadAction","target":["https:\/\/kakadoo-stu.de\/product\/registraciya-biznesa-na-google-kartah\/"]}]},{"@type":"ImageObject","inLanguage":"de","@id":"https:\/\/kakadoo-stu.de\/product\/registraciya-biznesa-na-google-kartah\/#primaryimage","url":"https:\/\/kakadoo-stu.de\/wp-content\/uploads\/2025\/12\/4.png","contentUrl":"https:\/\/kakadoo-stu.de\/wp-content\/uploads\/2025\/12\/4.png","width":1080,"height":756,"caption":"\u0420\u0435\u0433\u0438\u0441\u0442\u0440\u0430\u0446\u0438\u044f \u0431\u0438\u0437\u043d\u0435\u0441\u0430 \u043d\u0430 Google \u041a\u0430\u0440\u0442\u0430\u0445 \u2014 Google Maps \u0434\u043b\u044f \u043a\u043e\u043c\u043f\u0430\u043d\u0438\u0438"},{"@type":"BreadcrumbList","@id":"https:\/\/kakadoo-stu.de\/product\/registraciya-biznesa-na-google-kartah\/#breadcrumb","itemListElement":[{"@type":"ListItem","position":1,"name":"\u0413\u043b\u0430\u0432\u043d\u0430\u044f \u0441\u0442\u0440\u0430\u043d\u0438\u0446\u0430","item":"https:\/\/kakadoo-stu.de\/"},{"@type":"ListItem","position":2,"name":"\u041c\u0430\u0433\u0430\u0437\u0438\u043d","item":"https:\/\/kakadoo-stu.de\/shop\/"},{"@type":"ListItem","position":3,"name":"\u0420\u0435\u0433\u0438\u0441\u0442\u0440\u0430\u0446\u0438\u044f \u0431\u0438\u0437\u043d\u0435\u0441\u0430 \u043d\u0430 Google \u041a\u0430\u0440\u0442\u0430\u0445 (Google Maps)"}]},{"@type":"WebSite","@id":"https:\/\/kakadoo-stu.de\/#website","url":"https:\/\/kakadoo-stu.de\/","name":"kakadoo","description":"","publisher":{"@id":"https:\/\/kakadoo-stu.de\/#organization"},"potentialAction":[{"@type":"SearchAction","target":{"@type":"EntryPoint","urlTemplate":"https:\/\/kakadoo-stu.de\/?s={search_term_string}"},"query-input":{"@type":"PropertyValueSpecification","valueRequired":true,"valueName":"search_term_string"}}],"inLanguage":"de"},{"@type":"Organization","@id":"https:\/\/kakadoo-stu.de\/#organization","name":"kakadoo","url":"https:\/\/kakadoo-stu.de\/","logo":{"@type":"ImageObject","inLanguage":"de","@id":"https:\/\/kakadoo-stu.de\/#\/schema\/logo\/image\/","url":"https:\/\/kakadoo-stu.de\/wp-content\/uploads\/2024\/10\/kakadoo-logo.png","contentUrl":"https:\/\/kakadoo-stu.de\/wp-content\/uploads\/2024\/10\/kakadoo-logo.png","width":445,"height":115,"caption":"kakadoo"},"image":{"@id":"https:\/\/kakadoo-stu.de\/#\/schema\/logo\/image\/"},"sameAs":["https:\/\/www.facebook.com\/kakadoostudio"]}]}},"jetpack-related-posts":[],"jetpack_sharing_enabled":true,"jetpack_likes_enabled":true,"_links":{"self":[{"href":"https:\/\/kakadoo-stu.de\/de\/wp-json\/wp\/v2\/product\/2934","targetHints":{"allow":["GET"]}}],"collection":[{"href":"https:\/\/kakadoo-stu.de\/de\/wp-json\/wp\/v2\/product"}],"about":[{"href":"https:\/\/kakadoo-stu.de\/de\/wp-json\/wp\/v2\/types\/product"}],"replies":[{"embeddable":true,"href":"https:\/\/kakadoo-stu.de\/de\/wp-json\/wp\/v2\/comments?post=2934"}],"wp:featuredmedia":[{"embeddable":true,"href":"https:\/\/kakadoo-stu.de\/de\/wp-json\/wp\/v2\/media\/2952"}],"wp:attachment":[{"href":"https:\/\/kakadoo-stu.de\/de\/wp-json\/wp\/v2\/media?parent=2934"}],"wp:term":[{"taxonomy":"product_brand","embeddable":true,"href":"https:\/\/kakadoo-stu.de\/de\/wp-json\/wp\/v2\/product_brand?post=2934"},{"taxonomy":"product_cat","embeddable":true,"href":"https:\/\/kakadoo-stu.de\/de\/wp-json\/wp\/v2\/product_cat?post=2934"},{"taxonomy":"product_tag","embeddable":true,"href":"https:\/\/kakadoo-stu.de\/de\/wp-json\/wp\/v2\/product_tag?post=2934"}],"curies":[{"name":"wp","href":"https:\/\/api.w.org\/{rel}","templated":true}]}}