{"id":2933,"date":"2025-12-12T21:24:41","date_gmt":"2025-12-12T18:24:41","guid":{"rendered":"https:\/\/kakadoo-stu.de\/?post_type=product&#038;p=2933"},"modified":"2026-03-23T18:09:35","modified_gmt":"2026-03-23T15:09:35","slug":"dienstleistungen-zur-verbindung-der-website-mit-hosting-und-domain","status":"publish","type":"product","link":"https:\/\/kakadoo-stu.de\/de\/product\/uslugi-podklyuchenie-sajta-k-hostingu-i-domenu\/","title":{"rendered":"Verbindung der Website mit Hosting und Domain"},"content":{"rendered":"<p data-start=\"266\" data-end=\"665\">Die Verbindung der Website mit dem Hosting und der Domain ist ein obligatorischer technischer Schritt vor dem Start jeder Website. Falsche Einstellungen k\u00f6nnen zu langsamen Ladezeiten, Sicherheitsfehlern, Verlust von E-Mails und Problemen mit der Indizierung in Google f\u00fchren. Im Webstudio <strong data-start=\"513\" data-end=\"524\">Kakadoo<\/strong> Wir \u00fcbernehmen den gesamten Prozess der Website-Einbindung \u00abschl\u00fcsselfertig\u00bb, damit Sie sicher sein k\u00f6nnen, dass alles vom ersten Tag an korrekt und stabil funktioniert.<\/p>\n<p data-start=\"667\" data-end=\"1051\">Der Service umfasst die Registrierung eines Domainnamens (falls erforderlich), die Auswahl und Einrichtung eines zuverl\u00e4ssigen Hostings, die Konfiguration von DNS-Eintr\u00e4gen und die Verkn\u00fcpfung der Domain mit der Website. Wir konfigurieren die Serverumgebung korrekt f\u00fcr WordPress, \u00fcberpr\u00fcfen die Kompatibilit\u00e4t mit dem Theme und den Plugins und verbinden ein SSL-Zertifikat f\u00fcr eine sichere Verbindung (https), was sowohl f\u00fcr die Sicherheit als auch f\u00fcr die SEO-Optimierung wichtig ist.<\/p>\n<p data-start=\"1053\" data-end=\"1371\">Besonderes Augenmerk wird auf die technische Vorbereitung der Website f\u00fcr den Start gelegt: E-Mail-Postf\u00e4cher auf der Domain werden eingerichtet, die korrekte Anzeige der Website auf dem Server wird \u00fcberpr\u00fcft, m\u00f6gliche Fehler und Konflikte werden behoben. Bei der \u00dcbertragung der Website achten wir darauf, dass keine Daten verloren gehen und die Website f\u00fcr Suchmaschinen zug\u00e4nglich bleibt.<\/p>\n<p data-start=\"1373\" data-end=\"1708\">Der Service zur Verbindung einer Website mit Hosting und Domain ist besonders relevant f\u00fcr kleine und lokale Unternehmen in Deutschland: Sch\u00f6nheitssalons, Zahnkliniken, Handwerker, Dienstleistungsunternehmen und Start-ups. Wir arbeiten mit beliebten Hosting-Anbietern zusammen und kennen die Anforderungen des deutschen Marktes, einschlie\u00dflich der grundlegenden Aspekte der DSGVO und der technischen SEO-Optimierung.<\/p>\n<p data-start=\"1710\" data-end=\"1884\">Das Ergebnis ist eine vollst\u00e4ndig betriebsbereite Website, die korrekt mit der Domain und dem Hosting verbunden ist, keine technischen Fehler aufweist und eine solide Grundlage f\u00fcr die weitere Entwicklung und F\u00f6rderung bietet.<\/p>","protected":false},"excerpt":{"rendered":"<p>Die Umsatzsteuer wird gem\u00e4\u00df \u00a719 UStG nicht erhoben.<\/p>","protected":false},"featured_media":2951,"comment_status":"open","ping_status":"closed","template":"","meta":[],"product_brand":[],"product_cat":[54],"product_tag":[],"class_list":{"0":"post-2933","1":"product","2":"type-product","3":"status-publish","4":"has-post-thumbnail","6":"product_cat-uslugi-veb-studii","8":"first","9":"instock","10":"sale","11":"virtual","12":"purchasable","13":"product-type-simple"},"yoast_head":"<!-- This site is optimized with the Yoast SEO plugin v27.6 - https:\/\/yoast.com\/product\/yoast-seo-wordpress\/ -->\n<title>\u041f\u043e\u0434\u043a\u043b\u044e\u0447\u0435\u043d\u0438\u0435 \u0441\u0430\u0439\u0442\u0430 \u043a \u0445\u043e\u0441\u0442\u0438\u043d\u0433\u0443 \u0438 \u0434\u043e\u043c\u0435\u043d\u0443 \u043f\u043e\u0434 \u043a\u043b\u044e\u0447 | Kakadoo Studio<\/title>\n<meta name=\"description\" content=\"\u041f\u0440\u043e\u0444\u0435\u0441\u0441\u0438\u043e\u043d\u0430\u043b\u044c\u043d\u043e\u0435 \u043f\u043e\u0434\u043a\u043b\u044e\u0447\u0435\u043d\u0438\u0435 \u0441\u0430\u0439\u0442\u0430 \u043a \u0445\u043e\u0441\u0442\u0438\u043d\u0433\u0443 \u0438 \u0434\u043e\u043c\u0435\u043d\u0443 \u0441 \u0440\u0435\u0433\u0438\u0441\u0442\u0440\u0430\u0446\u0438\u0435\u0439. \u041d\u0430\u0441\u0442\u0440\u043e\u0439\u043a\u0430 DNS, SSL \u0438 \u0437\u0430\u043f\u0443\u0441\u043a WordPress \u043f\u043e\u0434 \u043a\u043b\u044e\u0447. \u0423\u0441\u043b\u0443\u0433\u0438 \u0432\u0435\u0431-\u0441\u0442\u0443\u0434\u0438\u0438 Kakadoo.\" \/>\n<meta name=\"robots\" content=\"index, follow, max-snippet:-1, max-image-preview:large, max-video-preview:-1\" \/>\n<link rel=\"canonical\" href=\"https:\/\/kakadoo-stu.de\/de\/produkt\/dienstleistungen-zur-verbindung-der-website-mit-hosting-und-domain\/\" \/>\n<meta name=\"twitter:card\" content=\"summary_large_image\" \/>\n<meta name=\"twitter:title\" content=\"\u041f\u043e\u0434\u043a\u043b\u044e\u0447\u0435\u043d\u0438\u0435 \u0441\u0430\u0439\u0442\u0430 \u043a \u0445\u043e\u0441\u0442\u0438\u043d\u0433\u0443 \u0438 \u0434\u043e\u043c\u0435\u043d\u0443 \u043f\u043e\u0434 \u043a\u043b\u044e\u0447 | Kakadoo Studio\" \/>\n<meta name=\"twitter:description\" content=\"\u041f\u0440\u043e\u0444\u0435\u0441\u0441\u0438\u043e\u043d\u0430\u043b\u044c\u043d\u043e\u0435 \u043f\u043e\u0434\u043a\u043b\u044e\u0447\u0435\u043d\u0438\u0435 \u0441\u0430\u0439\u0442\u0430 \u043a \u0445\u043e\u0441\u0442\u0438\u043d\u0433\u0443 \u0438 \u0434\u043e\u043c\u0435\u043d\u0443 \u0441 \u0440\u0435\u0433\u0438\u0441\u0442\u0440\u0430\u0446\u0438\u0435\u0439. \u041d\u0430\u0441\u0442\u0440\u043e\u0439\u043a\u0430 DNS, SSL \u0438 \u0437\u0430\u043f\u0443\u0441\u043a WordPress \u043f\u043e\u0434 \u043a\u043b\u044e\u0447. \u0423\u0441\u043b\u0443\u0433\u0438 \u0432\u0435\u0431-\u0441\u0442\u0443\u0434\u0438\u0438 Kakadoo.\" \/>\n<meta name=\"twitter:image\" content=\"https:\/\/kakadoo-stu.de\/wp-content\/uploads\/2025\/12\/3.png\" \/>\n<script type=\"application\/ld+json\" class=\"yoast-schema-graph\">{\"@context\":\"https:\\\/\\\/schema.org\",\"@graph\":[{\"@type\":\"WebPage\",\"@id\":\"https:\\\/\\\/kakadoo-stu.de\\\/product\\\/uslugi-podklyuchenie-sajta-k-hostingu-i-domenu\\\/\",\"url\":\"https:\\\/\\\/kakadoo-stu.de\\\/product\\\/uslugi-podklyuchenie-sajta-k-hostingu-i-domenu\\\/\",\"name\":\"\u041f\u043e\u0434\u043a\u043b\u044e\u0447\u0435\u043d\u0438\u0435 \u0441\u0430\u0439\u0442\u0430 \u043a \u0445\u043e\u0441\u0442\u0438\u043d\u0433\u0443 \u0438 \u0434\u043e\u043c\u0435\u043d\u0443 \u043f\u043e\u0434 \u043a\u043b\u044e\u0447 | Kakadoo Studio\",\"isPartOf\":{\"@id\":\"https:\\\/\\\/kakadoo-stu.de\\\/#website\"},\"primaryImageOfPage\":{\"@id\":\"https:\\\/\\\/kakadoo-stu.de\\\/product\\\/uslugi-podklyuchenie-sajta-k-hostingu-i-domenu\\\/#primaryimage\"},\"image\":{\"@id\":\"https:\\\/\\\/kakadoo-stu.de\\\/product\\\/uslugi-podklyuchenie-sajta-k-hostingu-i-domenu\\\/#primaryimage\"},\"thumbnailUrl\":\"https:\\\/\\\/kakadoo-stu.de\\\/wp-content\\\/uploads\\\/2025\\\/12\\\/3.png\",\"datePublished\":\"2025-12-12T18:24:41+00:00\",\"dateModified\":\"2026-03-23T15:09:35+00:00\",\"description\":\"\u041f\u0440\u043e\u0444\u0435\u0441\u0441\u0438\u043e\u043d\u0430\u043b\u044c\u043d\u043e\u0435 \u043f\u043e\u0434\u043a\u043b\u044e\u0447\u0435\u043d\u0438\u0435 \u0441\u0430\u0439\u0442\u0430 \u043a \u0445\u043e\u0441\u0442\u0438\u043d\u0433\u0443 \u0438 \u0434\u043e\u043c\u0435\u043d\u0443 \u0441 \u0440\u0435\u0433\u0438\u0441\u0442\u0440\u0430\u0446\u0438\u0435\u0439. \u041d\u0430\u0441\u0442\u0440\u043e\u0439\u043a\u0430 DNS, SSL \u0438 \u0437\u0430\u043f\u0443\u0441\u043a WordPress \u043f\u043e\u0434 \u043a\u043b\u044e\u0447. \u0423\u0441\u043b\u0443\u0433\u0438 \u0432\u0435\u0431-\u0441\u0442\u0443\u0434\u0438\u0438 Kakadoo.\",\"breadcrumb\":{\"@id\":\"https:\\\/\\\/kakadoo-stu.de\\\/product\\\/uslugi-podklyuchenie-sajta-k-hostingu-i-domenu\\\/#breadcrumb\"},\"inLanguage\":\"de\",\"potentialAction\":[{\"@type\":\"ReadAction\",\"target\":[\"https:\\\/\\\/kakadoo-stu.de\\\/product\\\/uslugi-podklyuchenie-sajta-k-hostingu-i-domenu\\\/\"]}]},{\"@type\":\"ImageObject\",\"inLanguage\":\"de\",\"@id\":\"https:\\\/\\\/kakadoo-stu.de\\\/product\\\/uslugi-podklyuchenie-sajta-k-hostingu-i-domenu\\\/#primaryimage\",\"url\":\"https:\\\/\\\/kakadoo-stu.de\\\/wp-content\\\/uploads\\\/2025\\\/12\\\/3.png\",\"contentUrl\":\"https:\\\/\\\/kakadoo-stu.de\\\/wp-content\\\/uploads\\\/2025\\\/12\\\/3.png\",\"width\":1080,\"height\":687,\"caption\":\"\u041f\u043e\u0434\u043a\u043b\u044e\u0447\u0435\u043d\u0438\u0435 \u0441\u0430\u0439\u0442\u0430 \u043a \u0445\u043e\u0441\u0442\u0438\u043d\u0433\u0443 \u0438 \u0434\u043e\u043c\u0435\u043d\u0443 \u2014 \u0442\u0435\u0445\u043d\u0438\u0447\u0435\u0441\u043a\u0430\u044f \u043d\u0430\u0441\u0442\u0440\u043e\u0439\u043a\u0430 \u0441\u0430\u0439\u0442\u0430\"},{\"@type\":\"BreadcrumbList\",\"@id\":\"https:\\\/\\\/kakadoo-stu.de\\\/product\\\/uslugi-podklyuchenie-sajta-k-hostingu-i-domenu\\\/#breadcrumb\",\"itemListElement\":[{\"@type\":\"ListItem\",\"position\":1,\"name\":\"\u0413\u043b\u0430\u0432\u043d\u0430\u044f \u0441\u0442\u0440\u0430\u043d\u0438\u0446\u0430\",\"item\":\"https:\\\/\\\/kakadoo-stu.de\\\/\"},{\"@type\":\"ListItem\",\"position\":2,\"name\":\"\u041c\u0430\u0433\u0430\u0437\u0438\u043d\",\"item\":\"https:\\\/\\\/kakadoo-stu.de\\\/shop\\\/\"},{\"@type\":\"ListItem\",\"position\":3,\"name\":\"\u041f\u043e\u0434\u043a\u043b\u044e\u0447\u0435\u043d\u0438\u0435 \u0441\u0430\u0439\u0442\u0430 \u043a \u0445\u043e\u0441\u0442\u0438\u043d\u0433\u0443 \u0438 \u0434\u043e\u043c\u0435\u043d\u0443\"}]},{\"@type\":\"WebSite\",\"@id\":\"https:\\\/\\\/kakadoo-stu.de\\\/#website\",\"url\":\"https:\\\/\\\/kakadoo-stu.de\\\/\",\"name\":\"kakadoo\",\"description\":\"\",\"publisher\":{\"@id\":\"https:\\\/\\\/kakadoo-stu.de\\\/#organization\"},\"potentialAction\":[{\"@type\":\"SearchAction\",\"target\":{\"@type\":\"EntryPoint\",\"urlTemplate\":\"https:\\\/\\\/kakadoo-stu.de\\\/?s={search_term_string}\"},\"query-input\":{\"@type\":\"PropertyValueSpecification\",\"valueRequired\":true,\"valueName\":\"search_term_string\"}}],\"inLanguage\":\"de\"},{\"@type\":\"Organization\",\"@id\":\"https:\\\/\\\/kakadoo-stu.de\\\/#organization\",\"name\":\"kakadoo\",\"url\":\"https:\\\/\\\/kakadoo-stu.de\\\/\",\"logo\":{\"@type\":\"ImageObject\",\"inLanguage\":\"de\",\"@id\":\"https:\\\/\\\/kakadoo-stu.de\\\/#\\\/schema\\\/logo\\\/image\\\/\",\"url\":\"https:\\\/\\\/kakadoo-stu.de\\\/wp-content\\\/uploads\\\/2024\\\/10\\\/kakadoo-logo.png\",\"contentUrl\":\"https:\\\/\\\/kakadoo-stu.de\\\/wp-content\\\/uploads\\\/2024\\\/10\\\/kakadoo-logo.png\",\"width\":445,\"height\":115,\"caption\":\"kakadoo\"},\"image\":{\"@id\":\"https:\\\/\\\/kakadoo-stu.de\\\/#\\\/schema\\\/logo\\\/image\\\/\"},\"sameAs\":[\"https:\\\/\\\/www.facebook.com\\\/kakadoostudio\"]}]}<\/script>\n<!-- \/ Yoast SEO plugin. -->","yoast_head_json":{"title":"Anschluss der Website an Hosting und Domain schl\u00fcsselfertig | Kakadoo Studio","description":"Professionelle Verbindung der Website mit Hosting und Domain mit Registrierung. DNS-Einrichtung, SSL und schl\u00fcsselfertige Inbetriebnahme von WordPress. Dienstleistungen des Webstudios Kakadoo.","robots":{"index":"index","follow":"follow","max-snippet":"max-snippet:-1","max-image-preview":"max-image-preview:large","max-video-preview":"max-video-preview:-1"},"canonical":"https:\/\/kakadoo-stu.de\/de\/produkt\/dienstleistungen-zur-verbindung-der-website-mit-hosting-und-domain\/","twitter_card":"summary_large_image","twitter_title":"\u041f\u043e\u0434\u043a\u043b\u044e\u0447\u0435\u043d\u0438\u0435 \u0441\u0430\u0439\u0442\u0430 \u043a \u0445\u043e\u0441\u0442\u0438\u043d\u0433\u0443 \u0438 \u0434\u043e\u043c\u0435\u043d\u0443 \u043f\u043e\u0434 \u043a\u043b\u044e\u0447 | Kakadoo Studio","twitter_description":"\u041f\u0440\u043e\u0444\u0435\u0441\u0441\u0438\u043e\u043d\u0430\u043b\u044c\u043d\u043e\u0435 \u043f\u043e\u0434\u043a\u043b\u044e\u0447\u0435\u043d\u0438\u0435 \u0441\u0430\u0439\u0442\u0430 \u043a \u0445\u043e\u0441\u0442\u0438\u043d\u0433\u0443 \u0438 \u0434\u043e\u043c\u0435\u043d\u0443 \u0441 \u0440\u0435\u0433\u0438\u0441\u0442\u0440\u0430\u0446\u0438\u0435\u0439. \u041d\u0430\u0441\u0442\u0440\u043e\u0439\u043a\u0430 DNS, SSL \u0438 \u0437\u0430\u043f\u0443\u0441\u043a WordPress \u043f\u043e\u0434 \u043a\u043b\u044e\u0447. \u0423\u0441\u043b\u0443\u0433\u0438 \u0432\u0435\u0431-\u0441\u0442\u0443\u0434\u0438\u0438 Kakadoo.","twitter_image":"https:\/\/kakadoo-stu.de\/wp-content\/uploads\/2025\/12\/3.png","schema":{"@context":"https:\/\/schema.org","@graph":[{"@type":"WebPage","@id":"https:\/\/kakadoo-stu.de\/product\/uslugi-podklyuchenie-sajta-k-hostingu-i-domenu\/","url":"https:\/\/kakadoo-stu.de\/product\/uslugi-podklyuchenie-sajta-k-hostingu-i-domenu\/","name":"Anschluss der Website an Hosting und Domain schl\u00fcsselfertig | Kakadoo Studio","isPartOf":{"@id":"https:\/\/kakadoo-stu.de\/#website"},"primaryImageOfPage":{"@id":"https:\/\/kakadoo-stu.de\/product\/uslugi-podklyuchenie-sajta-k-hostingu-i-domenu\/#primaryimage"},"image":{"@id":"https:\/\/kakadoo-stu.de\/product\/uslugi-podklyuchenie-sajta-k-hostingu-i-domenu\/#primaryimage"},"thumbnailUrl":"https:\/\/kakadoo-stu.de\/wp-content\/uploads\/2025\/12\/3.png","datePublished":"2025-12-12T18:24:41+00:00","dateModified":"2026-03-23T15:09:35+00:00","description":"Professionelle Verbindung der Website mit Hosting und Domain mit Registrierung. DNS-Einrichtung, SSL und schl\u00fcsselfertige Inbetriebnahme von WordPress. Dienstleistungen des Webstudios Kakadoo.","breadcrumb":{"@id":"https:\/\/kakadoo-stu.de\/product\/uslugi-podklyuchenie-sajta-k-hostingu-i-domenu\/#breadcrumb"},"inLanguage":"de","potentialAction":[{"@type":"ReadAction","target":["https:\/\/kakadoo-stu.de\/product\/uslugi-podklyuchenie-sajta-k-hostingu-i-domenu\/"]}]},{"@type":"ImageObject","inLanguage":"de","@id":"https:\/\/kakadoo-stu.de\/product\/uslugi-podklyuchenie-sajta-k-hostingu-i-domenu\/#primaryimage","url":"https:\/\/kakadoo-stu.de\/wp-content\/uploads\/2025\/12\/3.png","contentUrl":"https:\/\/kakadoo-stu.de\/wp-content\/uploads\/2025\/12\/3.png","width":1080,"height":687,"caption":"\u041f\u043e\u0434\u043a\u043b\u044e\u0447\u0435\u043d\u0438\u0435 \u0441\u0430\u0439\u0442\u0430 \u043a \u0445\u043e\u0441\u0442\u0438\u043d\u0433\u0443 \u0438 \u0434\u043e\u043c\u0435\u043d\u0443 \u2014 \u0442\u0435\u0445\u043d\u0438\u0447\u0435\u0441\u043a\u0430\u044f \u043d\u0430\u0441\u0442\u0440\u043e\u0439\u043a\u0430 \u0441\u0430\u0439\u0442\u0430"},{"@type":"BreadcrumbList","@id":"https:\/\/kakadoo-stu.de\/product\/uslugi-podklyuchenie-sajta-k-hostingu-i-domenu\/#breadcrumb","itemListElement":[{"@type":"ListItem","position":1,"name":"\u0413\u043b\u0430\u0432\u043d\u0430\u044f \u0441\u0442\u0440\u0430\u043d\u0438\u0446\u0430","item":"https:\/\/kakadoo-stu.de\/"},{"@type":"ListItem","position":2,"name":"\u041c\u0430\u0433\u0430\u0437\u0438\u043d","item":"https:\/\/kakadoo-stu.de\/shop\/"},{"@type":"ListItem","position":3,"name":"\u041f\u043e\u0434\u043a\u043b\u044e\u0447\u0435\u043d\u0438\u0435 \u0441\u0430\u0439\u0442\u0430 \u043a \u0445\u043e\u0441\u0442\u0438\u043d\u0433\u0443 \u0438 \u0434\u043e\u043c\u0435\u043d\u0443"}]},{"@type":"WebSite","@id":"https:\/\/kakadoo-stu.de\/#website","url":"https:\/\/kakadoo-stu.de\/","name":"kakadoo","description":"","publisher":{"@id":"https:\/\/kakadoo-stu.de\/#organization"},"potentialAction":[{"@type":"SearchAction","target":{"@type":"EntryPoint","urlTemplate":"https:\/\/kakadoo-stu.de\/?s={search_term_string}"},"query-input":{"@type":"PropertyValueSpecification","valueRequired":true,"valueName":"search_term_string"}}],"inLanguage":"de"},{"@type":"Organization","@id":"https:\/\/kakadoo-stu.de\/#organization","name":"kakadoo","url":"https:\/\/kakadoo-stu.de\/","logo":{"@type":"ImageObject","inLanguage":"de","@id":"https:\/\/kakadoo-stu.de\/#\/schema\/logo\/image\/","url":"https:\/\/kakadoo-stu.de\/wp-content\/uploads\/2024\/10\/kakadoo-logo.png","contentUrl":"https:\/\/kakadoo-stu.de\/wp-content\/uploads\/2024\/10\/kakadoo-logo.png","width":445,"height":115,"caption":"kakadoo"},"image":{"@id":"https:\/\/kakadoo-stu.de\/#\/schema\/logo\/image\/"},"sameAs":["https:\/\/www.facebook.com\/kakadoostudio"]}]}},"jetpack-related-posts":[],"jetpack_sharing_enabled":true,"jetpack_likes_enabled":true,"_links":{"self":[{"href":"https:\/\/kakadoo-stu.de\/de\/wp-json\/wp\/v2\/product\/2933","targetHints":{"allow":["GET"]}}],"collection":[{"href":"https:\/\/kakadoo-stu.de\/de\/wp-json\/wp\/v2\/product"}],"about":[{"href":"https:\/\/kakadoo-stu.de\/de\/wp-json\/wp\/v2\/types\/product"}],"replies":[{"embeddable":true,"href":"https:\/\/kakadoo-stu.de\/de\/wp-json\/wp\/v2\/comments?post=2933"}],"wp:featuredmedia":[{"embeddable":true,"href":"https:\/\/kakadoo-stu.de\/de\/wp-json\/wp\/v2\/media\/2951"}],"wp:attachment":[{"href":"https:\/\/kakadoo-stu.de\/de\/wp-json\/wp\/v2\/media?parent=2933"}],"wp:term":[{"taxonomy":"product_brand","embeddable":true,"href":"https:\/\/kakadoo-stu.de\/de\/wp-json\/wp\/v2\/product_brand?post=2933"},{"taxonomy":"product_cat","embeddable":true,"href":"https:\/\/kakadoo-stu.de\/de\/wp-json\/wp\/v2\/product_cat?post=2933"},{"taxonomy":"product_tag","embeddable":true,"href":"https:\/\/kakadoo-stu.de\/de\/wp-json\/wp\/v2\/product_tag?post=2933"}],"curies":[{"name":"wp","href":"https:\/\/api.w.org\/{rel}","templated":true}]}}