{"id":2920,"date":"2025-12-04T21:05:40","date_gmt":"2025-12-04T18:05:40","guid":{"rendered":"https:\/\/kakadoo-stu.de\/?post_type=product&#038;p=2920"},"modified":"2026-04-14T17:05:10","modified_gmt":"2026-04-14T14:05:10","slug":"fertige-website-fur-zahnmedizin","status":"publish","type":"product","link":"https:\/\/kakadoo-stu.de\/de\/product\/gotovyj-sajt-dlya-stomatologii\/","title":{"rendered":"\ud83e\uddb7 Fertige Website f\u00fcr Zahnmedizin"},"content":{"rendered":"<p>Professionelle Premium-Unternehmenswebsite, komplett startklar. Speziell f\u00fcr Zahnarztpraxen, Privatpraxen, Kliniken f\u00fcr \u00e4sthetische und Familienzahnmedizin entwickelt. Ideal f\u00fcr alle, die schnell eine moderne, verkaufsf\u00f6rdernde und funktionale Website ohne langwierige Entwicklung erhalten m\u00f6chten.<\/p>\n<p data-start=\"621\" data-end=\"1028\">Moderne Zahnmedizin bedeutet nicht nur hochwertige Dienstleistungen, sondern auch eine professionelle Online-Pr\u00e4senz. Patienten w\u00e4hlen eine Klinik danach aus, wie bequem die Terminvereinbarung ist, wie vertrauensw\u00fcrdig die Website wirkt und wie detailliert die Informationen zu den Dienstleistungen sind. Diese fertige Website f\u00fcr Zahnmedizin wurde nach allen Regeln des Marketings und des UX-Designs erstellt, was sie zu einem leistungsstarken Instrument zur Kundengewinnung macht.<\/p>\n<p data-start=\"1030\" data-end=\"1404\">Die Website der Zahnklinik vereint ein klares, minimalistisches Design, eine ruhige medizinische Farbpalette und eine optimale Struktur, die es dem Besucher erm\u00f6glicht, die gew\u00fcnschte Dienstleistung leicht zu finden und schnell einen Termin zu vereinbaren. Auf dem ersten Bildschirm befindet sich ein gro\u00dfes Banner mit einem Werbetext und einem integrierten Anmeldeformular \u2013 so k\u00f6nnen Besucher bereits in den ersten Sekunden in Anfragen umgewandelt werden.<\/p>\n<p data-start=\"1406\" data-end=\"1718\">Weiter unten auf der Seite befindet sich der Abschnitt \u00ab\u00dcber die Klinik\u00bb, der den Patienten \u00fcber die Professionalit\u00e4t und den Ansatz des Teams informiert. Die Betonung von Vertrauen und Erfahrung schafft einen positiven ersten Eindruck und hilft, eine emotionale Bindung zum zuk\u00fcnftigen Patienten aufzubauen. Die Verwendung hochwertiger Fotos verst\u00e4rkt den Eindruck von Professionalit\u00e4t.<\/p>\n<p data-start=\"1720\" data-end=\"2008\">Der Abschnitt \u00abUnsere Leistungen\u00bb umfasst die wichtigsten Bereiche der Zahnmedizin: Implantate, Wurzelbehandlungen, Prophylaxe, \u00e4sthetische Zahnmedizin und andere g\u00e4ngige Behandlungen. Jeder Abschnitt ist visuell und textuell so gestaltet, dass der Patient sofort den Wert der Leistung versteht und mehr dar\u00fcber erfahren m\u00f6chte.<\/p>\n<p data-start=\"2010\" data-end=\"2236\">Eine gro\u00dfe Anzahl von Bewertungen st\u00e4rkt das Vertrauen: Echte Geschichten von Patienten helfen, \u00c4ngste und Zweifel im Zusammenhang mit Zahnbehandlungen abzubauen. Dies ist eines der wichtigsten Elemente einer verkaufsf\u00f6rdernden Website, und hier wurde es perfekt umgesetzt.<\/p>\n<p data-start=\"2238\" data-end=\"2533\">Am Ende der Seite befindet sich eine Google Maps-Karte mit der Adresse der Klinik \u2013 dies erh\u00f6ht die Anzahl der Offline-Besuche und erleichtert die Suche nach einem Arzt in der Stadt. Weiter unten finden Sie die Kontaktdaten, \u00d6ffnungszeiten, Impressum und Datenschutz, was f\u00fcr Websites, die sich an Deutschland und die EU-L\u00e4nder richten, wichtig ist.<\/p>\n<p data-start=\"2535\" data-end=\"2796\">Die Website ist vollst\u00e4ndig responsiv: Sie sieht auf Smartphones, Tablets und Laptops gleicherma\u00dfen gut aus. Sie kann sofort mit Ihren Texten, Fotos, Ihrem Logo und Ihren Kontaktdaten gef\u00fcllt werden. F\u00fcr Kliniken, die noch heute damit beginnen m\u00f6chten, Kunden zu gewinnen, ist dies die ideale L\u00f6sung.<\/p>\n<p data-start=\"2798\" data-end=\"3144\">Die Struktur der Website wurde optimiert:  \u00dcbersichtliche Rubriken und die M\u00f6glichkeit, Inhalte zu erweitern, erm\u00f6glichen nicht nur einen schnellen Start, sondern auch eine zuk\u00fcnftige Verbesserung des Rankings bei Google f\u00fcr wichtige Suchbegriffe aus dem Bereich Zahnmedizin.<br data-start=\"3032\" data-end=\"3035\" \/>Eine Website ist eine hervorragende L\u00f6sung, um eine Marke zu starten oder zu aktualisieren, die Konversionsrate zu steigern und einen guten Ruf aufzubauen.<\/p>\n<hr data-start=\"3146\" data-end=\"3149\" \/>\n<h2 data-start=\"3151\" data-end=\"3180\">\ud83d\udd39 Hauptvorteile<\/h2>\n<ul data-start=\"3181\" data-end=\"3608\">\n<li data-start=\"3181\" data-end=\"3223\">\n<p data-start=\"3183\" data-end=\"3223\">Premium-Design, das Vertrauen schafft<\/p>\n<\/li>\n<li data-start=\"3224\" data-end=\"3276\">\n<p data-start=\"3226\" data-end=\"3276\">Optimierte Struktur f\u00fcr hohe Konversionsraten<\/p>\n<\/li>\n<li data-start=\"3277\" data-end=\"3320\">\n<p data-start=\"3279\" data-end=\"3320\">Integriertes Formular zur Terminvereinbarung<\/p>\n<\/li>\n<li data-start=\"3321\" data-end=\"3388\">\n<p data-start=\"3323\" data-end=\"3388\">Bl\u00f6cke: \u00dcber die Klinik, Dienstleistungen, Vorteile, Bewertungen, Karte, Kontakte<\/p>\n<\/li>\n<li data-start=\"3389\" data-end=\"3445\">\n<p data-start=\"3391\" data-end=\"3445\">Rechtliche Hinweise f\u00fcr die EU: Impressum und Datenschutz<\/p>\n<\/li>\n<li data-start=\"3465\" data-end=\"3500\">\n<p data-start=\"3467\" data-end=\"3500\">Schnelles Laden und Anpassungsf\u00e4higkeit<\/p>\n<\/li>\n<li data-start=\"3501\" data-end=\"3548\">\n<p data-start=\"3503\" data-end=\"3548\">Einfache Bearbeitung f\u00fcr Ihre Marke oder Klinik<\/p>\n<\/li>\n<li data-start=\"3549\" data-end=\"3608\">\n<p data-start=\"3551\" data-end=\"3608\">M\u00f6glichkeit, WhatsApp, Online-Aufzeichnung und soziale Netzwerke zu verbinden<\/p>\n<\/li>\n<\/ul>\n<hr data-start=\"3610\" data-end=\"3613\" \/>\n<h2 data-start=\"3615\" data-end=\"3640\">\ud83c\udfaf F\u00fcr wen ist es geeignet?<\/h2>\n<ul data-start=\"3641\" data-end=\"3858\">\n<li data-start=\"3641\" data-end=\"3673\">\n<p data-start=\"3643\" data-end=\"3673\">Zahn\u00e4rzte in Privatpraxis<\/p>\n<\/li>\n<li data-start=\"3674\" data-end=\"3699\">\n<p data-start=\"3676\" data-end=\"3699\">Vollst\u00e4ndige Kliniken<\/p>\n<\/li>\n<li data-start=\"3700\" data-end=\"3724\">\n<p data-start=\"3702\" data-end=\"3724\">Kinderzahnheilkunde<\/p>\n<\/li>\n<li data-start=\"3725\" data-end=\"3747\">\n<p data-start=\"3727\" data-end=\"3747\">Implantationszentren<\/p>\n<\/li>\n<li data-start=\"3748\" data-end=\"3786\">\n<p data-start=\"3750\" data-end=\"3786\">Praxen f\u00fcr \u00e4sthetische Zahnmedizin<\/p>\n<\/li>\n<li data-start=\"3787\" data-end=\"3858\">\n<p data-start=\"3789\" data-end=\"3858\">Neue Kliniken, die ohne gro\u00dfe Investitionen schnell starten m\u00f6chten<\/p>\n<\/li>\n<\/ul>\n<hr data-start=\"3860\" data-end=\"3863\" \/>\n<h2 data-start=\"3865\" data-end=\"3888\">\ud83d\udd27 Was Sie erhalten<\/h2>\n<p data-start=\"3889\" data-end=\"4067\">\u2714 Vollst\u00e4ndig fertige Website<br data-start=\"3913\" data-end=\"3916\" \/>\u2714 Installation auf Ihrer Domain und Ihrem Hosting<br data-start=\"3950\" data-end=\"3953\" \/>\u2714 \u00c4nderung der Farbe, des Logos und des Textes<br data-start=\"4024\" data-end=\"4027\" \/>\u2714 M\u00f6glichkeit der weiteren Wartung<\/p>","protected":false},"excerpt":{"rendered":"<p>Die Umsatzsteuer wird gem\u00e4\u00df \u00a719 UStG nicht erhoben.<\/p>\n<p><strong>Verbinden Sie Ihre Website mit Hosting und Domain f\u00fcr nur 1\u20ac<\/strong><em><\/p>\n<p>Professionelle Premium-Onepage-Website, komplett startklar. Speziell f\u00fcr Zahnarztpraxen, Privatpraxen, Kliniken f\u00fcr \u00e4sthetische und Familienzahnmedizin entwickelt. Ideal f\u00fcr alle, die schnell eine moderne, verkaufsf\u00f6rdernde und funktionale Website ohne langwierige Entwicklung erhalten m\u00f6chten.<\/p>\n<p><a class=\"kakadoo-btn-demo\" href=\"https:\/\/slategray-grasshopper-853475.hostingersite.com\/\" target=\"_blank\" rel=\"noopener\"><br \/>\nSehen Sie sich eine Demo der Website an<br \/>\n<\/a><\/p>","protected":false},"featured_media":2922,"comment_status":"open","ping_status":"closed","template":"","meta":[],"product_brand":[],"product_cat":[36],"product_tag":[],"class_list":{"0":"post-2920","1":"product","2":"type-product","3":"status-publish","4":"has-post-thumbnail","6":"product_cat-gotovie-seiti","8":"first","9":"instock","10":"virtual","11":"purchasable","12":"product-type-simple"},"yoast_head":"<!-- This site is optimized with the Yoast SEO plugin v27.5 - https:\/\/yoast.com\/product\/yoast-seo-wordpress\/ -->\n<title>\u0413\u043e\u0442\u043e\u0432\u044b\u0439 \u0441\u0430\u0439\u0442 \u0434\u043b\u044f \u0441\u0442\u043e\u043c\u0430\u0442\u043e\u043b\u043e\u0433\u0438\u0438 | \u041f\u0440\u043e\u0444\u0435\u0441\u0441\u0438\u043e\u043d\u0430\u043b\u044c\u043d\u044b\u0439 \u0441\u0442\u043e\u043c\u0430\u0442\u043e\u043b\u043e\u0433\u0438\u0447\u0435\u0441\u043a\u0438\u0439 \u043b\u0435\u043d\u0434\u0438\u043d\u2014 \u043a\u0443\u043f\u0438\u0442\u044c<\/title>\n<meta name=\"description\" content=\"\u0413\u043e\u0442\u043e\u0432\u044b\u0439 \u043f\u0440\u043e\u0434\u0430\u044e\u0449\u0438\u0439 \u0441\u0430\u0439\u0442 \u0434\u043b\u044f \u0441\u0442\u043e\u043c\u0430\u0442\u043e\u043b\u043e\u0433\u0438\u0438: \u0441\u043e\u0432\u0440\u0435\u043c\u0435\u043d\u043d\u044b\u0439 \u0434\u0438\u0437\u0430\u0439\u043d, \u0431\u043b\u043e\u043a\u0438 \u0443\u0441\u043b\u0443\u0433, \u043e\u0442\u0437\u044b\u0432\u044b, \u0444\u043e\u0440\u043c\u0430 \u0437\u0430\u043f\u0438\u0441\u0438, \u043a\u0430\u0440\u0442\u0430 \u0438 \u044e\u0440\u0438\u0434\u0438\u0447\u0435\u0441\u043a\u0438\u0435 \u0441\u0442\u0440\u0430\u043d\u0438\u0446\u044b. \u041f\u043e\u043b\u043d\u043e\u0441\u0442\u044c\u044e \u0430\u0434\u0430\u043f\u0442\u0438\u0432\u043d\u044b\u0439 \u0438 SEO-\u043e\u043f\u0442\u0438\u043c\u0438\u0437\u0438\u0440\u043e\u0432\u0430\u043d\u043d\u044b\u0439. \u0418\u0434\u0435\u0430\u043b\u044c\u043d\u043e \u043f\u043e\u0434\u0445\u043e\u0434\u0438\u0442 \u0434\u043b\u044f \u0447\u0430\u0441\u0442\u043d\u044b\u0445 \u0441\u0442\u043e\u043c\u0430\u0442\u043e\u043b\u043e\u0433\u043e\u0432 \u0438 \u043a\u043b\u0438\u043d\u0438\u043a. \u0423\u0441\u0442\u0430\u043d\u043e\u0432\u043a\u0430 \u0438 \u043d\u0430\u0441\u0442\u0440\u043e\u0439\u043a\u0430 \u0432\u043a\u043b\u044e\u0447\u0435\u043d\u044b.\" \/>\n<meta name=\"robots\" content=\"index, follow, max-snippet:-1, max-image-preview:large, max-video-preview:-1\" \/>\n<link rel=\"canonical\" href=\"https:\/\/kakadoo-stu.de\/de\/produkt\/fertige-website-fur-zahnmedizin\/\" \/>\n<meta name=\"twitter:card\" content=\"summary_large_image\" \/>\n<meta name=\"twitter:title\" content=\"\u0413\u043e\u0442\u043e\u0432\u044b\u0439 \u0441\u0430\u0439\u0442 \u0434\u043b\u044f \u0441\u0442\u043e\u043c\u0430\u0442\u043e\u043b\u043e\u0433\u0438\u0438 | \u041f\u0440\u043e\u0444\u0435\u0441\u0441\u0438\u043e\u043d\u0430\u043b\u044c\u043d\u044b\u0439 \u0441\u0442\u043e\u043c\u0430\u0442\u043e\u043b\u043e\u0433\u0438\u0447\u0435\u0441\u043a\u0438\u0439 \u043b\u0435\u043d\u0434\u0438\u043d\u2014 \u043a\u0443\u043f\u0438\u0442\u044c\" \/>\n<meta name=\"twitter:description\" content=\"\u0413\u043e\u0442\u043e\u0432\u044b\u0439 \u043f\u0440\u043e\u0434\u0430\u044e\u0449\u0438\u0439 \u0441\u0430\u0439\u0442 \u0434\u043b\u044f \u0441\u0442\u043e\u043c\u0430\u0442\u043e\u043b\u043e\u0433\u0438\u0438: \u0441\u043e\u0432\u0440\u0435\u043c\u0435\u043d\u043d\u044b\u0439 \u0434\u0438\u0437\u0430\u0439\u043d, \u0431\u043b\u043e\u043a\u0438 \u0443\u0441\u043b\u0443\u0433, \u043e\u0442\u0437\u044b\u0432\u044b, \u0444\u043e\u0440\u043c\u0430 \u0437\u0430\u043f\u0438\u0441\u0438, \u043a\u0430\u0440\u0442\u0430 \u0438 \u044e\u0440\u0438\u0434\u0438\u0447\u0435\u0441\u043a\u0438\u0435 \u0441\u0442\u0440\u0430\u043d\u0438\u0446\u044b. \u041f\u043e\u043b\u043d\u043e\u0441\u0442\u044c\u044e \u0430\u0434\u0430\u043f\u0442\u0438\u0432\u043d\u044b\u0439 \u0438 SEO-\u043e\u043f\u0442\u0438\u043c\u0438\u0437\u0438\u0440\u043e\u0432\u0430\u043d\u043d\u044b\u0439. \u0418\u0434\u0435\u0430\u043b\u044c\u043d\u043e \u043f\u043e\u0434\u0445\u043e\u0434\u0438\u0442 \u0434\u043b\u044f \u0447\u0430\u0441\u0442\u043d\u044b\u0445 \u0441\u0442\u043e\u043c\u0430\u0442\u043e\u043b\u043e\u0433\u043e\u0432 \u0438 \u043a\u043b\u0438\u043d\u0438\u043a. \u0423\u0441\u0442\u0430\u043d\u043e\u0432\u043a\u0430 \u0438 \u043d\u0430\u0441\u0442\u0440\u043e\u0439\u043a\u0430 \u0432\u043a\u043b\u044e\u0447\u0435\u043d\u044b.\" \/>\n<meta name=\"twitter:image\" content=\"https:\/\/kakadoo-stu.de\/wp-content\/uploads\/2025\/12\/6628.webp\" \/>\n<script type=\"application\/ld+json\" class=\"yoast-schema-graph\">{\"@context\":\"https:\\\/\\\/schema.org\",\"@graph\":[{\"@type\":\"WebPage\",\"@id\":\"https:\\\/\\\/kakadoo-stu.de\\\/product\\\/gotovyj-sajt-dlya-stomatologii\\\/\",\"url\":\"https:\\\/\\\/kakadoo-stu.de\\\/product\\\/gotovyj-sajt-dlya-stomatologii\\\/\",\"name\":\"\u0413\u043e\u0442\u043e\u0432\u044b\u0439 \u0441\u0430\u0439\u0442 \u0434\u043b\u044f \u0441\u0442\u043e\u043c\u0430\u0442\u043e\u043b\u043e\u0433\u0438\u0438 | \u041f\u0440\u043e\u0444\u0435\u0441\u0441\u0438\u043e\u043d\u0430\u043b\u044c\u043d\u044b\u0439 \u0441\u0442\u043e\u043c\u0430\u0442\u043e\u043b\u043e\u0433\u0438\u0447\u0435\u0441\u043a\u0438\u0439 \u043b\u0435\u043d\u0434\u0438\u043d\u2014 \u043a\u0443\u043f\u0438\u0442\u044c\",\"isPartOf\":{\"@id\":\"https:\\\/\\\/kakadoo-stu.de\\\/#website\"},\"primaryImageOfPage\":{\"@id\":\"https:\\\/\\\/kakadoo-stu.de\\\/product\\\/gotovyj-sajt-dlya-stomatologii\\\/#primaryimage\"},\"image\":{\"@id\":\"https:\\\/\\\/kakadoo-stu.de\\\/product\\\/gotovyj-sajt-dlya-stomatologii\\\/#primaryimage\"},\"thumbnailUrl\":\"https:\\\/\\\/kakadoo-stu.de\\\/wp-content\\\/uploads\\\/2025\\\/12\\\/6628.webp\",\"datePublished\":\"2025-12-04T18:05:40+00:00\",\"dateModified\":\"2026-04-14T14:05:10+00:00\",\"description\":\"\u0413\u043e\u0442\u043e\u0432\u044b\u0439 \u043f\u0440\u043e\u0434\u0430\u044e\u0449\u0438\u0439 \u0441\u0430\u0439\u0442 \u0434\u043b\u044f \u0441\u0442\u043e\u043c\u0430\u0442\u043e\u043b\u043e\u0433\u0438\u0438: \u0441\u043e\u0432\u0440\u0435\u043c\u0435\u043d\u043d\u044b\u0439 \u0434\u0438\u0437\u0430\u0439\u043d, \u0431\u043b\u043e\u043a\u0438 \u0443\u0441\u043b\u0443\u0433, \u043e\u0442\u0437\u044b\u0432\u044b, \u0444\u043e\u0440\u043c\u0430 \u0437\u0430\u043f\u0438\u0441\u0438, \u043a\u0430\u0440\u0442\u0430 \u0438 \u044e\u0440\u0438\u0434\u0438\u0447\u0435\u0441\u043a\u0438\u0435 \u0441\u0442\u0440\u0430\u043d\u0438\u0446\u044b. \u041f\u043e\u043b\u043d\u043e\u0441\u0442\u044c\u044e \u0430\u0434\u0430\u043f\u0442\u0438\u0432\u043d\u044b\u0439 \u0438 SEO-\u043e\u043f\u0442\u0438\u043c\u0438\u0437\u0438\u0440\u043e\u0432\u0430\u043d\u043d\u044b\u0439. \u0418\u0434\u0435\u0430\u043b\u044c\u043d\u043e \u043f\u043e\u0434\u0445\u043e\u0434\u0438\u0442 \u0434\u043b\u044f \u0447\u0430\u0441\u0442\u043d\u044b\u0445 \u0441\u0442\u043e\u043c\u0430\u0442\u043e\u043b\u043e\u0433\u043e\u0432 \u0438 \u043a\u043b\u0438\u043d\u0438\u043a. \u0423\u0441\u0442\u0430\u043d\u043e\u0432\u043a\u0430 \u0438 \u043d\u0430\u0441\u0442\u0440\u043e\u0439\u043a\u0430 \u0432\u043a\u043b\u044e\u0447\u0435\u043d\u044b.\",\"breadcrumb\":{\"@id\":\"https:\\\/\\\/kakadoo-stu.de\\\/product\\\/gotovyj-sajt-dlya-stomatologii\\\/#breadcrumb\"},\"inLanguage\":\"de\",\"potentialAction\":[{\"@type\":\"ReadAction\",\"target\":[\"https:\\\/\\\/kakadoo-stu.de\\\/product\\\/gotovyj-sajt-dlya-stomatologii\\\/\"]}]},{\"@type\":\"ImageObject\",\"inLanguage\":\"de\",\"@id\":\"https:\\\/\\\/kakadoo-stu.de\\\/product\\\/gotovyj-sajt-dlya-stomatologii\\\/#primaryimage\",\"url\":\"https:\\\/\\\/kakadoo-stu.de\\\/wp-content\\\/uploads\\\/2025\\\/12\\\/6628.webp\",\"contentUrl\":\"https:\\\/\\\/kakadoo-stu.de\\\/wp-content\\\/uploads\\\/2025\\\/12\\\/6628.webp\",\"width\":1500,\"height\":1500},{\"@type\":\"BreadcrumbList\",\"@id\":\"https:\\\/\\\/kakadoo-stu.de\\\/product\\\/gotovyj-sajt-dlya-stomatologii\\\/#breadcrumb\",\"itemListElement\":[{\"@type\":\"ListItem\",\"position\":1,\"name\":\"\u0413\u043b\u0430\u0432\u043d\u0430\u044f \u0441\u0442\u0440\u0430\u043d\u0438\u0446\u0430\",\"item\":\"https:\\\/\\\/kakadoo-stu.de\\\/\"},{\"@type\":\"ListItem\",\"position\":2,\"name\":\"\u041c\u0430\u0433\u0430\u0437\u0438\u043d\",\"item\":\"https:\\\/\\\/kakadoo-stu.de\\\/shop\\\/\"},{\"@type\":\"ListItem\",\"position\":3,\"name\":\"\ud83e\uddb7 \u0413\u043e\u0442\u043e\u0432\u044b\u0439 \u0441\u0430\u0439\u0442 \u0434\u043b\u044f \u0441\u0442\u043e\u043c\u0430\u0442\u043e\u043b\u043e\u0433\u0438\u0438\"}]},{\"@type\":\"WebSite\",\"@id\":\"https:\\\/\\\/kakadoo-stu.de\\\/#website\",\"url\":\"https:\\\/\\\/kakadoo-stu.de\\\/\",\"name\":\"kakadoo\",\"description\":\"\",\"publisher\":{\"@id\":\"https:\\\/\\\/kakadoo-stu.de\\\/#organization\"},\"potentialAction\":[{\"@type\":\"SearchAction\",\"target\":{\"@type\":\"EntryPoint\",\"urlTemplate\":\"https:\\\/\\\/kakadoo-stu.de\\\/?s={search_term_string}\"},\"query-input\":{\"@type\":\"PropertyValueSpecification\",\"valueRequired\":true,\"valueName\":\"search_term_string\"}}],\"inLanguage\":\"de\"},{\"@type\":\"Organization\",\"@id\":\"https:\\\/\\\/kakadoo-stu.de\\\/#organization\",\"name\":\"kakadoo\",\"url\":\"https:\\\/\\\/kakadoo-stu.de\\\/\",\"logo\":{\"@type\":\"ImageObject\",\"inLanguage\":\"de\",\"@id\":\"https:\\\/\\\/kakadoo-stu.de\\\/#\\\/schema\\\/logo\\\/image\\\/\",\"url\":\"https:\\\/\\\/kakadoo-stu.de\\\/wp-content\\\/uploads\\\/2024\\\/10\\\/kakadoo-logo.png\",\"contentUrl\":\"https:\\\/\\\/kakadoo-stu.de\\\/wp-content\\\/uploads\\\/2024\\\/10\\\/kakadoo-logo.png\",\"width\":445,\"height\":115,\"caption\":\"kakadoo\"},\"image\":{\"@id\":\"https:\\\/\\\/kakadoo-stu.de\\\/#\\\/schema\\\/logo\\\/image\\\/\"},\"sameAs\":[\"https:\\\/\\\/www.facebook.com\\\/kakadoostudio\"]}]}<\/script>\n<!-- \/ Yoast SEO plugin. -->","yoast_head_json":{"title":"Fertige Website f\u00fcr Zahnmedizin | Professionelle Landingpage f\u00fcr Zahnmedizin \u2013 kaufen","description":"Fertige Verkaufswebsite f\u00fcr Zahnmedizin: modernes Design, Servicebl\u00f6cke, Bewertungen, Anmeldeformular, Karte und rechtliche Seiten. Vollst\u00e4ndig anpassungsf\u00e4hig und SEO-optimiert. Ideal f\u00fcr private Zahn\u00e4rzte und Kliniken. Installation und Konfiguration inklusive.","robots":{"index":"index","follow":"follow","max-snippet":"max-snippet:-1","max-image-preview":"max-image-preview:large","max-video-preview":"max-video-preview:-1"},"canonical":"https:\/\/kakadoo-stu.de\/de\/produkt\/fertige-website-fur-zahnmedizin\/","twitter_card":"summary_large_image","twitter_title":"\u0413\u043e\u0442\u043e\u0432\u044b\u0439 \u0441\u0430\u0439\u0442 \u0434\u043b\u044f \u0441\u0442\u043e\u043c\u0430\u0442\u043e\u043b\u043e\u0433\u0438\u0438 | \u041f\u0440\u043e\u0444\u0435\u0441\u0441\u0438\u043e\u043d\u0430\u043b\u044c\u043d\u044b\u0439 \u0441\u0442\u043e\u043c\u0430\u0442\u043e\u043b\u043e\u0433\u0438\u0447\u0435\u0441\u043a\u0438\u0439 \u043b\u0435\u043d\u0434\u0438\u043d\u2014 \u043a\u0443\u043f\u0438\u0442\u044c","twitter_description":"\u0413\u043e\u0442\u043e\u0432\u044b\u0439 \u043f\u0440\u043e\u0434\u0430\u044e\u0449\u0438\u0439 \u0441\u0430\u0439\u0442 \u0434\u043b\u044f \u0441\u0442\u043e\u043c\u0430\u0442\u043e\u043b\u043e\u0433\u0438\u0438: \u0441\u043e\u0432\u0440\u0435\u043c\u0435\u043d\u043d\u044b\u0439 \u0434\u0438\u0437\u0430\u0439\u043d, \u0431\u043b\u043e\u043a\u0438 \u0443\u0441\u043b\u0443\u0433, \u043e\u0442\u0437\u044b\u0432\u044b, \u0444\u043e\u0440\u043c\u0430 \u0437\u0430\u043f\u0438\u0441\u0438, \u043a\u0430\u0440\u0442\u0430 \u0438 \u044e\u0440\u0438\u0434\u0438\u0447\u0435\u0441\u043a\u0438\u0435 \u0441\u0442\u0440\u0430\u043d\u0438\u0446\u044b. \u041f\u043e\u043b\u043d\u043e\u0441\u0442\u044c\u044e \u0430\u0434\u0430\u043f\u0442\u0438\u0432\u043d\u044b\u0439 \u0438 SEO-\u043e\u043f\u0442\u0438\u043c\u0438\u0437\u0438\u0440\u043e\u0432\u0430\u043d\u043d\u044b\u0439. \u0418\u0434\u0435\u0430\u043b\u044c\u043d\u043e \u043f\u043e\u0434\u0445\u043e\u0434\u0438\u0442 \u0434\u043b\u044f \u0447\u0430\u0441\u0442\u043d\u044b\u0445 \u0441\u0442\u043e\u043c\u0430\u0442\u043e\u043b\u043e\u0433\u043e\u0432 \u0438 \u043a\u043b\u0438\u043d\u0438\u043a. \u0423\u0441\u0442\u0430\u043d\u043e\u0432\u043a\u0430 \u0438 \u043d\u0430\u0441\u0442\u0440\u043e\u0439\u043a\u0430 \u0432\u043a\u043b\u044e\u0447\u0435\u043d\u044b.","twitter_image":"https:\/\/kakadoo-stu.de\/wp-content\/uploads\/2025\/12\/6628.webp","schema":{"@context":"https:\/\/schema.org","@graph":[{"@type":"WebPage","@id":"https:\/\/kakadoo-stu.de\/product\/gotovyj-sajt-dlya-stomatologii\/","url":"https:\/\/kakadoo-stu.de\/product\/gotovyj-sajt-dlya-stomatologii\/","name":"Fertige Website f\u00fcr Zahnmedizin | Professionelle Landingpage f\u00fcr Zahnmedizin \u2013 kaufen","isPartOf":{"@id":"https:\/\/kakadoo-stu.de\/#website"},"primaryImageOfPage":{"@id":"https:\/\/kakadoo-stu.de\/product\/gotovyj-sajt-dlya-stomatologii\/#primaryimage"},"image":{"@id":"https:\/\/kakadoo-stu.de\/product\/gotovyj-sajt-dlya-stomatologii\/#primaryimage"},"thumbnailUrl":"https:\/\/kakadoo-stu.de\/wp-content\/uploads\/2025\/12\/6628.webp","datePublished":"2025-12-04T18:05:40+00:00","dateModified":"2026-04-14T14:05:10+00:00","description":"Fertige Verkaufswebsite f\u00fcr Zahnmedizin: modernes Design, Servicebl\u00f6cke, Bewertungen, Anmeldeformular, Karte und rechtliche Seiten. Vollst\u00e4ndig anpassungsf\u00e4hig und SEO-optimiert. Ideal f\u00fcr private Zahn\u00e4rzte und Kliniken. Installation und Konfiguration inklusive.","breadcrumb":{"@id":"https:\/\/kakadoo-stu.de\/product\/gotovyj-sajt-dlya-stomatologii\/#breadcrumb"},"inLanguage":"de","potentialAction":[{"@type":"ReadAction","target":["https:\/\/kakadoo-stu.de\/product\/gotovyj-sajt-dlya-stomatologii\/"]}]},{"@type":"ImageObject","inLanguage":"de","@id":"https:\/\/kakadoo-stu.de\/product\/gotovyj-sajt-dlya-stomatologii\/#primaryimage","url":"https:\/\/kakadoo-stu.de\/wp-content\/uploads\/2025\/12\/6628.webp","contentUrl":"https:\/\/kakadoo-stu.de\/wp-content\/uploads\/2025\/12\/6628.webp","width":1500,"height":1500},{"@type":"BreadcrumbList","@id":"https:\/\/kakadoo-stu.de\/product\/gotovyj-sajt-dlya-stomatologii\/#breadcrumb","itemListElement":[{"@type":"ListItem","position":1,"name":"\u0413\u043b\u0430\u0432\u043d\u0430\u044f \u0441\u0442\u0440\u0430\u043d\u0438\u0446\u0430","item":"https:\/\/kakadoo-stu.de\/"},{"@type":"ListItem","position":2,"name":"\u041c\u0430\u0433\u0430\u0437\u0438\u043d","item":"https:\/\/kakadoo-stu.de\/shop\/"},{"@type":"ListItem","position":3,"name":"\ud83e\uddb7 \u0413\u043e\u0442\u043e\u0432\u044b\u0439 \u0441\u0430\u0439\u0442 \u0434\u043b\u044f \u0441\u0442\u043e\u043c\u0430\u0442\u043e\u043b\u043e\u0433\u0438\u0438"}]},{"@type":"WebSite","@id":"https:\/\/kakadoo-stu.de\/#website","url":"https:\/\/kakadoo-stu.de\/","name":"kakadoo","description":"","publisher":{"@id":"https:\/\/kakadoo-stu.de\/#organization"},"potentialAction":[{"@type":"SearchAction","target":{"@type":"EntryPoint","urlTemplate":"https:\/\/kakadoo-stu.de\/?s={search_term_string}"},"query-input":{"@type":"PropertyValueSpecification","valueRequired":true,"valueName":"search_term_string"}}],"inLanguage":"de"},{"@type":"Organization","@id":"https:\/\/kakadoo-stu.de\/#organization","name":"kakadoo","url":"https:\/\/kakadoo-stu.de\/","logo":{"@type":"ImageObject","inLanguage":"de","@id":"https:\/\/kakadoo-stu.de\/#\/schema\/logo\/image\/","url":"https:\/\/kakadoo-stu.de\/wp-content\/uploads\/2024\/10\/kakadoo-logo.png","contentUrl":"https:\/\/kakadoo-stu.de\/wp-content\/uploads\/2024\/10\/kakadoo-logo.png","width":445,"height":115,"caption":"kakadoo"},"image":{"@id":"https:\/\/kakadoo-stu.de\/#\/schema\/logo\/image\/"},"sameAs":["https:\/\/www.facebook.com\/kakadoostudio"]}]}},"jetpack-related-posts":[],"jetpack_sharing_enabled":true,"jetpack_likes_enabled":true,"_links":{"self":[{"href":"https:\/\/kakadoo-stu.de\/de\/wp-json\/wp\/v2\/product\/2920","targetHints":{"allow":["GET"]}}],"collection":[{"href":"https:\/\/kakadoo-stu.de\/de\/wp-json\/wp\/v2\/product"}],"about":[{"href":"https:\/\/kakadoo-stu.de\/de\/wp-json\/wp\/v2\/types\/product"}],"replies":[{"embeddable":true,"href":"https:\/\/kakadoo-stu.de\/de\/wp-json\/wp\/v2\/comments?post=2920"}],"wp:featuredmedia":[{"embeddable":true,"href":"https:\/\/kakadoo-stu.de\/de\/wp-json\/wp\/v2\/media\/2922"}],"wp:attachment":[{"href":"https:\/\/kakadoo-stu.de\/de\/wp-json\/wp\/v2\/media?parent=2920"}],"wp:term":[{"taxonomy":"product_brand","embeddable":true,"href":"https:\/\/kakadoo-stu.de\/de\/wp-json\/wp\/v2\/product_brand?post=2920"},{"taxonomy":"product_cat","embeddable":true,"href":"https:\/\/kakadoo-stu.de\/de\/wp-json\/wp\/v2\/product_cat?post=2920"},{"taxonomy":"product_tag","embeddable":true,"href":"https:\/\/kakadoo-stu.de\/de\/wp-json\/wp\/v2\/product_tag?post=2920"}],"curies":[{"name":"wp","href":"https:\/\/api.w.org\/{rel}","templated":true}]}}