{"id":2970,"date":"2026-01-14T19:14:48","date_gmt":"2026-01-14T16:14:48","guid":{"rendered":"https:\/\/kakadoo-stu.de\/?page_id=2970"},"modified":"2026-01-14T19:14:50","modified_gmt":"2026-01-14T16:14:50","slug":"skolko-stoit-sajt-dlya-lokalnogo-biznesa-in-2025-godu-czeny-v-germanii-kakadoo","status":"publish","type":"page","link":"https:\/\/kakadoo-stu.de\/de\/skolko-stoit-sajt-dlya-lokalnogo-biznesa-v-2025-godu-czeny-v-germanii-kakadoo\/","title":{"rendered":"Wie viel kostet eine Website f\u00fcr ein lokales Unternehmen im Jahr 2025?"},"content":{"rendered":"<p>Im Jahr 2025 ist eine Website f\u00fcr ein lokales Unternehmen nicht nur eine Visitenkarte, sondern ein komplettes Verkaufs-, Vertrauens- und Wachstumsinstrument. F\u00fcr Sch\u00f6nheitssalons, Zahn\u00e4rzte, Dienstleistungsunternehmen, private Spezialisten und Start-ups wird eine Website oft zur Hauptquelle f\u00fcr Kunden. Deshalb besch\u00e4ftigt die Frage \u00abWie viel kostet eine Website?\u00bb fast jeden Unternehmer.<\/p>\n\n\n\n<p>Auf dem Markt finden Sie Angebote von 300 \u20ac bis 10.000 \u20ac und mehr. Doch hinter dem Begriff \u00abschl\u00fcsselfertige Website\u00bb verbergen sich oft v\u00f6llig unterschiedliche Ans\u00e4tze, Qualit\u00e4ten und Ergebnisse. In diesem Artikel wird Kakadoo detailliert aufschl\u00fcsseln, wie hoch der Preis f\u00fcr eine Website f\u00fcr ein lokales Unternehmen im Jahr 2025 ist, wie die aktuellen Preise in Deutschland aussehen, wie viel Werbung es kostet und wie man Geld sparen kann, ohne an Effizienz zu verlieren.<\/p>\n\n\n\n<h2 class=\"wp-block-heading\">Wovon der Preis einer Website f\u00fcr ein lokales Unternehmen im Jahr 2025 wirklich abh\u00e4ngt<\/h2>\n\n\n\n<p>Wenn ein Unternehmer fragt, wie viel eine Website kostet, erwartet er meist eine konkrete Zahl. Aber die Wahrheit ist, dass eine Website keinen festen Preis hat wie ein Produkt im Regal. Die Kosten f\u00fcr eine Website f\u00fcr ein lokales Unternehmen setzen sich aus vielen Faktoren zusammen: Gesch\u00e4ftsziele, Wettbewerbsniveau, Region, Anforderungen an Design, SEO und weitere Werbung. Deshalb k\u00f6nnen sich zwei Websites mit der gleichen Anzahl von Seiten im Preis um das Zwei- oder Dreifache unterscheiden.<\/p>\n\n\n\n<p>Im Jahr 2025 ist eine Website nicht nur eine Reihe von Seiten, sondern Teil eines Marketingsystems. Sie muss benutzerfreundlich, schnell, f\u00fcr mobile Ger\u00e4te geeignet, GDPR-konform sein, korrekt mit Google zusammenarbeiten und f\u00fcr SEO und Werbung bereit sein. Wenn eine Website diese Aufgaben nicht von Anfang an ber\u00fccksichtigt, entstehen einem Unternehmen sp\u00e4ter fast immer zus\u00e4tzliche Kosten - f\u00fcr Nachbesserungen, Redesigns und das \u00abFlicken von L\u00f6chern\u00bb.<\/p>\n\n\n\n<p>F\u00fcr lokale Unternehmen ist es besonders wichtig, dass die Website sofort auf eine bestimmte Stadt oder einen bestimmten Bezirk, auf die tats\u00e4chlichen Suchanfragen der Kunden und auf das Verhalten der Nutzer zugeschnitten ist. Dies wirkt sich nicht nur direkt auf die Kosten der Entwicklung aus, sondern auch darauf, ob die Website Kunden bringt oder nur eine sch\u00f6ne Visitenkarte bleibt. Im Folgenden werden wir die Schl\u00fcsselfaktoren analysieren, die den Preis einer Website im Jahr 2025 ausmachen und ihren tats\u00e4chlichen Wert f\u00fcr Unternehmen bestimmen.<\/p>\n\n\n\n<h3 class=\"wp-block-heading\">Art des Standorts und Unternehmensziele<\/h3>\n\n\n\n<p>Der erste Faktor, der sich auf den Preis auswirkt, ist das Format der Website und ihre Ziele.<\/p>\n\n\n\n<p><strong>Visitenkarten-Website<\/strong><strong><br><\/strong> Geeignet f\u00fcr Neugr\u00fcndungen, private Dienstleistungen, kleine Unternehmen.<br>3-5 Seiten, Grundstruktur, Kontaktformulare.<\/p>\n\n\n\n<p>Website-Preis: 800-1 500 \u20ac<\/p>\n\n\n\n<p><strong>Corporate Website f\u00fcr lokales Unternehmen<\/strong><strong><br><\/strong>Optimale Option f\u00fcr Salons, Kliniken, Dienstleistungsunternehmen.<br>SEO-Struktur, Antragsformulare, Analytik, Vertrauensbl\u00f6cke.<\/p>\n\n\n\n<p>Preis f\u00fcr eine schl\u00fcsselfertige Website: 1 800-3 500 \u20ac<\/p>\n\n\n\n<p><strong>Website mit fortschrittlicher SEO-Architektur<\/strong><strong><br><\/strong>F\u00fcr ein Unternehmen, das wachsen, werben und skalieren will.<\/p>\n\n\n\n<p>Kosten f\u00fcr eine Website in Deutschland: 3.500-6.000 \u20ac<\/p>\n\n\n\n<p>Je komplexer die Aufgaben sind, desto h\u00f6her ist der Preis, aber desto h\u00f6her ist auch die Rendite.<\/p>\n\n\n\n<h3 class=\"wp-block-heading\">Design, CMS und technische Umsetzung<\/h3>\n\n\n\n<p>Im Jahr 2025 trifft ein Nutzer in 5-7 Sekunden eine Entscheidung. Ist die Website umst\u00e4ndlich, langsam oder sieht sie auf einem Telefon schlecht aus, verl\u00e4sst der Kunde sie. Der Preis ist betroffen:<\/p>\n\n\n\n<ul class=\"wp-block-list\">\n<li>Vorlage oder individuelles Design;<br><\/li>\n\n\n\n<li>Anpassung f\u00fcr mobile Ger\u00e4te;<br><\/li>\n\n\n\n<li>CMS (in der Regel WordPress);<br><\/li>\n\n\n\n<li>Download-Geschwindigkeit;<br><\/li>\n\n\n\n<li>Sicherheit und Einhaltung der GDPR.<br><\/li>\n<\/ul>\n\n\n\n<p>Preisunterschied: +400-1.200 \u20ac. Unterschied im Ergebnis: ein Vielfaches an Anwendungen.<\/p>\n\n\n\n<h3 class=\"wp-block-heading\">SEO-Vorbereitung - ein Schl\u00fcsselfaktor f\u00fcr Kosten und Effizienz<\/h3>\n\n\n\n<p>Einer der h\u00e4ufigsten Fehler, den kleine Unternehmen machen, ist die Bestellung einer Website ohne SEO-Vorbereitung. Die SEO-Vorbereitung umfasst:<\/p>\n\n\n\n<ul class=\"wp-block-list\">\n<li>Nischen- und Konkurrenzanalyse;<br><\/li>\n\n\n\n<li>Stichwortsammlung;<br><\/li>\n\n\n\n<li>logische Seitenstruktur;<br><\/li>\n\n\n\n<li>lokale SEO (Stadt, Bezirk);<br><\/li>\n\n\n\n<li>Optimierung von \u00dcberschriften und Texten;<br><\/li>\n\n\n\n<li>technisches SEO.<br><\/li>\n<\/ul>\n\n\n\n<p>Kosten der SEO-Vorbereitung: 400-1.000 \u20ac (einmalig). Ohne SEO Website:<br>\u274c erscheint nicht in der Suche<br>\u274c gibt keinen organischen Verkehr<br>\u274c Erzwingen konstanter Ausgaben f\u00fcr Werbung<\/p>\n\n\n\n<h3 class=\"wp-block-heading\">Wie viel kostet es, eine Website zu bewerben, und wo kann man Geld sparen?<\/h3>\n\n\n\n<p>Die Website selbst ist das Fundament. Als n\u00e4chstes steht das Unternehmen vor der Frage der Werbung.<\/p>\n\n\n\n<p><strong>SEO-F\u00f6rderung:<\/strong><br>300-800 \u20ac \/ Monat. Langfristige Wirkung, stabiler Verkehr<\/p>\n\n\n\n<p><strong>Werbeanzeigen (Google Ads):<\/strong><strong><br><\/strong>300-2.000 \u20ac \/ Monat. Schnelle Bewerbungen, abh\u00e4ngig vom Wettbewerb<\/p>\n\n\n\n<p><strong>Beste Strategie 2025:<\/strong><br>SEO als Basis + Werbung als Verst\u00e4rker. Wo man Geld sparen kann:<\/p>\n\n\n\n<ul class=\"wp-block-list\">\n<li>L\u00f6sungen von der Stange zu verwenden;<br><\/li>\n\n\n\n<li>nicht zu viel f\u00fcr unn\u00f6tige Funktionen zu bezahlen;<br><\/li>\n\n\n\n<li>Machen Sie SEO sofort, nicht erst \u00abirgendwann\u00bb.;<br><\/li>\n\n\n\n<li>mit demselben Studio zu arbeiten.<br><\/li>\n<\/ul>\n\n\n\n<p>Wo man kein Geld sparen kann:<\/p>\n\n\n\n<ul class=\"wp-block-list\">\n<li>Design und UX;<br><\/li>\n\n\n\n<li>Geschwindigkeit der Website;<br><\/li>\n\n\n\n<li>SEO-Struktur;<br><\/li>\n\n\n\n<li>Analytik.<\/li>\n<\/ul>\n\n\n\n<p>Die Erstellung einer Website f\u00fcr ein lokales Unternehmen im Jahr 2025 ist eine Investition, keine Ausgabe. Der Preis einer Website h\u00e4ngt nicht nur vom Design oder der Anzahl der Seiten ab, sondern vor allem davon, welche Aufgaben sie l\u00f6st: Kundengewinnung, Vertrauen, Gesch\u00e4ftswachstum und Stabilit\u00e4t. Billige Websites ohne SEO und Strategie zahlen sich selten aus und erfordern fast immer zus\u00e4tzliche Investitionen in Werbung. Eine kompetent gestaltete Website mit einer durchdachten Struktur, SEO-Vorbereitung und Analytik beginnt in den ersten Monaten f\u00fcr das Unternehmen zu arbeiten und reduziert im Laufe der Zeit die Kosten f\u00fcr die Kundengewinnung. Bei Kakadoo erstellen wir schl\u00fcsselfertige Websites f\u00fcr lokale Unternehmen, damit sie nicht nur existieren, sondern Ergebnisse bringen - Anwendungen, Rekorde und echtes Wachstum. Es ist dieser Ansatz, der eine Website zu einem profitablen Entwicklungsinstrument macht, nicht nur zu einer weiteren Ausgabe.<\/p>","protected":false},"excerpt":{"rendered":"<p>\u0412 2025 \u0433\u043e\u0434\u0443 \u0441\u0430\u0439\u0442 \u0434\u043b\u044f \u043b\u043e\u043a\u0430\u043b\u044c\u043d\u043e\u0433\u043e \u0431\u0438\u0437\u043d\u0435\u0441\u0430 \u2014 \u044d\u0442\u043e \u043d\u0435 \u043f\u0440\u043e\u0441\u0442\u043e \u0432\u0438\u0437\u0438\u0442\u043a\u0430, \u0430 \u043f\u043e\u043b\u043d\u043e\u0446\u0435\u043d\u043d\u044b\u0439 \u0438\u043d\u0441\u0442\u0440\u0443\u043c\u0435\u043d\u0442 \u043f\u0440\u043e\u0434\u0430\u0436, \u0434\u043e\u0432\u0435\u0440\u0438\u044f \u0438 \u0440\u043e\u0441\u0442\u0430. \u0414\u043b\u044f \u0441\u0430\u043b\u043e\u043d\u043e\u0432 \u043a\u0440\u0430\u0441\u043e\u0442\u044b, \u0441\u0442\u043e\u043c\u0430\u0442\u043e\u043b\u043e\u0433\u0438\u0439, \u0441\u0435\u0440\u0432\u0438\u0441\u043d\u044b\u0445 \u043a\u043e\u043c\u043f\u0430\u043d\u0438\u0439, \u0447\u0430\u0441\u0442\u043d\u044b\u0445 \u0441\u043f\u0435\u0446\u0438\u0430\u043b\u0438\u0441\u0442\u043e\u0432 \u0438 \u0441\u0442\u0430\u0440\u0442\u0430\u043f\u043e\u0432 \u0441\u0430\u0439\u0442 \u0447\u0430\u0441\u0442\u043e \u0441\u0442\u0430\u043d\u043e\u0432\u0438\u0442\u0441\u044f \u0433\u043b\u0430\u0432\u043d\u044b\u043c \u0438\u0441\u0442\u043e\u0447\u043d\u0438\u043a\u043e\u043c \u043a\u043b\u0438\u0435\u043d\u0442\u043e\u0432. \u0418\u043c\u0435\u043d\u043d\u043e \u043f\u043e\u044d\u0442\u043e\u043c\u0443 \u0432\u043e\u043f\u0440\u043e\u0441 \u00ab\u0441\u043a\u043e\u043b\u044c\u043a\u043e \u0441\u0442\u043e\u0438\u0442 \u0441\u0430\u0439\u0442?\u00bb \u0432\u043e\u043b\u043d\u0443\u0435\u0442 \u043f\u043e\u0447\u0442\u0438 \u043a\u0430\u0436\u0434\u043e\u0433\u043e \u043f\u0440\u0435\u0434\u043f\u0440\u0438\u043d\u0438\u043c\u0430\u0442\u0435\u043b\u044f. \u041d\u0430 \u0440\u044b\u043d\u043a\u0435 \u043c\u043e\u0436\u043d\u043e \u0432\u0441\u0442\u0440\u0435\u0442\u0438\u0442\u044c \u043f\u0440\u0435\u0434\u043b\u043e\u0436\u0435\u043d\u0438\u044f \u043e\u0442 300 \u20ac \u0434\u043e 10 [&hellip;]<\/p>\n","protected":false},"author":1,"featured_media":0,"parent":0,"menu_order":0,"comment_status":"closed","ping_status":"closed","template":"templates\/template-full-width.php","meta":{"footnotes":""},"class_list":["post-2970","page","type-page","status-publish","hentry"],"yoast_head":"<!-- This site is optimized with the Yoast SEO plugin v27.6 - https:\/\/yoast.com\/product\/yoast-seo-wordpress\/ -->\n<title>\u0421\u043a\u043e\u043b\u044c\u043a\u043e \u0441\u0442\u043e\u0438\u0442 \u0441\u0430\u0439\u0442 \u0434\u043b\u044f \u043b\u043e\u043a\u0430\u043b\u044c\u043d\u043e\u0433\u043e \u0431\u0438\u0437\u043d\u0435\u0441\u0430 \u0432 2025 \u0433\u043e\u0434\u0443? \u0426\u0435\u043d\u044b \u0432 \u0413\u0435\u0440\u043c\u0430\u043d\u0438\u0438 | Kakadoo<\/title>\n<meta name=\"description\" content=\"\u0421\u043a\u043e\u043b\u044c\u043a\u043e \u0441\u0442\u043e\u0438\u0442 \u0441\u0430\u0439\u0442 \u043f\u043e\u0434 \u043a\u043b\u044e\u0447 \u0434\u043b\u044f \u043b\u043e\u043a\u0430\u043b\u044c\u043d\u043e\u0433\u043e \u0431\u0438\u0437\u043d\u0435\u0441\u0430 \u0432 2025 \u0433\u043e\u0434\u0443? \u0410\u043a\u0442\u0443\u0430\u043b\u044c\u043d\u044b\u0435 \u0446\u0435\u043d\u044b \u0432 \u0413\u0435\u0440\u043c\u0430\u043d\u0438\u0438, \u043e\u0442 \u0447\u0435\u0433\u043e \u0437\u0430\u0432\u0438\u0441\u0438\u0442 \u0441\u0442\u043e\u0438\u043c\u043e\u0441\u0442\u044c \u0441\u0430\u0439\u0442\u0430 \u0438 \u043f\u0440\u043e\u0434\u0432\u0438\u0436\u0435\u043d\u0438\u044f, \u0433\u0434\u0435 \u043c\u043e\u0436\u043d\u043e \u0441\u044d\u043a\u043e\u043d\u043e\u043c\u0438\u0442\u044c. \u042d\u043a\u0441\u043f\u0435\u0440\u0442\u043d\u044b\u0439 \u0433\u0438\u0434 \u043e\u0442 Kakadoo.\" \/>\n<meta name=\"robots\" content=\"index, follow, max-snippet:-1, max-image-preview:large, max-video-preview:-1\" \/>\n<link rel=\"canonical\" href=\"https:\/\/kakadoo-stu.de\/de\/skolko-stoit-sajt-dlya-lokalnogo-biznesa-in-2025-godu-czeny-v-germanii-kakadoo\/\" \/>\n<meta name=\"twitter:card\" content=\"summary_large_image\" \/>\n<meta name=\"twitter:title\" content=\"\u0421\u043a\u043e\u043b\u044c\u043a\u043e \u0441\u0442\u043e\u0438\u0442 \u0441\u0430\u0439\u0442 \u0434\u043b\u044f \u043b\u043e\u043a\u0430\u043b\u044c\u043d\u043e\u0433\u043e \u0431\u0438\u0437\u043d\u0435\u0441\u0430 \u0432 2025 \u0433\u043e\u0434\u0443? \u0426\u0435\u043d\u044b \u0432 \u0413\u0435\u0440\u043c\u0430\u043d\u0438\u0438 | Kakadoo\" \/>\n<meta name=\"twitter:description\" content=\"\u0421\u043a\u043e\u043b\u044c\u043a\u043e \u0441\u0442\u043e\u0438\u0442 \u0441\u0430\u0439\u0442 \u043f\u043e\u0434 \u043a\u043b\u044e\u0447 \u0434\u043b\u044f \u043b\u043e\u043a\u0430\u043b\u044c\u043d\u043e\u0433\u043e \u0431\u0438\u0437\u043d\u0435\u0441\u0430 \u0432 2025 \u0433\u043e\u0434\u0443? \u0410\u043a\u0442\u0443\u0430\u043b\u044c\u043d\u044b\u0435 \u0446\u0435\u043d\u044b \u0432 \u0413\u0435\u0440\u043c\u0430\u043d\u0438\u0438, \u043e\u0442 \u0447\u0435\u0433\u043e \u0437\u0430\u0432\u0438\u0441\u0438\u0442 \u0441\u0442\u043e\u0438\u043c\u043e\u0441\u0442\u044c \u0441\u0430\u0439\u0442\u0430 \u0438 \u043f\u0440\u043e\u0434\u0432\u0438\u0436\u0435\u043d\u0438\u044f, \u0433\u0434\u0435 \u043c\u043e\u0436\u043d\u043e \u0441\u044d\u043a\u043e\u043d\u043e\u043c\u0438\u0442\u044c. \u042d\u043a\u0441\u043f\u0435\u0440\u0442\u043d\u044b\u0439 \u0433\u0438\u0434 \u043e\u0442 Kakadoo.\" \/>\n<script type=\"application\/ld+json\" class=\"yoast-schema-graph\">{\"@context\":\"https:\\\/\\\/schema.org\",\"@graph\":[{\"@type\":\"WebPage\",\"@id\":\"https:\\\/\\\/kakadoo-stu.de\\\/skolko-stoit-sajt-dlya-lokalnogo-biznesa-v-2025-godu-czeny-v-germanii-kakadoo\\\/\",\"url\":\"https:\\\/\\\/kakadoo-stu.de\\\/skolko-stoit-sajt-dlya-lokalnogo-biznesa-v-2025-godu-czeny-v-germanii-kakadoo\\\/\",\"name\":\"\u0421\u043a\u043e\u043b\u044c\u043a\u043e \u0441\u0442\u043e\u0438\u0442 \u0441\u0430\u0439\u0442 \u0434\u043b\u044f \u043b\u043e\u043a\u0430\u043b\u044c\u043d\u043e\u0433\u043e \u0431\u0438\u0437\u043d\u0435\u0441\u0430 \u0432 2025 \u0433\u043e\u0434\u0443? \u0426\u0435\u043d\u044b \u0432 \u0413\u0435\u0440\u043c\u0430\u043d\u0438\u0438 | Kakadoo\",\"isPartOf\":{\"@id\":\"https:\\\/\\\/kakadoo-stu.de\\\/#website\"},\"datePublished\":\"2026-01-14T16:14:48+00:00\",\"dateModified\":\"2026-01-14T16:14:50+00:00\",\"description\":\"\u0421\u043a\u043e\u043b\u044c\u043a\u043e \u0441\u0442\u043e\u0438\u0442 \u0441\u0430\u0439\u0442 \u043f\u043e\u0434 \u043a\u043b\u044e\u0447 \u0434\u043b\u044f \u043b\u043e\u043a\u0430\u043b\u044c\u043d\u043e\u0433\u043e \u0431\u0438\u0437\u043d\u0435\u0441\u0430 \u0432 2025 \u0433\u043e\u0434\u0443? \u0410\u043a\u0442\u0443\u0430\u043b\u044c\u043d\u044b\u0435 \u0446\u0435\u043d\u044b \u0432 \u0413\u0435\u0440\u043c\u0430\u043d\u0438\u0438, \u043e\u0442 \u0447\u0435\u0433\u043e \u0437\u0430\u0432\u0438\u0441\u0438\u0442 \u0441\u0442\u043e\u0438\u043c\u043e\u0441\u0442\u044c \u0441\u0430\u0439\u0442\u0430 \u0438 \u043f\u0440\u043e\u0434\u0432\u0438\u0436\u0435\u043d\u0438\u044f, \u0433\u0434\u0435 \u043c\u043e\u0436\u043d\u043e \u0441\u044d\u043a\u043e\u043d\u043e\u043c\u0438\u0442\u044c. \u042d\u043a\u0441\u043f\u0435\u0440\u0442\u043d\u044b\u0439 \u0433\u0438\u0434 \u043e\u0442 Kakadoo.\",\"breadcrumb\":{\"@id\":\"https:\\\/\\\/kakadoo-stu.de\\\/skolko-stoit-sajt-dlya-lokalnogo-biznesa-v-2025-godu-czeny-v-germanii-kakadoo\\\/#breadcrumb\"},\"inLanguage\":\"de\",\"potentialAction\":[{\"@type\":\"ReadAction\",\"target\":[\"https:\\\/\\\/kakadoo-stu.de\\\/skolko-stoit-sajt-dlya-lokalnogo-biznesa-v-2025-godu-czeny-v-germanii-kakadoo\\\/\"]}]},{\"@type\":\"BreadcrumbList\",\"@id\":\"https:\\\/\\\/kakadoo-stu.de\\\/skolko-stoit-sajt-dlya-lokalnogo-biznesa-v-2025-godu-czeny-v-germanii-kakadoo\\\/#breadcrumb\",\"itemListElement\":[{\"@type\":\"ListItem\",\"position\":1,\"name\":\"\u0413\u043b\u0430\u0432\u043d\u0430\u044f \u0441\u0442\u0440\u0430\u043d\u0438\u0446\u0430\",\"item\":\"https:\\\/\\\/kakadoo-stu.de\\\/\"},{\"@type\":\"ListItem\",\"position\":2,\"name\":\"\u0421\u043a\u043e\u043b\u044c\u043a\u043e \u0441\u0442\u043e\u0438\u0442 \u0441\u0430\u0439\u0442 \u0434\u043b\u044f \u043b\u043e\u043a\u0430\u043b\u044c\u043d\u043e\u0433\u043e \u0431\u0438\u0437\u043d\u0435\u0441\u0430 \u0432 2025 \u0433\u043e\u0434\u0443\"}]},{\"@type\":\"WebSite\",\"@id\":\"https:\\\/\\\/kakadoo-stu.de\\\/#website\",\"url\":\"https:\\\/\\\/kakadoo-stu.de\\\/\",\"name\":\"kakadoo\",\"description\":\"\",\"publisher\":{\"@id\":\"https:\\\/\\\/kakadoo-stu.de\\\/#organization\"},\"potentialAction\":[{\"@type\":\"SearchAction\",\"target\":{\"@type\":\"EntryPoint\",\"urlTemplate\":\"https:\\\/\\\/kakadoo-stu.de\\\/?s={search_term_string}\"},\"query-input\":{\"@type\":\"PropertyValueSpecification\",\"valueRequired\":true,\"valueName\":\"search_term_string\"}}],\"inLanguage\":\"de\"},{\"@type\":\"Organization\",\"@id\":\"https:\\\/\\\/kakadoo-stu.de\\\/#organization\",\"name\":\"kakadoo\",\"url\":\"https:\\\/\\\/kakadoo-stu.de\\\/\",\"logo\":{\"@type\":\"ImageObject\",\"inLanguage\":\"de\",\"@id\":\"https:\\\/\\\/kakadoo-stu.de\\\/#\\\/schema\\\/logo\\\/image\\\/\",\"url\":\"https:\\\/\\\/kakadoo-stu.de\\\/wp-content\\\/uploads\\\/2024\\\/10\\\/kakadoo-logo.png\",\"contentUrl\":\"https:\\\/\\\/kakadoo-stu.de\\\/wp-content\\\/uploads\\\/2024\\\/10\\\/kakadoo-logo.png\",\"width\":445,\"height\":115,\"caption\":\"kakadoo\"},\"image\":{\"@id\":\"https:\\\/\\\/kakadoo-stu.de\\\/#\\\/schema\\\/logo\\\/image\\\/\"},\"sameAs\":[\"https:\\\/\\\/www.facebook.com\\\/kakadoostudio\"]}]}<\/script>\n<!-- \/ Yoast SEO plugin. -->","yoast_head_json":{"title":"Wie viel kostet eine Website f\u00fcr ein lokales Unternehmen im Jahr 2025? Preise in Deutschland | Kakadoo","description":"Wie viel kostet eine schl\u00fcsselfertige Website f\u00fcr ein lokales Unternehmen im Jahr 2025? Aktuelle Preise in Deutschland, wovon die Kosten f\u00fcr eine Website und Werbung abh\u00e4ngen, wo Sie Geld sparen k\u00f6nnen. Expertenrat von Kakadoo.","robots":{"index":"index","follow":"follow","max-snippet":"max-snippet:-1","max-image-preview":"max-image-preview:large","max-video-preview":"max-video-preview:-1"},"canonical":"https:\/\/kakadoo-stu.de\/de\/skolko-stoit-sajt-dlya-lokalnogo-biznesa-in-2025-godu-czeny-v-germanii-kakadoo\/","twitter_card":"summary_large_image","twitter_title":"\u0421\u043a\u043e\u043b\u044c\u043a\u043e \u0441\u0442\u043e\u0438\u0442 \u0441\u0430\u0439\u0442 \u0434\u043b\u044f \u043b\u043e\u043a\u0430\u043b\u044c\u043d\u043e\u0433\u043e \u0431\u0438\u0437\u043d\u0435\u0441\u0430 \u0432 2025 \u0433\u043e\u0434\u0443? \u0426\u0435\u043d\u044b \u0432 \u0413\u0435\u0440\u043c\u0430\u043d\u0438\u0438 | Kakadoo","twitter_description":"\u0421\u043a\u043e\u043b\u044c\u043a\u043e \u0441\u0442\u043e\u0438\u0442 \u0441\u0430\u0439\u0442 \u043f\u043e\u0434 \u043a\u043b\u044e\u0447 \u0434\u043b\u044f \u043b\u043e\u043a\u0430\u043b\u044c\u043d\u043e\u0433\u043e \u0431\u0438\u0437\u043d\u0435\u0441\u0430 \u0432 2025 \u0433\u043e\u0434\u0443? \u0410\u043a\u0442\u0443\u0430\u043b\u044c\u043d\u044b\u0435 \u0446\u0435\u043d\u044b \u0432 \u0413\u0435\u0440\u043c\u0430\u043d\u0438\u0438, \u043e\u0442 \u0447\u0435\u0433\u043e \u0437\u0430\u0432\u0438\u0441\u0438\u0442 \u0441\u0442\u043e\u0438\u043c\u043e\u0441\u0442\u044c \u0441\u0430\u0439\u0442\u0430 \u0438 \u043f\u0440\u043e\u0434\u0432\u0438\u0436\u0435\u043d\u0438\u044f, \u0433\u0434\u0435 \u043c\u043e\u0436\u043d\u043e \u0441\u044d\u043a\u043e\u043d\u043e\u043c\u0438\u0442\u044c. \u042d\u043a\u0441\u043f\u0435\u0440\u0442\u043d\u044b\u0439 \u0433\u0438\u0434 \u043e\u0442 Kakadoo.","schema":{"@context":"https:\/\/schema.org","@graph":[{"@type":"WebPage","@id":"https:\/\/kakadoo-stu.de\/skolko-stoit-sajt-dlya-lokalnogo-biznesa-v-2025-godu-czeny-v-germanii-kakadoo\/","url":"https:\/\/kakadoo-stu.de\/skolko-stoit-sajt-dlya-lokalnogo-biznesa-v-2025-godu-czeny-v-germanii-kakadoo\/","name":"Wie viel kostet eine Website f\u00fcr ein lokales Unternehmen im Jahr 2025? Preise in Deutschland | Kakadoo","isPartOf":{"@id":"https:\/\/kakadoo-stu.de\/#website"},"datePublished":"2026-01-14T16:14:48+00:00","dateModified":"2026-01-14T16:14:50+00:00","description":"Wie viel kostet eine schl\u00fcsselfertige Website f\u00fcr ein lokales Unternehmen im Jahr 2025? Aktuelle Preise in Deutschland, wovon die Kosten f\u00fcr eine Website und Werbung abh\u00e4ngen, wo Sie Geld sparen k\u00f6nnen. Expertenrat von Kakadoo.","breadcrumb":{"@id":"https:\/\/kakadoo-stu.de\/skolko-stoit-sajt-dlya-lokalnogo-biznesa-v-2025-godu-czeny-v-germanii-kakadoo\/#breadcrumb"},"inLanguage":"de","potentialAction":[{"@type":"ReadAction","target":["https:\/\/kakadoo-stu.de\/skolko-stoit-sajt-dlya-lokalnogo-biznesa-v-2025-godu-czeny-v-germanii-kakadoo\/"]}]},{"@type":"BreadcrumbList","@id":"https:\/\/kakadoo-stu.de\/skolko-stoit-sajt-dlya-lokalnogo-biznesa-v-2025-godu-czeny-v-germanii-kakadoo\/#breadcrumb","itemListElement":[{"@type":"ListItem","position":1,"name":"\u0413\u043b\u0430\u0432\u043d\u0430\u044f \u0441\u0442\u0440\u0430\u043d\u0438\u0446\u0430","item":"https:\/\/kakadoo-stu.de\/"},{"@type":"ListItem","position":2,"name":"\u0421\u043a\u043e\u043b\u044c\u043a\u043e \u0441\u0442\u043e\u0438\u0442 \u0441\u0430\u0439\u0442 \u0434\u043b\u044f \u043b\u043e\u043a\u0430\u043b\u044c\u043d\u043e\u0433\u043e \u0431\u0438\u0437\u043d\u0435\u0441\u0430 \u0432 2025 \u0433\u043e\u0434\u0443"}]},{"@type":"WebSite","@id":"https:\/\/kakadoo-stu.de\/#website","url":"https:\/\/kakadoo-stu.de\/","name":"kakadoo","description":"","publisher":{"@id":"https:\/\/kakadoo-stu.de\/#organization"},"potentialAction":[{"@type":"SearchAction","target":{"@type":"EntryPoint","urlTemplate":"https:\/\/kakadoo-stu.de\/?s={search_term_string}"},"query-input":{"@type":"PropertyValueSpecification","valueRequired":true,"valueName":"search_term_string"}}],"inLanguage":"de"},{"@type":"Organization","@id":"https:\/\/kakadoo-stu.de\/#organization","name":"kakadoo","url":"https:\/\/kakadoo-stu.de\/","logo":{"@type":"ImageObject","inLanguage":"de","@id":"https:\/\/kakadoo-stu.de\/#\/schema\/logo\/image\/","url":"https:\/\/kakadoo-stu.de\/wp-content\/uploads\/2024\/10\/kakadoo-logo.png","contentUrl":"https:\/\/kakadoo-stu.de\/wp-content\/uploads\/2024\/10\/kakadoo-logo.png","width":445,"height":115,"caption":"kakadoo"},"image":{"@id":"https:\/\/kakadoo-stu.de\/#\/schema\/logo\/image\/"},"sameAs":["https:\/\/www.facebook.com\/kakadoostudio"]}]}},"jetpack-related-posts":[],"jetpack_sharing_enabled":true,"jetpack_likes_enabled":true,"_links":{"self":[{"href":"https:\/\/kakadoo-stu.de\/de\/wp-json\/wp\/v2\/pages\/2970","targetHints":{"allow":["GET"]}}],"collection":[{"href":"https:\/\/kakadoo-stu.de\/de\/wp-json\/wp\/v2\/pages"}],"about":[{"href":"https:\/\/kakadoo-stu.de\/de\/wp-json\/wp\/v2\/types\/page"}],"author":[{"embeddable":true,"href":"https:\/\/kakadoo-stu.de\/de\/wp-json\/wp\/v2\/users\/1"}],"replies":[{"embeddable":true,"href":"https:\/\/kakadoo-stu.de\/de\/wp-json\/wp\/v2\/comments?post=2970"}],"version-history":[{"count":1,"href":"https:\/\/kakadoo-stu.de\/de\/wp-json\/wp\/v2\/pages\/2970\/revisions"}],"predecessor-version":[{"id":2972,"href":"https:\/\/kakadoo-stu.de\/de\/wp-json\/wp\/v2\/pages\/2970\/revisions\/2972"}],"wp:attachment":[{"href":"https:\/\/kakadoo-stu.de\/de\/wp-json\/wp\/v2\/media?parent=2970"}],"curies":[{"name":"wp","href":"https:\/\/api.w.org\/{rel}","templated":true}]}}