{"id":2965,"date":"2026-01-11T20:35:48","date_gmt":"2026-01-11T17:35:48","guid":{"rendered":"https:\/\/kakadoo-stu.de\/?page_id=2965"},"modified":"2026-01-11T20:37:52","modified_gmt":"2026-01-11T17:37:52","slug":"nuzhno-li-malomu-biznesu-vkladyvatsya-v-reklamu","status":"publish","type":"page","link":"https:\/\/kakadoo-stu.de\/de\/nuzhno-li-malomu-biznesu-vkladyvatsya-v-reklamu\/","title":{"rendered":"Sollten kleine Unternehmen in Werbung investieren? Eine Aufschl\u00fcsselung mit Zahlen"},"content":{"rendered":"<p>Kleine Unternehmen stehen fast immer vor der gleichen Frage: Sollen sie Geld f\u00fcr Werbung ausgeben oder k\u00f6nnen sie darauf verzichten?<br>Sch\u00f6nheitssalons, Zahn\u00e4rzte, B\u00e4ckereien, Caf\u00e9s, Dienstleistungsunternehmen und lokale Studios stehen jeden Tag vor der Wahl: Budget in Werbung investieren oder auf SEO, Empfehlungen und organischen Traffic setzen.<\/p>\n\n\n\n<p>Werbung kann zwar schnelle Ergebnisse bringen, frisst aber oft das Budget auf, ohne langfristige Wirkung zu zeigen.<br>SEO ist langsamer, bringt aber best\u00e4ndig Kunden und ist auf lange Sicht billiger.<br>Was soll man also w\u00e4hlen? Und vor allem: Wann ist Werbung wirklich notwendig, und wann ist sie reine Geldverschwendung?<\/p>\n\n\n\n<p>In diesem Artikel geht Kakadoo das Thema Werbung f\u00fcr kleine Unternehmen so ehrlich wie m\u00f6glich an: mit Zahlen, Beispielen, einem Vergleich von SEO und Werbung, realen Szenarien und praktischen Ratschl\u00e4gen.<\/p>\n\n\n\n<h2 class=\"wp-block-heading\">Werbung oder SEO - was ist f\u00fcr kleine Unternehmen in der Realit\u00e4t vorteilhafter?<\/h2>\n\n\n\n<p>Um diese Frage zu beantworten, m\u00fcssen Sie eine wichtige Sache verstehen:<br>Werbung und SEO l\u00f6sen unterschiedliche Probleme und funktionieren in unterschiedlichen Phasen der Unternehmensentwicklung.<\/p>\n\n\n\n<p>SEO ist das Fundament!<\/p>\n\n\n\n<p>SEO ist die Optimierung einer Website f\u00fcr Suchanfragen:<br>Kleingewerbe + Stadt, Dienstleistung in der N\u00e4he, lokales Unternehmen, Bereich Sch\u00f6nheitssalon usw.<\/p>\n\n\n\n<p>SEO Gives:<\/p>\n\n\n\n<ul class=\"wp-block-list\">\n<li>stetiger Verkehr;<br><\/li>\n\n\n\n<li>langfristige Wirkung;<br><\/li>\n\n\n\n<li>Vertrauen von Google und Nutzern.<br><\/li>\n<\/ul>\n\n\n\n<p>Werbung ist ein Beschleuniger.<\/p>\n\n\n\n<p>Anzeigen (Google Ads, Meta, lokale Anzeigen) gibt:<\/p>\n\n\n\n<ul class=\"wp-block-list\">\n<li>schnelle Anwendungen;<br><\/li>\n\n\n\n<li>Skalierbarkeit;<br><\/li>\n\n\n\n<li>Kontrolle des Verkehrsaufkommens;<br><\/li>\n\n\n\n<li>Flexibilit\u00e4t f\u00fcr Werbeaktionen und Saisonabh\u00e4ngigkeit.<br><\/li>\n<\/ul>\n\n\n\n<p>Es ist ein kleiner unternehmerischer Fehler, eine Anzeige ohne eine SEO-Basis zu schalten: keine Website, keine Analysen, keine klaren Anbieter.<\/p>\n\n\n\n<h3 class=\"wp-block-heading\">Wenn ein kleines Unternehmen genug SEO hat und Werbung nicht notwendig ist<\/h3>\n\n\n\n<p>Es gibt Situationen, in denen SEO den Bedarf an Kunden v\u00f6llig ausschlie\u00dft und Werbung entweder \u00fcberfl\u00fcssig ist oder nur minimal eingesetzt wird.<\/p>\n\n\n\n<p>SEO ist genug, wenn:<\/p>\n\n\n\n<ul class=\"wp-block-list\">\n<li>das Unternehmen ist lokal t\u00e4tig (Bezirk, Stadt);<br><\/li>\n\n\n\n<li>die Nische wird nicht \u00fcberm\u00e4\u00dfig beworben;<br><\/li>\n\n\n\n<li>hat eine hochwertige Website;<br><\/li>\n\n\n\n<li>richtig konfigurierte lokale SEO;<br><\/li>\n\n\n\n<li>Es gibt ein Google Business Profil;<br><\/li>\n\n\n\n<li>Kunden suchen in der Suche nach einer Dienstleistung.<br><\/li>\n<\/ul>\n\n\n\n<p>Numerisches Beispiel:<\/p>\n\n\n\n<p>Sch\u00f6nheitssalon in einer Stadt mit bis zu 100 Tausend Einwohnern.<\/p>\n\n\n\n<ul class=\"wp-block-list\">\n<li>SEO-Budget: 300-600 \u20ac pro Monat<br><\/li>\n\n\n\n<li>Durchschnittliche CTR von Google: 15-25%<br><\/li>\n\n\n\n<li>Kosten pro Kontakt: 2-5 \u20ac<br><\/li>\n\n\n\n<li>Die Leads sind 24\/7 stabil<br><\/li>\n<\/ul>\n\n\n\n<p>Nach 3 bis 5 Monaten beginnt die Website von selbst Kunden zu gewinnen, ohne dass st\u00e4ndig in Werbung investiert werden muss.<\/p>\n\n\n\n<p>Schlussfolgerung:<\/p>\n\n\n\n<p>Wenn:<\/p>\n\n\n\n<ul class=\"wp-block-list\">\n<li>Sie wollen das Budget nicht \u00abverbrennen\u00bb.;<br><\/li>\n\n\n\n<li>das Gesch\u00e4ft ist stabil;<br><\/li>\n\n\n\n<li>dass es kein Ziel gibt, den Umfang dramatisch zu erh\u00f6hen -<br><\/li>\n<\/ul>\n\n\n\n<p>SEO f\u00fcr kleine Unternehmen ist profitabler als Werbung.<\/p>\n\n\n\n<h3 class=\"wp-block-heading\">Wenn Sie auf Werbung nicht verzichten k\u00f6nnen: Szenarien aus der Praxis<\/h3>\n\n\n\n<p>Jetzt mal ehrlich: Es gibt Situationen, in denen Werbung f\u00fcr kleine Unternehmen wirklich notwendig ist.<\/p>\n\n\n\n<p>Werbung ist erforderlich, wenn:<\/p>\n\n\n\n<ul class=\"wp-block-list\">\n<li>Das Unternehmen ist neu und die Website ist noch nicht ganz oben auf der Liste;<br><\/li>\n\n\n\n<li>starker Wettbewerb;<br><\/li>\n\n\n\n<li>Sie m\u00fcssen schnell einen Datensatz ausf\u00fcllen;<br><\/li>\n\n\n\n<li>Es gibt saisonale Sonderangebote;<br><\/li>\n\n\n\n<li>wird ein neuer Dienst eingef\u00fchrt;<br><\/li>\n\n\n\n<li>m\u00fcssen wir die Nachfrage testen.<br><\/li>\n<\/ul>\n\n\n\n<p>Numerisches Beispiel:<\/p>\n\n\n\n<p>Die Zahnmedizin f\u00fchrt eine neue Dienstleistung ein - die Implantation.<\/p>\n\n\n\n<ul class=\"wp-block-list\">\n<li>Google-Anzeigen: 800 \u20ac<br><\/li>\n\n\n\n<li>Klickpreis: 2-6 \u20ac<br><\/li>\n\n\n\n<li>Website-Umstellung: 5-8%<br><\/li>\n\n\n\n<li>Preis des Deckels: 25-60 \u20ac<br><\/li>\n\n\n\n<li>Durchschnittlicher Scheck: 1 500-3 000 \u20ac<br><\/li>\n<\/ul>\n\n\n\n<p>Selbst bei einem teuren Lead zahlt sich Werbung aus, wenn die Website und das Angebot richtig gemacht sind.<\/p>\n\n\n\n<p>Das ist wichtig:<\/p>\n\n\n\n<p>Werbung funktioniert nicht von allein.<br>Ohne:<\/p>\n\n\n\n<ul class=\"wp-block-list\">\n<li>einer guten Website;<br><\/li>\n\n\n\n<li>verst\u00e4ndliche Preise;<br><\/li>\n\n\n\n<li>Bewertungen;<br><\/li>\n\n\n\n<li>schnelle Aufnahme -<br><\/li>\n<\/ul>\n\n\n\n<p>wird es zu einer Belastung f\u00fcr den Haushalt.<\/p>\n\n\n\n<h3 class=\"wp-block-heading\">Wie viel Werbung f\u00fcr kleine Unternehmen kostet und wie man kein Geld verliert<\/h3>\n\n\n\n<p>Eine der am h\u00e4ufigsten gestellten Fragen lautet: \u00abWie viel kostet die Werbung f\u00fcr ein kleines Unternehmen?.<br>Die Antwort h\u00e4ngt immer von der Nische, der Region und der Strategie ab.<\/p>\n\n\n\n<p>Mittlere Budgets:<\/p>\n\n\n\n<ul class=\"wp-block-list\">\n<li>Lokaler Dienst: 300-800 \u20ac \/ Monat<br><\/li>\n\n\n\n<li>Sch\u00f6nheitssalon: 400-1 000 \u20ac<br><\/li>\n\n\n\n<li>Zahnmedizin: 800-2.000 \u20ac<br><\/li>\n\n\n\n<li>B\u00e4ckerei\/Caf\u00e9: 200-600 \u20ac<br><\/li>\n<\/ul>\n\n\n\n<p>Aber das Problem ist nicht die Menge, sondern die Vorbereitung.<\/p>\n\n\n\n<p>Typische Fehler von Kleinunternehmen:<\/p>\n\n\n\n<ul class=\"wp-block-list\">\n<li>Schalten von Anzeigen ohne Website;<br><\/li>\n\n\n\n<li>Werbung ohne Analytik;<br><\/li>\n\n\n\n<li>das Fehlen eines Anbieters;<br><\/li>\n\n\n\n<li>Werbung ohne ein SEO-Fundament.<br><\/li>\n<\/ul>\n\n\n\n<p>Wie Kakadoo empfiehlt, das Richtige zu tun:<\/p>\n\n\n\n<ol class=\"wp-block-list\">\n<li>Website + SEO-Struktur zuerst<br><\/li>\n\n\n\n<li>Dann gibt es noch die Werbung als Verst\u00e4rker<br><\/li>\n\n\n\n<li>Obligatorische Analytik<br><\/li>\n\n\n\n<li>Testen, nicht \u00abGlauben an das Gl\u00fcck\u00bb.\u00bb<br><\/li>\n\n\n\n<li>Kombination von SEO + Werbung<br><\/li>\n<\/ol>\n\n\n\n<p>\ud83d\udcc8 Die profitabelste Strategie:<\/p>\n\n\n\n<ul class=\"wp-block-list\">\n<li>SEO = st\u00e4ndiger Strom von Kunden<br><\/li>\n\n\n\n<li>Werbung = schnelle Anwendungen und Wachstum<br><\/li>\n<\/ul>\n\n\n\n<p>Gemeinsam erzielen sie maximale Ergebnisse.<\/p>\n\n\n\n<p>F\u00fcr kleine Unternehmen ist Werbung keine obligatorische Ausgabe, sondern ein Instrument, das bewusst und zum richtigen Zeitpunkt eingesetzt werden sollte. In den meisten lokalen Nischen f\u00fchrt SEO zu einem stabileren und rentableren Ergebnis: Die Website beginnt, regelm\u00e4\u00dfig Kunden aus der Suche zu bringen, die Kosten f\u00fcr eine Bewerbung sinken und das Unternehmen ist nicht mehr von Werbebudgets abh\u00e4ngig. Die Werbung wird jedoch unentbehrlich, wenn ein schnelles Wachstum erforderlich ist, wenn ein neuer Dienst eingef\u00fchrt wird, wenn ein neuer Marktzugang geschaffen oder die Nachfrage getestet werden soll. Es ist wichtig, sich dar\u00fcber im Klaren zu sein, dass Werbung ohne eine Website, Analysen und SEO-Ma\u00dfnahmen fast immer zu einer Verschwendung von Geld f\u00fchrt. Die effektivste Strategie f\u00fcr kleine Unternehmen ist eine Kombination aus SEO als Grundlage und Werbung als Verst\u00e4rker. Mit diesem Ansatz k\u00f6nnen Sie die Kosten kontrollieren, Ergebnisse vorhersagen und einen stetigen Strom von Kunden aufbauen, nicht nur einmalige Anfragen!<\/p>","protected":false},"excerpt":{"rendered":"<p>\u041c\u0430\u043b\u044b\u0439 \u0431\u0438\u0437\u043d\u0435\u0441 \u043f\u043e\u0447\u0442\u0438 \u0432\u0441\u0435\u0433\u0434\u0430 \u0441\u0442\u043e\u0438\u0442 \u043f\u0435\u0440\u0435\u0434 \u043e\u0434\u043d\u0438\u043c \u0438 \u0442\u0435\u043c \u0436\u0435 \u0432\u043e\u043f\u0440\u043e\u0441\u043e\u043c: \u0441\u0442\u043e\u0438\u0442 \u043b\u0438 \u0442\u0440\u0430\u0442\u0438\u0442\u044c \u0434\u0435\u043d\u044c\u0433\u0438 \u043d\u0430 \u0440\u0435\u043a\u043b\u0430\u043c\u0443 \u0438\u043b\u0438 \u043c\u043e\u0436\u043d\u043e \u043e\u0431\u043e\u0439\u0442\u0438\u0441\u044c \u0431\u0435\u0437 \u043d\u0435\u0451?\u0421\u0430\u043b\u043e\u043d\u044b \u043a\u0440\u0430\u0441\u043e\u0442\u044b, \u0441\u0442\u043e\u043c\u0430\u0442\u043e\u043b\u043e\u0433\u0438\u0438, \u043f\u0435\u043a\u0430\u0440\u043d\u0438, \u043a\u043e\u0444\u0435\u0439\u043d\u0438, \u0441\u0435\u0440\u0432\u0438\u0441\u043d\u044b\u0435 \u043a\u043e\u043c\u043f\u0430\u043d\u0438\u0438 \u0438 \u043b\u043e\u043a\u0430\u043b\u044c\u043d\u044b\u0435 \u0441\u0442\u0443\u0434\u0438\u0438 \u0435\u0436\u0435\u0434\u043d\u0435\u0432\u043d\u043e \u0441\u0442\u0430\u043b\u043a\u0438\u0432\u0430\u044e\u0442\u0441\u044f \u0441 \u0432\u044b\u0431\u043e\u0440\u043e\u043c \u2014 \u0432\u043b\u043e\u0436\u0438\u0442\u044c \u0431\u044e\u0434\u0436\u0435\u0442 \u0432 \u0440\u0435\u043a\u043b\u0430\u043c\u0443 \u0438\u043b\u0438 \u0441\u0434\u0435\u043b\u0430\u0442\u044c \u0441\u0442\u0430\u0432\u043a\u0443 \u043d\u0430 SEO, \u0440\u0435\u043a\u043e\u043c\u0435\u043d\u0434\u0430\u0446\u0438\u0438 \u0438 \u043e\u0440\u0433\u0430\u043d\u0438\u0447\u0435\u0441\u043a\u0438\u0439 \u0442\u0440\u0430\u0444\u0438\u043a. \u0420\u0435\u043a\u043b\u0430\u043c\u0430 \u043c\u043e\u0436\u0435\u0442 \u0434\u0430\u0442\u044c \u0431\u044b\u0441\u0442\u0440\u044b\u0439 \u0440\u0435\u0437\u0443\u043b\u044c\u0442\u0430\u0442, \u043d\u043e [&hellip;]<\/p>\n","protected":false},"author":1,"featured_media":2951,"parent":0,"menu_order":0,"comment_status":"closed","ping_status":"closed","template":"templates\/template-full-width.php","meta":{"footnotes":""},"class_list":["post-2965","page","type-page","status-publish","has-post-thumbnail","hentry"],"yoast_head":"<!-- This site is optimized with the Yoast SEO plugin v27.6 - https:\/\/yoast.com\/product\/yoast-seo-wordpress\/ -->\n<title>\u041d\u0443\u0436\u043d\u0430 \u043b\u0438 \u0440\u0435\u043a\u043b\u0430\u043c\u0430 \u043c\u0430\u043b\u043e\u043c\u0443 \u0431\u0438\u0437\u043d\u0435\u0441\u0443? SEO \u0438\u043b\u0438 \u0440\u0435\u043a\u043b\u0430\u043c\u0430 \u2014 \u0440\u0430\u0437\u0431\u043e\u0440 \u0441 \u0446\u0438\u0444\u0440\u0430\u043c\u0438 | Kakadoo<\/title>\n<meta name=\"description\" content=\"\u0421\u0442\u043e\u0438\u0442 \u043b\u0438 \u043c\u0430\u043b\u043e\u043c\u0443 \u0431\u0438\u0437\u043d\u0435\u0441\u0443 \u0432\u043a\u043b\u0430\u0434\u044b\u0432\u0430\u0442\u044c\u0441\u044f \u0432 \u0440\u0435\u043a\u043b\u0430\u043c\u0443? \u0420\u0430\u0437\u0431\u0438\u0440\u0430\u0435\u043c SEO \u0438 \u0440\u0435\u043a\u043b\u0430\u043c\u0443 \u0441 \u0446\u0438\u0444\u0440\u0430\u043c\u0438 \u0438 \u043f\u0440\u0438\u043c\u0435\u0440\u0430\u043c\u0438: \u0441\u043a\u043e\u043b\u044c\u043a\u043e \u0441\u0442\u043e\u0438\u0442 \u0440\u0435\u043a\u043b\u0430\u043c\u0430, \u043a\u043e\u0433\u0434\u0430 \u0445\u0432\u0430\u0442\u0430\u0435\u0442 SEO, \u0430 \u043a\u043e\u0433\u0434\u0430 \u0431\u0435\u0437 \u0440\u0435\u043a\u043b\u0430\u043c\u044b \u043d\u0435 \u043e\u0431\u043e\u0439\u0442\u0438\u0441\u044c. \u041f\u0440\u0430\u043a\u0442\u0438\u0447\u0435\u0441\u043a\u0438\u0439 \u0433\u0438\u0434 \u043e\u0442 Kakadoo.\" \/>\n<meta name=\"robots\" content=\"index, follow, max-snippet:-1, max-image-preview:large, max-video-preview:-1\" \/>\n<link rel=\"canonical\" href=\"https:\/\/kakadoo-stu.de\/de\/nuzhno-li-malomu-biznesu-vkladyvatsya-v-reklamu\/\" \/>\n<meta name=\"twitter:card\" content=\"summary_large_image\" \/>\n<meta name=\"twitter:title\" content=\"\u041d\u0443\u0436\u043d\u0430 \u043b\u0438 \u0440\u0435\u043a\u043b\u0430\u043c\u0430 \u043c\u0430\u043b\u043e\u043c\u0443 \u0431\u0438\u0437\u043d\u0435\u0441\u0443? SEO \u0438\u043b\u0438 \u0440\u0435\u043a\u043b\u0430\u043c\u0430 \u2014 \u0440\u0430\u0437\u0431\u043e\u0440 \u0441 \u0446\u0438\u0444\u0440\u0430\u043c\u0438 | Kakadoo\" \/>\n<meta name=\"twitter:description\" content=\"\u0421\u0442\u043e\u0438\u0442 \u043b\u0438 \u043c\u0430\u043b\u043e\u043c\u0443 \u0431\u0438\u0437\u043d\u0435\u0441\u0443 \u0432\u043a\u043b\u0430\u0434\u044b\u0432\u0430\u0442\u044c\u0441\u044f \u0432 \u0440\u0435\u043a\u043b\u0430\u043c\u0443? \u0420\u0430\u0437\u0431\u0438\u0440\u0430\u0435\u043c SEO \u0438 \u0440\u0435\u043a\u043b\u0430\u043c\u0443 \u0441 \u0446\u0438\u0444\u0440\u0430\u043c\u0438 \u0438 \u043f\u0440\u0438\u043c\u0435\u0440\u0430\u043c\u0438: \u0441\u043a\u043e\u043b\u044c\u043a\u043e \u0441\u0442\u043e\u0438\u0442 \u0440\u0435\u043a\u043b\u0430\u043c\u0430, \u043a\u043e\u0433\u0434\u0430 \u0445\u0432\u0430\u0442\u0430\u0435\u0442 SEO, \u0430 \u043a\u043e\u0433\u0434\u0430 \u0431\u0435\u0437 \u0440\u0435\u043a\u043b\u0430\u043c\u044b \u043d\u0435 \u043e\u0431\u043e\u0439\u0442\u0438\u0441\u044c. \u041f\u0440\u0430\u043a\u0442\u0438\u0447\u0435\u0441\u043a\u0438\u0439 \u0433\u0438\u0434 \u043e\u0442 Kakadoo.\" \/>\n<meta name=\"twitter:image\" content=\"https:\/\/kakadoo-stu.de\/wp-content\/uploads\/2025\/12\/3.png\" \/>\n<script type=\"application\/ld+json\" class=\"yoast-schema-graph\">{\"@context\":\"https:\\\/\\\/schema.org\",\"@graph\":[{\"@type\":\"WebPage\",\"@id\":\"https:\\\/\\\/kakadoo-stu.de\\\/nuzhno-li-malomu-biznesu-vkladyvatsya-v-reklamu\\\/\",\"url\":\"https:\\\/\\\/kakadoo-stu.de\\\/nuzhno-li-malomu-biznesu-vkladyvatsya-v-reklamu\\\/\",\"name\":\"\u041d\u0443\u0436\u043d\u0430 \u043b\u0438 \u0440\u0435\u043a\u043b\u0430\u043c\u0430 \u043c\u0430\u043b\u043e\u043c\u0443 \u0431\u0438\u0437\u043d\u0435\u0441\u0443? SEO \u0438\u043b\u0438 \u0440\u0435\u043a\u043b\u0430\u043c\u0430 \u2014 \u0440\u0430\u0437\u0431\u043e\u0440 \u0441 \u0446\u0438\u0444\u0440\u0430\u043c\u0438 | Kakadoo\",\"isPartOf\":{\"@id\":\"https:\\\/\\\/kakadoo-stu.de\\\/#website\"},\"primaryImageOfPage\":{\"@id\":\"https:\\\/\\\/kakadoo-stu.de\\\/nuzhno-li-malomu-biznesu-vkladyvatsya-v-reklamu\\\/#primaryimage\"},\"image\":{\"@id\":\"https:\\\/\\\/kakadoo-stu.de\\\/nuzhno-li-malomu-biznesu-vkladyvatsya-v-reklamu\\\/#primaryimage\"},\"thumbnailUrl\":\"https:\\\/\\\/kakadoo-stu.de\\\/wp-content\\\/uploads\\\/2025\\\/12\\\/3.png\",\"datePublished\":\"2026-01-11T17:35:48+00:00\",\"dateModified\":\"2026-01-11T17:37:52+00:00\",\"description\":\"\u0421\u0442\u043e\u0438\u0442 \u043b\u0438 \u043c\u0430\u043b\u043e\u043c\u0443 \u0431\u0438\u0437\u043d\u0435\u0441\u0443 \u0432\u043a\u043b\u0430\u0434\u044b\u0432\u0430\u0442\u044c\u0441\u044f \u0432 \u0440\u0435\u043a\u043b\u0430\u043c\u0443? \u0420\u0430\u0437\u0431\u0438\u0440\u0430\u0435\u043c SEO \u0438 \u0440\u0435\u043a\u043b\u0430\u043c\u0443 \u0441 \u0446\u0438\u0444\u0440\u0430\u043c\u0438 \u0438 \u043f\u0440\u0438\u043c\u0435\u0440\u0430\u043c\u0438: \u0441\u043a\u043e\u043b\u044c\u043a\u043e \u0441\u0442\u043e\u0438\u0442 \u0440\u0435\u043a\u043b\u0430\u043c\u0430, \u043a\u043e\u0433\u0434\u0430 \u0445\u0432\u0430\u0442\u0430\u0435\u0442 SEO, \u0430 \u043a\u043e\u0433\u0434\u0430 \u0431\u0435\u0437 \u0440\u0435\u043a\u043b\u0430\u043c\u044b \u043d\u0435 \u043e\u0431\u043e\u0439\u0442\u0438\u0441\u044c. \u041f\u0440\u0430\u043a\u0442\u0438\u0447\u0435\u0441\u043a\u0438\u0439 \u0433\u0438\u0434 \u043e\u0442 Kakadoo.\",\"breadcrumb\":{\"@id\":\"https:\\\/\\\/kakadoo-stu.de\\\/nuzhno-li-malomu-biznesu-vkladyvatsya-v-reklamu\\\/#breadcrumb\"},\"inLanguage\":\"de\",\"potentialAction\":[{\"@type\":\"ReadAction\",\"target\":[\"https:\\\/\\\/kakadoo-stu.de\\\/nuzhno-li-malomu-biznesu-vkladyvatsya-v-reklamu\\\/\"]}]},{\"@type\":\"ImageObject\",\"inLanguage\":\"de\",\"@id\":\"https:\\\/\\\/kakadoo-stu.de\\\/nuzhno-li-malomu-biznesu-vkladyvatsya-v-reklamu\\\/#primaryimage\",\"url\":\"https:\\\/\\\/kakadoo-stu.de\\\/wp-content\\\/uploads\\\/2025\\\/12\\\/3.png\",\"contentUrl\":\"https:\\\/\\\/kakadoo-stu.de\\\/wp-content\\\/uploads\\\/2025\\\/12\\\/3.png\",\"width\":1080,\"height\":687,\"caption\":\"\u041f\u043e\u0434\u043a\u043b\u044e\u0447\u0435\u043d\u0438\u0435 \u0441\u0430\u0439\u0442\u0430 \u043a \u0445\u043e\u0441\u0442\u0438\u043d\u0433\u0443 \u0438 \u0434\u043e\u043c\u0435\u043d\u0443 \u2014 \u0442\u0435\u0445\u043d\u0438\u0447\u0435\u0441\u043a\u0430\u044f \u043d\u0430\u0441\u0442\u0440\u043e\u0439\u043a\u0430 \u0441\u0430\u0439\u0442\u0430\"},{\"@type\":\"BreadcrumbList\",\"@id\":\"https:\\\/\\\/kakadoo-stu.de\\\/nuzhno-li-malomu-biznesu-vkladyvatsya-v-reklamu\\\/#breadcrumb\",\"itemListElement\":[{\"@type\":\"ListItem\",\"position\":1,\"name\":\"\u0413\u043b\u0430\u0432\u043d\u0430\u044f \u0441\u0442\u0440\u0430\u043d\u0438\u0446\u0430\",\"item\":\"https:\\\/\\\/kakadoo-stu.de\\\/\"},{\"@type\":\"ListItem\",\"position\":2,\"name\":\"\u041d\u0443\u0436\u043d\u043e \u043b\u0438 \u043c\u0430\u043b\u043e\u043c\u0443 \u0431\u0438\u0437\u043d\u0435\u0441\u0443 \u0432\u043a\u043b\u0430\u0434\u044b\u0432\u0430\u0442\u044c\u0441\u044f \u0432 \u0440\u0435\u043a\u043b\u0430\u043c\u0443? \u0420\u0430\u0437\u0431\u043e\u0440 \u0441 \u0446\u0438\u0444\u0440\u0430\u043c\u0438\"}]},{\"@type\":\"WebSite\",\"@id\":\"https:\\\/\\\/kakadoo-stu.de\\\/#website\",\"url\":\"https:\\\/\\\/kakadoo-stu.de\\\/\",\"name\":\"kakadoo\",\"description\":\"\",\"publisher\":{\"@id\":\"https:\\\/\\\/kakadoo-stu.de\\\/#organization\"},\"potentialAction\":[{\"@type\":\"SearchAction\",\"target\":{\"@type\":\"EntryPoint\",\"urlTemplate\":\"https:\\\/\\\/kakadoo-stu.de\\\/?s={search_term_string}\"},\"query-input\":{\"@type\":\"PropertyValueSpecification\",\"valueRequired\":true,\"valueName\":\"search_term_string\"}}],\"inLanguage\":\"de\"},{\"@type\":\"Organization\",\"@id\":\"https:\\\/\\\/kakadoo-stu.de\\\/#organization\",\"name\":\"kakadoo\",\"url\":\"https:\\\/\\\/kakadoo-stu.de\\\/\",\"logo\":{\"@type\":\"ImageObject\",\"inLanguage\":\"de\",\"@id\":\"https:\\\/\\\/kakadoo-stu.de\\\/#\\\/schema\\\/logo\\\/image\\\/\",\"url\":\"https:\\\/\\\/kakadoo-stu.de\\\/wp-content\\\/uploads\\\/2024\\\/10\\\/kakadoo-logo.png\",\"contentUrl\":\"https:\\\/\\\/kakadoo-stu.de\\\/wp-content\\\/uploads\\\/2024\\\/10\\\/kakadoo-logo.png\",\"width\":445,\"height\":115,\"caption\":\"kakadoo\"},\"image\":{\"@id\":\"https:\\\/\\\/kakadoo-stu.de\\\/#\\\/schema\\\/logo\\\/image\\\/\"},\"sameAs\":[\"https:\\\/\\\/www.facebook.com\\\/kakadoostudio\"]}]}<\/script>\n<!-- \/ Yoast SEO plugin. -->","yoast_head_json":{"title":"Brauchen kleine Unternehmen Werbung? SEO oder Werbung - Aufschl\u00fcsselung mit Zahlen | Kakadoo","description":"Sollten kleine Unternehmen in Werbung investieren? SEO und Werbung mit Zahlen und Beispielen: wie viel Werbung kostet, wann SEO ausreicht und wann man auf Werbung nicht verzichten kann. Ein praktischer Leitfaden von Kakadoo.","robots":{"index":"index","follow":"follow","max-snippet":"max-snippet:-1","max-image-preview":"max-image-preview:large","max-video-preview":"max-video-preview:-1"},"canonical":"https:\/\/kakadoo-stu.de\/de\/nuzhno-li-malomu-biznesu-vkladyvatsya-v-reklamu\/","twitter_card":"summary_large_image","twitter_title":"\u041d\u0443\u0436\u043d\u0430 \u043b\u0438 \u0440\u0435\u043a\u043b\u0430\u043c\u0430 \u043c\u0430\u043b\u043e\u043c\u0443 \u0431\u0438\u0437\u043d\u0435\u0441\u0443? SEO \u0438\u043b\u0438 \u0440\u0435\u043a\u043b\u0430\u043c\u0430 \u2014 \u0440\u0430\u0437\u0431\u043e\u0440 \u0441 \u0446\u0438\u0444\u0440\u0430\u043c\u0438 | Kakadoo","twitter_description":"\u0421\u0442\u043e\u0438\u0442 \u043b\u0438 \u043c\u0430\u043b\u043e\u043c\u0443 \u0431\u0438\u0437\u043d\u0435\u0441\u0443 \u0432\u043a\u043b\u0430\u0434\u044b\u0432\u0430\u0442\u044c\u0441\u044f \u0432 \u0440\u0435\u043a\u043b\u0430\u043c\u0443? \u0420\u0430\u0437\u0431\u0438\u0440\u0430\u0435\u043c SEO \u0438 \u0440\u0435\u043a\u043b\u0430\u043c\u0443 \u0441 \u0446\u0438\u0444\u0440\u0430\u043c\u0438 \u0438 \u043f\u0440\u0438\u043c\u0435\u0440\u0430\u043c\u0438: \u0441\u043a\u043e\u043b\u044c\u043a\u043e \u0441\u0442\u043e\u0438\u0442 \u0440\u0435\u043a\u043b\u0430\u043c\u0430, \u043a\u043e\u0433\u0434\u0430 \u0445\u0432\u0430\u0442\u0430\u0435\u0442 SEO, \u0430 \u043a\u043e\u0433\u0434\u0430 \u0431\u0435\u0437 \u0440\u0435\u043a\u043b\u0430\u043c\u044b \u043d\u0435 \u043e\u0431\u043e\u0439\u0442\u0438\u0441\u044c. \u041f\u0440\u0430\u043a\u0442\u0438\u0447\u0435\u0441\u043a\u0438\u0439 \u0433\u0438\u0434 \u043e\u0442 Kakadoo.","twitter_image":"https:\/\/kakadoo-stu.de\/wp-content\/uploads\/2025\/12\/3.png","schema":{"@context":"https:\/\/schema.org","@graph":[{"@type":"WebPage","@id":"https:\/\/kakadoo-stu.de\/nuzhno-li-malomu-biznesu-vkladyvatsya-v-reklamu\/","url":"https:\/\/kakadoo-stu.de\/nuzhno-li-malomu-biznesu-vkladyvatsya-v-reklamu\/","name":"Brauchen kleine Unternehmen Werbung? SEO oder Werbung - Aufschl\u00fcsselung mit Zahlen | Kakadoo","isPartOf":{"@id":"https:\/\/kakadoo-stu.de\/#website"},"primaryImageOfPage":{"@id":"https:\/\/kakadoo-stu.de\/nuzhno-li-malomu-biznesu-vkladyvatsya-v-reklamu\/#primaryimage"},"image":{"@id":"https:\/\/kakadoo-stu.de\/nuzhno-li-malomu-biznesu-vkladyvatsya-v-reklamu\/#primaryimage"},"thumbnailUrl":"https:\/\/kakadoo-stu.de\/wp-content\/uploads\/2025\/12\/3.png","datePublished":"2026-01-11T17:35:48+00:00","dateModified":"2026-01-11T17:37:52+00:00","description":"Sollten kleine Unternehmen in Werbung investieren? SEO und Werbung mit Zahlen und Beispielen: wie viel Werbung kostet, wann SEO ausreicht und wann man auf Werbung nicht verzichten kann. Ein praktischer Leitfaden von Kakadoo.","breadcrumb":{"@id":"https:\/\/kakadoo-stu.de\/nuzhno-li-malomu-biznesu-vkladyvatsya-v-reklamu\/#breadcrumb"},"inLanguage":"de","potentialAction":[{"@type":"ReadAction","target":["https:\/\/kakadoo-stu.de\/nuzhno-li-malomu-biznesu-vkladyvatsya-v-reklamu\/"]}]},{"@type":"ImageObject","inLanguage":"de","@id":"https:\/\/kakadoo-stu.de\/nuzhno-li-malomu-biznesu-vkladyvatsya-v-reklamu\/#primaryimage","url":"https:\/\/kakadoo-stu.de\/wp-content\/uploads\/2025\/12\/3.png","contentUrl":"https:\/\/kakadoo-stu.de\/wp-content\/uploads\/2025\/12\/3.png","width":1080,"height":687,"caption":"\u041f\u043e\u0434\u043a\u043b\u044e\u0447\u0435\u043d\u0438\u0435 \u0441\u0430\u0439\u0442\u0430 \u043a \u0445\u043e\u0441\u0442\u0438\u043d\u0433\u0443 \u0438 \u0434\u043e\u043c\u0435\u043d\u0443 \u2014 \u0442\u0435\u0445\u043d\u0438\u0447\u0435\u0441\u043a\u0430\u044f \u043d\u0430\u0441\u0442\u0440\u043e\u0439\u043a\u0430 \u0441\u0430\u0439\u0442\u0430"},{"@type":"BreadcrumbList","@id":"https:\/\/kakadoo-stu.de\/nuzhno-li-malomu-biznesu-vkladyvatsya-v-reklamu\/#breadcrumb","itemListElement":[{"@type":"ListItem","position":1,"name":"\u0413\u043b\u0430\u0432\u043d\u0430\u044f \u0441\u0442\u0440\u0430\u043d\u0438\u0446\u0430","item":"https:\/\/kakadoo-stu.de\/"},{"@type":"ListItem","position":2,"name":"\u041d\u0443\u0436\u043d\u043e \u043b\u0438 \u043c\u0430\u043b\u043e\u043c\u0443 \u0431\u0438\u0437\u043d\u0435\u0441\u0443 \u0432\u043a\u043b\u0430\u0434\u044b\u0432\u0430\u0442\u044c\u0441\u044f \u0432 \u0440\u0435\u043a\u043b\u0430\u043c\u0443? \u0420\u0430\u0437\u0431\u043e\u0440 \u0441 \u0446\u0438\u0444\u0440\u0430\u043c\u0438"}]},{"@type":"WebSite","@id":"https:\/\/kakadoo-stu.de\/#website","url":"https:\/\/kakadoo-stu.de\/","name":"kakadoo","description":"","publisher":{"@id":"https:\/\/kakadoo-stu.de\/#organization"},"potentialAction":[{"@type":"SearchAction","target":{"@type":"EntryPoint","urlTemplate":"https:\/\/kakadoo-stu.de\/?s={search_term_string}"},"query-input":{"@type":"PropertyValueSpecification","valueRequired":true,"valueName":"search_term_string"}}],"inLanguage":"de"},{"@type":"Organization","@id":"https:\/\/kakadoo-stu.de\/#organization","name":"kakadoo","url":"https:\/\/kakadoo-stu.de\/","logo":{"@type":"ImageObject","inLanguage":"de","@id":"https:\/\/kakadoo-stu.de\/#\/schema\/logo\/image\/","url":"https:\/\/kakadoo-stu.de\/wp-content\/uploads\/2024\/10\/kakadoo-logo.png","contentUrl":"https:\/\/kakadoo-stu.de\/wp-content\/uploads\/2024\/10\/kakadoo-logo.png","width":445,"height":115,"caption":"kakadoo"},"image":{"@id":"https:\/\/kakadoo-stu.de\/#\/schema\/logo\/image\/"},"sameAs":["https:\/\/www.facebook.com\/kakadoostudio"]}]}},"jetpack-related-posts":[],"jetpack_sharing_enabled":true,"jetpack_likes_enabled":true,"_links":{"self":[{"href":"https:\/\/kakadoo-stu.de\/de\/wp-json\/wp\/v2\/pages\/2965","targetHints":{"allow":["GET"]}}],"collection":[{"href":"https:\/\/kakadoo-stu.de\/de\/wp-json\/wp\/v2\/pages"}],"about":[{"href":"https:\/\/kakadoo-stu.de\/de\/wp-json\/wp\/v2\/types\/page"}],"author":[{"embeddable":true,"href":"https:\/\/kakadoo-stu.de\/de\/wp-json\/wp\/v2\/users\/1"}],"replies":[{"embeddable":true,"href":"https:\/\/kakadoo-stu.de\/de\/wp-json\/wp\/v2\/comments?post=2965"}],"version-history":[{"count":2,"href":"https:\/\/kakadoo-stu.de\/de\/wp-json\/wp\/v2\/pages\/2965\/revisions"}],"predecessor-version":[{"id":2968,"href":"https:\/\/kakadoo-stu.de\/de\/wp-json\/wp\/v2\/pages\/2965\/revisions\/2968"}],"wp:featuredmedia":[{"embeddable":true,"href":"https:\/\/kakadoo-stu.de\/de\/wp-json\/wp\/v2\/media\/2951"}],"wp:attachment":[{"href":"https:\/\/kakadoo-stu.de\/de\/wp-json\/wp\/v2\/media?parent=2965"}],"curies":[{"name":"wp","href":"https:\/\/api.w.org\/{rel}","templated":true}]}}