{"id":2858,"date":"2025-12-04T19:40:16","date_gmt":"2025-12-04T16:40:16","guid":{"rendered":"https:\/\/kakadoo-stu.de\/cart\/"},"modified":"2025-12-12T21:42:30","modified_gmt":"2025-12-12T18:42:30","slug":"warenkorb","status":"publish","type":"page","link":"https:\/\/kakadoo-stu.de\/de\/cart\/","title":{"rendered":"Warenkorb"},"content":{"rendered":"<div data-block-name=\"woocommerce\/cart\" class=\"wp-block-woocommerce-cart alignwide is-loading\">\n<div data-block-name=\"woocommerce\/filled-cart-block\" class=\"wp-block-woocommerce-filled-cart-block\">\n<div data-block-name=\"woocommerce\/cart-items-block\" class=\"wp-block-woocommerce-cart-items-block\">\n<div data-block-name=\"woocommerce\/cart-line-items-block\" class=\"wp-block-woocommerce-cart-line-items-block\"><\/div>\n\n\n<\/div>\n\n\n\n\n<div data-block-name=\"woocommerce\/cart-totals-block\" class=\"wp-block-woocommerce-cart-totals-block\">\n<div data-block-name=\"woocommerce\/cart-order-summary-block\" class=\"wp-block-woocommerce-cart-order-summary-block\">\n<div data-block-name=\"woocommerce\/cart-order-summary-heading-block\" class=\"wp-block-woocommerce-cart-order-summary-heading-block\"><\/div><div data-block-name=\"woocommerce\/cart-order-summary-coupon-form-block\" class=\"wp-block-woocommerce-cart-order-summary-coupon-form-block\"><\/div><div data-block-name=\"woocommerce\/cart-order-summary-totals-block\" class=\"wp-block-woocommerce-cart-order-summary-totals-block\">\n<div data-block-name=\"woocommerce\/cart-order-summary-subtotal-block\" class=\"wp-block-woocommerce-cart-order-summary-subtotal-block\"><\/div>\n<div data-block-name=\"woocommerce\/cart-order-summary-discount-block\" class=\"wp-block-woocommerce-cart-order-summary-discount-block\"><\/div>\n<div data-block-name=\"woocommerce\/cart-order-summary-fee-block\" class=\"wp-block-woocommerce-cart-order-summary-fee-block\"><\/div>\n<div data-block-name=\"woocommerce\/cart-order-summary-shipping-block\" class=\"wp-block-woocommerce-cart-order-summary-shipping-block\"><\/div>\n<div data-block-name=\"woocommerce\/cart-order-summary-taxes-block\" class=\"wp-block-woocommerce-cart-order-summary-taxes-block\"><\/div><\/div>\n<\/div>\n\n\n\n<div data-block-name=\"woocommerce-paypal-payments\/cart-paylater-messages\" data-pp-placement=\"cart\" data-pp-style-layout=\"text\" data-pp-style-logo-position=\"left\" data-pp-style-logo-type=\"inline\" data-pp-style-text-color=\"black\" data-pp-style-text-size=\"12\" id=\"ppcp-cart-paylater-messages\" class=\"ppcp-messages\" data-partner-attribution-id=\"Woo_PPCP\"><\/div><div data-block-name=\"woocommerce\/cart-express-payment-block\" class=\"wp-block-woocommerce-cart-express-payment-block\"><\/div>\n\n\n\n<div data-block-name=\"woocommerce\/proceed-to-checkout-block\" class=\"wp-block-woocommerce-proceed-to-checkout-block\"><\/div>\n\n\n\n<div data-block-name=\"woocommerce\/cart-accepted-payment-methods-block\" class=\"wp-block-woocommerce-cart-accepted-payment-methods-block\"><\/div>\n<\/div>\n<\/div>\n\n\n\n<div data-block-name=\"woocommerce\/empty-cart-block\" class=\"wp-block-woocommerce-empty-cart-block\">\n<h2 class=\"wp-block-heading has-text-align-center with-empty-cart-icon wc-block-cart__empty-cart__title\">Ihr Warenkorb ist derzeit leer!<\/h2>\n\n\n\n<hr class=\"wp-block-separator has-alpha-channel-opacity is-style-dots\"\/>\n\n\n\n<h2 class=\"wp-block-heading has-text-align-center\">Neuheit im Shop<\/h2>\n\n\n<div data-block-name=\"woocommerce\/product-new\" data-columns=\"4\" data-rows=\"1\" class=\"wc-block-grid wp-block-product-new wp-block-woocommerce-product-new wc-block-product-new has-4-columns\"><ul class=\"wc-block-grid__products\"><li class=\"wc-block-grid__product\">\n\t\t\t\t<a href=\"https:\/\/kakadoo-stu.de\/de\/product\/gotovyj-sajt-dlya-byuti-salona\/\" class=\"wc-block-grid__product-link\">\n\t\t\t\t\t<div class=\"wc-block-grid__product-onsale\">\n\t\t\t<span aria-hidden=\"true\" data-no-translation=\"\" data-trp-gettext=\"\">Angebot<\/span>\n\t\t\t<span class=\"screen-reader-text\" data-no-translation=\"\" data-trp-gettext=\"\">Produkt im Angebot<\/span>\n\t\t<\/div>\n\t\t\t\t\t<div class=\"wc-block-grid__product-image\"><img fetchpriority=\"high\" decoding=\"async\" width=\"450\" height=\"450\" src=\"https:\/\/kakadoo-stu.de\/wp-content\/uploads\/2026\/02\/Procedure-6-450x450.webp\" class=\"attachment-woocommerce_thumbnail size-woocommerce_thumbnail\" alt=\"Fertige, schl\u00fcsselfertige Website f\u00fcr Sch\u00f6nheitssalon \/ Nagelmeister\" srcset=\"https:\/\/kakadoo-stu.de\/wp-content\/uploads\/2026\/02\/Procedure-6-450x450.webp 450w, https:\/\/kakadoo-stu.de\/wp-content\/uploads\/2026\/02\/Procedure-6-150x150.webp 150w, https:\/\/kakadoo-stu.de\/wp-content\/uploads\/2026\/02\/Procedure-6-100x100.webp 100w\" sizes=\"(max-width: 450px) 100vw, 450px\" \/><\/div>\n\t\t\t\t\t<div class=\"wc-block-grid__product-title\">Fertige, schl\u00fcsselfertige Website f\u00fcr Sch\u00f6nheitssalon \/ Nagelmeister<\/div>\n\t\t\t\t<\/a>\n\t\t\t\t<div class=\"wc-block-grid__product-price price\"><del aria-hidden=\"true\"><span class=\"woocommerce-Price-amount amount\">1.289,00&nbsp;<span class=\"woocommerce-Price-currencySymbol\">\u20ac<\/span><\/span><\/del> <span class=\"screen-reader-text\" data-no-translation=\"\" data-trp-gettext=\"\">Urspr\u00fcnglicher Preis war: 1.289,00&nbsp;&euro;<\/span><ins aria-hidden=\"true\"><span class=\"woocommerce-Price-amount amount\">989,00&nbsp;<span class=\"woocommerce-Price-currencySymbol\">\u20ac<\/span><\/span><\/ins><span class=\"screen-reader-text\" data-no-translation=\"\" data-trp-gettext=\"\">Aktueller Preis ist: 989,00&nbsp;&euro;.<\/span><\/div>\n\t\t\t\t\n\t\t\t\t<div class=\"wp-block-button wc-block-grid__product-add-to-cart\"><a href=\"\/de\/wp-json\/wp\/v2\/pages\/2858?add-to-cart=3018\" aria-label=\"In den Warenkorb legen: \u201e\u0413\u043e\u0442\u043e\u0432\u044b\u0439 \u0441\u0430\u0439\u0442 \u0434\u043b\u044f \u0431\u044c\u044e\u0442\u0438-\u0441\u0430\u043b\u043e\u043d\u0430 \/ nail-\u043c\u0430\u0441\u0442\u0435\u0440\u0430 \u043f\u043e\u0434 \u043a\u043b\u044e\u0447\u201c\" data-quantity=\"1\" data-product_id=\"3018\" data-product_sku=\"\" data-price=\"989\" rel=\"nofollow\" class=\"wp-block-button__link  add_to_cart_button ajax_add_to_cart\" data-no-translation=\"\" data-trp-gettext=\"\" data-no-translation-aria-label=\"\">In den Warenkorb<\/a><\/div>\n\t\t\t<\/li><li class=\"wc-block-grid__product\">\n\t\t\t\t<a href=\"https:\/\/kakadoo-stu.de\/de\/product\/gotovyj-sajt-dlya-kliningovoj-kompanii-v-germanii\/\" class=\"wc-block-grid__product-link\">\n\t\t\t\t\t\n\t\t\t\t\t<div class=\"wc-block-grid__product-image\"><img decoding=\"async\" width=\"450\" height=\"450\" src=\"https:\/\/kakadoo-stu.de\/wp-content\/uploads\/2026\/02\/klining-chto-eto-1-450x450.jpg\" class=\"attachment-woocommerce_thumbnail size-woocommerce_thumbnail\" alt=\"\ud83e\uddf9 Vorgefertigte Website f\u00fcr eine Reinigungsfirma in Deutschland\" srcset=\"https:\/\/kakadoo-stu.de\/wp-content\/uploads\/2026\/02\/klining-chto-eto-1-450x450.jpg 450w, https:\/\/kakadoo-stu.de\/wp-content\/uploads\/2026\/02\/klining-chto-eto-1-150x150.jpg 150w, https:\/\/kakadoo-stu.de\/wp-content\/uploads\/2026\/02\/klining-chto-eto-1-100x100.jpg 100w\" sizes=\"(max-width: 450px) 100vw, 450px\" \/><\/div>\n\t\t\t\t\t<div class=\"wc-block-grid__product-title\">\ud83e\uddf9 Vorgefertigte Website f\u00fcr eine Reinigungsfirma in Deutschland<\/div>\n\t\t\t\t<\/a>\n\t\t\t\t<div class=\"wc-block-grid__product-price price\"><span class=\"woocommerce-Price-amount amount\">589,00&nbsp;<span class=\"woocommerce-Price-currencySymbol\">\u20ac<\/span><\/span><\/div>\n\t\t\t\t\n\t\t\t\t<div class=\"wp-block-button wc-block-grid__product-add-to-cart\"><a href=\"\/de\/wp-json\/wp\/v2\/pages\/2858?add-to-cart=3003\" aria-label=\"In den Warenkorb legen: \u201e\ud83e\uddf9 \u0413\u043e\u0442\u043e\u0432\u044b\u0439 \u0441\u0430\u0439\u0442 \u0434\u043b\u044f \u043a\u043b\u0438\u043d\u0438\u043d\u0433\u043e\u0432\u043e\u0439 \u043a\u043e\u043c\u043f\u0430\u043d\u0438\u0438 \u0432 \u0413\u0435\u0440\u043c\u0430\u043d\u0438\u0438\u201c\" data-quantity=\"1\" data-product_id=\"3003\" data-product_sku=\"\" data-price=\"589\" rel=\"nofollow\" class=\"wp-block-button__link  add_to_cart_button ajax_add_to_cart\" data-no-translation=\"\" data-trp-gettext=\"\" data-no-translation-aria-label=\"\">In den Warenkorb<\/a><\/div>\n\t\t\t<\/li><li class=\"wc-block-grid__product\">\n\t\t\t\t<a href=\"https:\/\/kakadoo-stu.de\/de\/product\/kupit-gotovyj-sajt-dlya-mastera-po-domu\/\" class=\"wc-block-grid__product-link\">\n\t\t\t\t\t\n\t\t\t\t\t<div class=\"wc-block-grid__product-image\"><img decoding=\"async\" width=\"400\" height=\"400\" src=\"https:\/\/kakadoo-stu.de\/wp-content\/uploads\/2025\/12\/image-01.webp\" class=\"attachment-woocommerce_thumbnail size-woocommerce_thumbnail\" alt=\"\ud83c\udfe0 Fertige Website f\u00fcr Handwerker \/ Handwerker-Service\" srcset=\"https:\/\/kakadoo-stu.de\/wp-content\/uploads\/2025\/12\/image-01.webp 400w, https:\/\/kakadoo-stu.de\/wp-content\/uploads\/2025\/12\/image-01-300x300.webp 300w, https:\/\/kakadoo-stu.de\/wp-content\/uploads\/2025\/12\/image-01-150x150.webp 150w, https:\/\/kakadoo-stu.de\/wp-content\/uploads\/2025\/12\/image-01-12x12.webp 12w, https:\/\/kakadoo-stu.de\/wp-content\/uploads\/2025\/12\/image-01-100x100.webp 100w\" sizes=\"(max-width: 400px) 100vw, 400px\" \/><\/div>\n\t\t\t\t\t<div class=\"wc-block-grid__product-title\">\ud83c\udfe0 Fertige Website f\u00fcr Handwerker \/ Handwerker-Service<\/div>\n\t\t\t\t<\/a>\n\t\t\t\t<div class=\"wc-block-grid__product-price price\"><span class=\"woocommerce-Price-amount amount\">589,00&nbsp;<span class=\"woocommerce-Price-currencySymbol\">\u20ac<\/span><\/span><\/div>\n\t\t\t\t\n\t\t\t\t<div class=\"wp-block-button wc-block-grid__product-add-to-cart\"><a href=\"\/de\/wp-json\/wp\/v2\/pages\/2858?add-to-cart=2947\" aria-label=\"In den Warenkorb legen: \u201e\ud83c\udfe0 \u0413\u043e\u0442\u043e\u0432\u044b\u0439 \u0441\u0430\u0439\u0442 \u0434\u043b\u044f \u043c\u0430\u0441\u0442\u0435\u0440\u0430 \u043f\u043e \u0434\u043e\u043c\u0443 \/ Handwerker-Service\u201c\" data-quantity=\"1\" data-product_id=\"2947\" data-product_sku=\"\" data-price=\"589\" rel=\"nofollow\" class=\"wp-block-button__link  add_to_cart_button ajax_add_to_cart\" data-no-translation=\"\" data-trp-gettext=\"\" data-no-translation-aria-label=\"\">In den Warenkorb<\/a><\/div>\n\t\t\t<\/li><li class=\"wc-block-grid__product\">\n\t\t\t\t<a href=\"https:\/\/kakadoo-stu.de\/de\/product\/zamena-kontenta-na-gotovom-sajte\/\" class=\"wc-block-grid__product-link\">\n\t\t\t\t\t\n\t\t\t\t\t<div class=\"wc-block-grid__product-image\"><img loading=\"lazy\" decoding=\"async\" width=\"450\" height=\"450\" src=\"https:\/\/kakadoo-stu.de\/wp-content\/uploads\/2025\/12\/\u0442\u043e\u0432\u0430\u04402-450x450.png\" class=\"attachment-woocommerce_thumbnail size-woocommerce_thumbnail\" alt=\"Ersetzen von Inhalten auf der fertigen Website f\u00fcr den Kunden \u2013 Texte und Bilder\" srcset=\"https:\/\/kakadoo-stu.de\/wp-content\/uploads\/2025\/12\/\u0442\u043e\u0432\u0430\u04402-450x450.png 450w, https:\/\/kakadoo-stu.de\/wp-content\/uploads\/2025\/12\/\u0442\u043e\u0432\u0430\u04402-150x150.png 150w, https:\/\/kakadoo-stu.de\/wp-content\/uploads\/2025\/12\/\u0442\u043e\u0432\u0430\u04402-13x12.png 13w, https:\/\/kakadoo-stu.de\/wp-content\/uploads\/2025\/12\/\u0442\u043e\u0432\u0430\u04402-100x100.png 100w\" sizes=\"(max-width: 450px) 100vw, 450px\" \/><\/div>\n\t\t\t\t\t<div class=\"wc-block-grid__product-title\">Ersetzen von Inhalten auf einer fertigen Website f\u00fcr einen Gesch\u00e4ftskunden<\/div>\n\t\t\t\t<\/a>\n\t\t\t\t<div class=\"wc-block-grid__product-price price\"><span class=\"woocommerce-Price-amount amount\">50,00&nbsp;<span class=\"woocommerce-Price-currencySymbol\">\u20ac<\/span><\/span><\/div>\n\t\t\t\t\n\t\t\t\t<div class=\"wp-block-button wc-block-grid__product-add-to-cart\"><a href=\"\/de\/wp-json\/wp\/v2\/pages\/2858?add-to-cart=2936\" aria-label=\"In den Warenkorb legen: \u201e\u0417\u0430\u043c\u0435\u043d\u0430 \u043a\u043e\u043d\u0442\u0435\u043d\u0442\u0430 \u043d\u0430 \u0433\u043e\u0442\u043e\u0432\u043e\u043c \u0441\u0430\u0439\u0442\u0435 \u043f\u043e\u0434 \u0431\u0438\u0437\u043d\u0435\u0441 \u043a\u043b\u0438\u0435\u043d\u0442\u0430\u201c\" data-quantity=\"1\" data-product_id=\"2936\" data-product_sku=\"\" data-price=\"50\" rel=\"nofollow\" class=\"wp-block-button__link  add_to_cart_button ajax_add_to_cart\" data-no-translation=\"\" data-trp-gettext=\"\" data-no-translation-aria-label=\"\">In den Warenkorb<\/a><\/div>\n\t\t\t<\/li><\/ul><\/div><\/div>\n<\/div>","protected":false},"excerpt":{"rendered":"","protected":false},"author":1,"featured_media":0,"parent":0,"menu_order":0,"comment_status":"closed","ping_status":"closed","template":"","meta":{"footnotes":""},"class_list":["post-2858","page","type-page","status-publish","hentry"],"yoast_head":"<!-- This site is optimized with the Yoast SEO plugin v27.5 - https:\/\/yoast.com\/product\/yoast-seo-wordpress\/ -->\n<title>\u041a\u043e\u0448\u0438\u043a - Web \u0441\u0442\u0443\u0434\u0438\u044f Kakadoo<\/title>\n<meta name=\"robots\" content=\"index, follow, max-snippet:-1, max-image-preview:large, max-video-preview:-1\" \/>\n<link rel=\"canonical\" href=\"https:\/\/kakadoo-stu.de\/de\/warenkorb\/\" \/>\n<meta name=\"twitter:card\" content=\"summary_large_image\" \/>\n<meta name=\"twitter:title\" content=\"\u041a\u043e\u0448\u0438\u043a - Web \u0441\u0442\u0443\u0434\u0438\u044f Kakadoo\" \/>\n<script type=\"application\/ld+json\" class=\"yoast-schema-graph\">{\"@context\":\"https:\\\/\\\/schema.org\",\"@graph\":[{\"@type\":\"WebPage\",\"@id\":\"https:\\\/\\\/kakadoo-stu.de\\\/cart\\\/\",\"url\":\"https:\\\/\\\/kakadoo-stu.de\\\/cart\\\/\",\"name\":\"\u041a\u043e\u0448\u0438\u043a - Web \u0441\u0442\u0443\u0434\u0438\u044f Kakadoo\",\"isPartOf\":{\"@id\":\"https:\\\/\\\/kakadoo-stu.de\\\/#website\"},\"datePublished\":\"2025-12-04T16:40:16+00:00\",\"dateModified\":\"2025-12-12T18:42:30+00:00\",\"breadcrumb\":{\"@id\":\"https:\\\/\\\/kakadoo-stu.de\\\/cart\\\/#breadcrumb\"},\"inLanguage\":\"de\",\"potentialAction\":[{\"@type\":\"ReadAction\",\"target\":[\"https:\\\/\\\/kakadoo-stu.de\\\/cart\\\/\"]}]},{\"@type\":\"BreadcrumbList\",\"@id\":\"https:\\\/\\\/kakadoo-stu.de\\\/cart\\\/#breadcrumb\",\"itemListElement\":[{\"@type\":\"ListItem\",\"position\":1,\"name\":\"\u0413\u043b\u0430\u0432\u043d\u0430\u044f \u0441\u0442\u0440\u0430\u043d\u0438\u0446\u0430\",\"item\":\"https:\\\/\\\/kakadoo-stu.de\\\/\"},{\"@type\":\"ListItem\",\"position\":2,\"name\":\"\u041a\u043e\u0448\u0438\u043a\"}]},{\"@type\":\"WebSite\",\"@id\":\"https:\\\/\\\/kakadoo-stu.de\\\/#website\",\"url\":\"https:\\\/\\\/kakadoo-stu.de\\\/\",\"name\":\"kakadoo\",\"description\":\"\",\"publisher\":{\"@id\":\"https:\\\/\\\/kakadoo-stu.de\\\/#organization\"},\"potentialAction\":[{\"@type\":\"SearchAction\",\"target\":{\"@type\":\"EntryPoint\",\"urlTemplate\":\"https:\\\/\\\/kakadoo-stu.de\\\/?s={search_term_string}\"},\"query-input\":{\"@type\":\"PropertyValueSpecification\",\"valueRequired\":true,\"valueName\":\"search_term_string\"}}],\"inLanguage\":\"de\"},{\"@type\":\"Organization\",\"@id\":\"https:\\\/\\\/kakadoo-stu.de\\\/#organization\",\"name\":\"kakadoo\",\"url\":\"https:\\\/\\\/kakadoo-stu.de\\\/\",\"logo\":{\"@type\":\"ImageObject\",\"inLanguage\":\"de\",\"@id\":\"https:\\\/\\\/kakadoo-stu.de\\\/#\\\/schema\\\/logo\\\/image\\\/\",\"url\":\"https:\\\/\\\/kakadoo-stu.de\\\/wp-content\\\/uploads\\\/2024\\\/10\\\/kakadoo-logo.png\",\"contentUrl\":\"https:\\\/\\\/kakadoo-stu.de\\\/wp-content\\\/uploads\\\/2024\\\/10\\\/kakadoo-logo.png\",\"width\":445,\"height\":115,\"caption\":\"kakadoo\"},\"image\":{\"@id\":\"https:\\\/\\\/kakadoo-stu.de\\\/#\\\/schema\\\/logo\\\/image\\\/\"},\"sameAs\":[\"https:\\\/\\\/www.facebook.com\\\/kakadoostudio\"]}]}<\/script>\n<!-- \/ Yoast SEO plugin. -->","yoast_head_json":{"title":"Warenkorb \u2013 Webstudio Kakadoo","robots":{"index":"index","follow":"follow","max-snippet":"max-snippet:-1","max-image-preview":"max-image-preview:large","max-video-preview":"max-video-preview:-1"},"canonical":"https:\/\/kakadoo-stu.de\/de\/warenkorb\/","twitter_card":"summary_large_image","twitter_title":"\u041a\u043e\u0448\u0438\u043a - Web \u0441\u0442\u0443\u0434\u0438\u044f Kakadoo","schema":{"@context":"https:\/\/schema.org","@graph":[{"@type":"WebPage","@id":"https:\/\/kakadoo-stu.de\/cart\/","url":"https:\/\/kakadoo-stu.de\/cart\/","name":"Warenkorb \u2013 Webstudio Kakadoo","isPartOf":{"@id":"https:\/\/kakadoo-stu.de\/#website"},"datePublished":"2025-12-04T16:40:16+00:00","dateModified":"2025-12-12T18:42:30+00:00","breadcrumb":{"@id":"https:\/\/kakadoo-stu.de\/cart\/#breadcrumb"},"inLanguage":"de","potentialAction":[{"@type":"ReadAction","target":["https:\/\/kakadoo-stu.de\/cart\/"]}]},{"@type":"BreadcrumbList","@id":"https:\/\/kakadoo-stu.de\/cart\/#breadcrumb","itemListElement":[{"@type":"ListItem","position":1,"name":"\u0413\u043b\u0430\u0432\u043d\u0430\u044f \u0441\u0442\u0440\u0430\u043d\u0438\u0446\u0430","item":"https:\/\/kakadoo-stu.de\/"},{"@type":"ListItem","position":2,"name":"\u041a\u043e\u0448\u0438\u043a"}]},{"@type":"WebSite","@id":"https:\/\/kakadoo-stu.de\/#website","url":"https:\/\/kakadoo-stu.de\/","name":"kakadoo","description":"","publisher":{"@id":"https:\/\/kakadoo-stu.de\/#organization"},"potentialAction":[{"@type":"SearchAction","target":{"@type":"EntryPoint","urlTemplate":"https:\/\/kakadoo-stu.de\/?s={search_term_string}"},"query-input":{"@type":"PropertyValueSpecification","valueRequired":true,"valueName":"search_term_string"}}],"inLanguage":"de"},{"@type":"Organization","@id":"https:\/\/kakadoo-stu.de\/#organization","name":"kakadoo","url":"https:\/\/kakadoo-stu.de\/","logo":{"@type":"ImageObject","inLanguage":"de","@id":"https:\/\/kakadoo-stu.de\/#\/schema\/logo\/image\/","url":"https:\/\/kakadoo-stu.de\/wp-content\/uploads\/2024\/10\/kakadoo-logo.png","contentUrl":"https:\/\/kakadoo-stu.de\/wp-content\/uploads\/2024\/10\/kakadoo-logo.png","width":445,"height":115,"caption":"kakadoo"},"image":{"@id":"https:\/\/kakadoo-stu.de\/#\/schema\/logo\/image\/"},"sameAs":["https:\/\/www.facebook.com\/kakadoostudio"]}]}},"jetpack-related-posts":[],"jetpack_sharing_enabled":true,"jetpack_likes_enabled":true,"_links":{"self":[{"href":"https:\/\/kakadoo-stu.de\/de\/wp-json\/wp\/v2\/pages\/2858","targetHints":{"allow":["GET"]}}],"collection":[{"href":"https:\/\/kakadoo-stu.de\/de\/wp-json\/wp\/v2\/pages"}],"about":[{"href":"https:\/\/kakadoo-stu.de\/de\/wp-json\/wp\/v2\/types\/page"}],"author":[{"embeddable":true,"href":"https:\/\/kakadoo-stu.de\/de\/wp-json\/wp\/v2\/users\/1"}],"replies":[{"embeddable":true,"href":"https:\/\/kakadoo-stu.de\/de\/wp-json\/wp\/v2\/comments?post=2858"}],"version-history":[{"count":1,"href":"https:\/\/kakadoo-stu.de\/de\/wp-json\/wp\/v2\/pages\/2858\/revisions"}],"predecessor-version":[{"id":2937,"href":"https:\/\/kakadoo-stu.de\/de\/wp-json\/wp\/v2\/pages\/2858\/revisions\/2937"}],"wp:attachment":[{"href":"https:\/\/kakadoo-stu.de\/de\/wp-json\/wp\/v2\/media?parent=2858"}],"curies":[{"name":"wp","href":"https:\/\/api.w.org\/{rel}","templated":true}]}}